{"id":813,"date":"2023-02-15T16:12:10","date_gmt":"2023-02-15T20:12:10","guid":{"rendered":"https:\/\/canadatelecoms.ca\/notre-industrie\/"},"modified":"2026-01-06T16:44:45","modified_gmt":"2026-01-06T20:44:45","slug":"notre-industrie","status":"publish","type":"page","link":"https:\/\/canadatelecoms.ca\/fr\/notre-industrie\/","title":{"rendered":"Notre industrie"},"content":{"rendered":"<section id=\"columns-image-content-block_ae269c192f4586ab3437196f657a9b86\" class=\"columns-image-content_block is-style-light\">\n\t<div class=\"container pt-0 pb-8\">\t\t\t\t\n\t\t<div class=\"row align-items-center flex-column-reverse flex-lg-row \">\n\t\t\t<div class=\"col-12 col-lg-6 load-hidden fadein_up pe-xl-5\">\n\t\t\t\t<div class=\"acf-innerblocks-container\">\n\n<h1 class=\"wp-block-heading\">Notre industrie<\/h1>\n\n\n\n<p class=\"is-style-lg\">Fournir les services de t\u00e9l\u00e9communications de calibre mondial sur lesquels les Canadiens comptent pour entretenir des liens entre eux, acc\u00e9der \u00e0 l\u2019information et aux services essentiels, et participer \u00e0 l\u2019\u00e9conomie num\u00e9rique.<\/p>\n\n<\/div>\t\t\t\t\n\t\t\t<\/div>\n\t\t\t<div class=\"col-12 col-lg-6 ps-xl-5 mb-5 mb-lg-0 ps-xl-5   text-lg-end \">\n\t\t\t\t\t\t\t\t\t\t<img decoding=\"async\" class=\"content-image load-hidden fadein_up\" src=\"https:\/\/canadatelecoms.ca\/wp-content\/uploads\/2023\/02\/banner-industry.png\" alt=\"\" \/>\n\t\t\t\t\t\t\t\t\t\t\t\t\t\t\t\t\t\t\t\n\t\t\t<\/div>\n\t\t<\/div>\n\t<\/div>\n<\/section>\n\n<section id=\"columns-image-content-block_cfd22e467a8d64b0f328c3d2e3cca548\" class=\"columns-image-content_block\">\n\t<div class=\"container pt-0 pb-8\">\t\t\t\t\n\t\t<div class=\"row align-items-center flex-column-reverse flex-lg-row-reverse \">\n\t\t\t<div class=\"col-12 col-lg-6 load-hidden fadein_up ps-xl-5\">\n\t\t\t\t<div class=\"acf-innerblocks-container\">\n\n<h2 class=\"wp-block-heading\">Faire le lien entre les Canadiens<\/h2>\n\n\n\n<p>La connectivit\u00e9 a compl\u00e8tement chang\u00e9 nos fa\u00e7ons de vivre, de travailler et de nous divertir. Que ce soit par l\u2019interm\u00e9diaire d\u2019Internet haute vitesse ou des services mobiles sans fil, les Canadiens peuvent plus que jamais interagir de multiples fa\u00e7ons les uns avec les autres. Gr\u00e2ce aux investissements de nos membres sur de nombreuses ann\u00e9es dans la construction de r\u00e9seaux, la plupart des foyers canadiens ont acc\u00e8s \u00e0 des services Internet et sans-fil mobiles de calibre mondial. <\/p>\n\n\n\n<p>Mais notre travail n\u2019est pas termin\u00e9. Gr\u00e2ce \u00e0 des investissements directs et \u00e0 des partenariats avec diff\u00e9rents ordres de gouvernement, notre industrie continue d\u2019\u00e9tendre l\u2019infrastructure de r\u00e9seaux aux communaut\u00e9s mal desservies et d\u2019am\u00e9liorer les r\u00e9seaux existants en adoptant les technologies les plus avanc\u00e9es. <\/p>\n\n\n\n<p>Bien que l\u2019expansion de la couverture \u00e0 tous les Canadiens demeure une priorit\u00e9, il est tout aussi important de s\u2019assurer que ceux qui veulent utiliser les services de t\u00e9l\u00e9communications puissent le faire. Notre industrie s\u2019est engag\u00e9e \u00e0 \u00e9liminer les obstacles qui nuisent \u00e0 l\u2019acc\u00e8s et a lanc\u00e9 des programmes et d\u2019autres initiatives pour aider les Canadiens \u00e0 se connecter.<\/p>\n\n\n\n<div class=\"wp-block-buttons is-layout-flex wp-block-buttons-is-layout-flex\">\n<div class=\"wp-block-button is-style-btn-link\"><a class=\"wp-block-button__link wp-element-button\" href=\"https:\/\/canadatelecoms.ca\/fr\/nos-priorites\/connecter-les-canadiens\/\">Priorit\u00e9s \u2013 Connecter les Canadiens<\/a><\/div>\n<\/div>\n\n<\/div>\t\t\t\t\n\t\t\t<\/div>\n\t\t\t<div class=\"col-12 col-lg-6 ps-xl-5 mb-5 mb-lg-0 pe-xl-5 text-lg-center \">\n\t\t\t\t\t\t\t\t\t\t<img decoding=\"async\" class=\"content-image load-hidden fadein_up\" src=\"https:\/\/canadatelecoms.ca\/wp-content\/uploads\/2023\/02\/img-industry-intro.png\" alt=\"\" \/>\n\t\t\t\t\t\t\t\t\t\t\t\t\t\t\t\t\t\t\t\n\t\t\t<\/div>\n\t\t<\/div>\n\t<\/div>\n<\/section>\n\n<section id=\"stat-block-block_199f7de638e504be79a8b61f58f63022\" class=\"stat-block_block is-style-purple pt-0 pb-0\">\n\t<div class=\"inner-bg\">\n\t\t<div class=\"container py-6\">\t\t\t\t\n\t\t\t<div class=\"row align-items-center flex-column flex-lg-row \">\n\t\t\t\t<div class=\"col-12 col-lg-6  mb-6 mb-lg-0  fadein_up\">\n\t\t\t\t\t<div class=\"acf-innerblocks-container\">\n\n<h2 class=\"wp-block-heading\">R\u00e9seaux de calibre mondial<\/h2>\n\n\n\n<p class=\"has-light-gray-color has-text-color\">Gr\u00e2ce aux investissements du secteur priv\u00e9, notre industrie a pu \u00e9tendre l\u2019infrastructure de t\u00e9l\u00e9communication \u00e0 une large partie du territoire canadien. Ces investissements ont \u00e9galement permis d\u2019offrir des services fiables et de haute qualit\u00e9, les r\u00e9seaux filaires et sans fil du Canada se classant r\u00e9guli\u00e8rement parmi les plus efficaces sur la sc\u00e8ne mondiale.<\/p>\n\n<\/div>\t\t\t\t\t\n\t\t\t\t<\/div>\n\t\t\t\t<div class=\"col-12 col-lg-6 ps-xl-5\">\n\t\t\t\t\t<div class=\"stats d-flex flex-wrap\">\n\t\t\t\t\t\t\t\t\t\t\t\t\t<div class=\"stat fadein_up my-2 my-lg-3\">\n\t\t\t\t\t\t\t\t<h4 class=\"h1 mb-2\">N<sup>o<\/sup> 1<\/h4>\n\t\t\t\t\t\t\t\t<p class=\"lg text-orange mb-1\">parmi les pays du G20<\/p>\n\t\t\t\t\t\t\t\t<p class=\"text-lightgray\">pour la qualit\u00e9 des r\u00e9seaux mobiles<\/p>\n\t\t\t\t\t\t\t<\/div>\n\t\t\t\t\t\t\t\t\t\t\t\t\t<div class=\"stat fadein_up my-2 my-lg-3\">\n\t\t\t\t\t\t\t\t<h4 class=\"h1 mb-2\">99,5 %<\/h4>\n\t\t\t\t\t\t\t\t<p class=\"lg text-orange mb-1\"><\/p>\n\t\t\t\t\t\t\t\t<p class=\"text-lightgray\">des Canadiens ont une couverture mobile LTE (2024)<\/p>\n\t\t\t\t\t\t\t<\/div>\n\t\t\t\t\t\t\t\t\t\t\t\t\t<div class=\"stat fadein_up my-2 my-lg-3\">\n\t\t\t\t\t\t\t\t<h4 class=\"h1 mb-2\">96,4 %<\/h4>\n\t\t\t\t\t\t\t\t<p class=\"lg text-orange mb-1\"><\/p>\n\t\t\t\t\t\t\t\t<p class=\"text-lightgray\">des m\u00e9nages ont une connexion Internet large bande de 50\/10 Mbps avec donn\u00e9es illimit\u00e9es (2024)<\/p>\n\t\t\t\t\t\t\t<\/div>\n\t\t\t\t\t\t\t\t\t\t\t\t\t<div class=\"stat fadein_up my-2 my-lg-3\">\n\t\t\t\t\t\t\t\t<h4 class=\"h1 mb-2\">Plus de 82&nbsp;%<\/h4>\n\t\t\t\t\t\t\t\t<p class=\"lg text-orange mb-1\"><\/p>\n\t\t\t\t\t\t\t\t<p class=\"text-lightgray\">hausse de nombres des m\u00e9nages en r\u00e9gions rurales ayant une connexion Internet large bande de 50\/10 Mbps avec donn\u00e9es illimit\u00e9es (2019-2024)<\/p>\n\t\t\t\t\t\t\t<\/div>\n\t\t\t\t\t\t\t\t\t\t\t<\/div>\n\t\t\t\t\t\n\t\t\t\t<\/div>\n\t\t\t<\/div>\n\t\t<\/div>\n\t<\/div>\t\n<\/section>\n\n<section id=\"section-block-block_010d4dbb450b64818d1001fd7c3093a2\" class=\"section-block_block\">\n<div class=\"container pt-8 pb-5\">\t\t\t\t\n\t\t<div class=\"row\">\n\t\t\t<div class=\"col-12\">\n\t\t\t\t<div class=\"acf-innerblocks-container\">\n\n<h3 class=\"wp-block-heading has-text-align-center\">Moteur de l\u2019\u00e9conomie<\/h3>\n\n\n\n<p class=\"has-text-align-center px-lg-8 has-dark-gray-color has-text-color\">Le secteur des t\u00e9l\u00e9communications contribue consid\u00e9rablement \u00e0 l\u2019\u00e9conomie canadienne, \u00e0 la fois directement et indirectement en stimulant la productivit\u00e9 d\u2019autres secteurs.<\/p>\n\n\n\n<div style=\"height:48px\" aria-hidden=\"true\" class=\"wp-block-spacer\"><\/div>\n\n\n\n<div class=\"wp-block-columns is-layout-flex wp-container-core-columns-is-layout-9d6595d7 wp-block-columns-is-layout-flex\">\n<div class=\"wp-block-column is-layout-flow wp-block-column-is-layout-flow\">\n<p>La contribution directe au PIB et les emplois soutenus par le secteur des t\u00e9l\u00e9communications en 2024 sont estim\u00e9s \u00e0 plus de 87 milliards de dollars et \u00e0 plus de 661 000 postes;<\/p>\n<\/div>\n\n\n\n<div class=\"wp-block-column is-layout-flow wp-block-column-is-layout-flow\">\n<p>Au cours des derni\u00e8res ann\u00e9es, le secteur des t\u00e9l\u00e9communications au Canada a consacr\u00e9 plus de 11 milliards de dollars par an en d\u00e9penses d\u2019investissement. Rien qu\u2019en 2023, le secteur a consacr\u00e9 11,4 milliards de dollars en d\u00e9penses d\u2019investissement;<\/p>\n<\/div>\n\n\n\n<div class=\"wp-block-column is-layout-flow wp-block-column-is-layout-flow\">\n<p>En pourcentage des recettes annuelles du secteur (intensit\u00e9 capitalistique), le secteur canadien des t\u00e9l\u00e9communications a consacr\u00e9 18 % de ses investissements \u00e0 ses r\u00e9seaux, ce qui est nettement sup\u00e9rieur que les pays comparables du G7 et de l\u2019Australie, o\u00f9 l\u2019intensit\u00e9 capitalistique moyenne est d\u2019environ 14 %.<\/p>\n<\/div>\n<\/div>\n\n\n\n<div class=\"wp-block-buttons is-content-justification-center is-layout-flex wp-container-core-buttons-is-layout-16018d1d wp-block-buttons-is-layout-flex\">\n<div class=\"wp-block-button is-style-btn-link\"><a class=\"wp-block-button__link wp-element-button\" href=\"https:\/\/canadatelecoms.ca\/wp-content\/uploads\/2025\/06\/Favoriser-lindependance-economique-et-la-competitivite-mondiale-du-Canada-grace-aux-telecommunications.pdf\" target=\"_blank\" rel=\"noreferrer noopener\">Rapport \u00e9conomique 2024<\/a><\/div>\n<\/div>\n\n<\/div>\n\t\t\t<\/div>\n\t\t<\/div>\n\t<\/div>\n<\/section>\n\n<section id=\"section-block-block_d47e97ec158059cd36b86a32ad4bdfc9\" class=\"section-block_block\">\n<div class=\"container pt-0 pb-8\">\t\t\t\t\n\t\t<div class=\"row\">\n\t\t\t<div class=\"col-12\">\n\t\t\t\t<div class=\"acf-innerblocks-container\">\n\n<div class=\"wp-block-columns is-layout-flex wp-container-core-columns-is-layout-9d6595d7 wp-block-columns-is-layout-flex\">\n<div class=\"wp-block-column is-layout-flow wp-block-column-is-layout-flow\">\n<figure class=\"wp-block-image size-large\"><img loading=\"lazy\" decoding=\"async\" width=\"1024\" height=\"520\" src=\"https:\/\/canadatelecoms.ca\/wp-content\/uploads\/2023\/02\/img-industry-misc-strengthening-communities-1024x520.jpg\" alt=\"\" class=\"wp-image-165\" srcset=\"https:\/\/canadatelecoms.ca\/wp-content\/uploads\/2023\/02\/img-industry-misc-strengthening-communities-1024x520.jpg 1024w, https:\/\/canadatelecoms.ca\/wp-content\/uploads\/2023\/02\/img-industry-misc-strengthening-communities-300x152.jpg 300w, https:\/\/canadatelecoms.ca\/wp-content\/uploads\/2023\/02\/img-industry-misc-strengthening-communities-768x390.jpg 768w, https:\/\/canadatelecoms.ca\/wp-content\/uploads\/2023\/02\/img-industry-misc-strengthening-communities.jpg 1260w\" sizes=\"auto, (max-width: 1024px) 100vw, 1024px\" \/><\/figure>\n\n\n\n<h4 class=\"wp-block-heading\">Souder les communaut\u00e9s<\/h4>\n\n\n\n<p>En plus de renforcer la coh\u00e9sion des communaut\u00e9s en \u00e9tendant les services de connectivit\u00e9, nos membres ont \u00e0 c\u0153ur de renforcer le tissu social du Canada par le biais de plusieurs programmes nationaux et locaux dont des programmes de dons, de partenariat ou visant \u00e0 am\u00e9liorer la vie des Canadiens.<\/p>\n\n\n\n<div class=\"wp-block-buttons is-layout-flex wp-block-buttons-is-layout-flex\">\n<div class=\"wp-block-button is-style-btn-link\"><a class=\"wp-block-button__link wp-element-button\" href=\"https:\/\/canadatelecoms.ca\/fr\/nos-priorites\/souder-les-communautes\/\">Priorit\u00e9s \u2013 souder les communaut\u00e9s<\/a><\/div>\n<\/div>\n<\/div>\n\n\n\n<div class=\"wp-block-column is-layout-flow wp-block-column-is-layout-flow\">\n<figure class=\"wp-block-image size-large\"><img loading=\"lazy\" decoding=\"async\" width=\"1024\" height=\"520\" src=\"https:\/\/canadatelecoms.ca\/wp-content\/uploads\/2023\/02\/img-industry-misc-environment-1024x520.jpg\" alt=\"\" class=\"wp-image-166\" srcset=\"https:\/\/canadatelecoms.ca\/wp-content\/uploads\/2023\/02\/img-industry-misc-environment-1024x520.jpg 1024w, https:\/\/canadatelecoms.ca\/wp-content\/uploads\/2023\/02\/img-industry-misc-environment-300x152.jpg 300w, https:\/\/canadatelecoms.ca\/wp-content\/uploads\/2023\/02\/img-industry-misc-environment-768x390.jpg 768w, https:\/\/canadatelecoms.ca\/wp-content\/uploads\/2023\/02\/img-industry-misc-environment.jpg 1260w\" sizes=\"auto, (max-width: 1024px) 100vw, 1024px\" \/><\/figure>\n\n\n\n<h4 class=\"wp-block-heading\">\u00c9coresponsabilit\u00e9<\/h4>\n\n\n\n<p>Le secteur des t\u00e9l\u00e9communications joue un r\u00f4le actif dans la protection de l\u2019environnement. Nos membres ont en effet \u00e9tabli des objectifs et d\u00e9ploy\u00e9 des mesures pour r\u00e9duire leurs \u00e9missions de gaz \u00e0 effet de serre et r\u00e9duire la production de d\u00e9chets \u00e0 la source. En outre, en investissant dans l\u2019innovation et le rendement des r\u00e9seaux, notre industrie facilite l\u2019adoption de technologies num\u00e9riques qui aideront d\u2019autres secteurs industriels \u00e0 r\u00e9duire leur empreinte \u00e9cologique. <\/p>\n\n\n\n<div class=\"wp-block-buttons is-layout-flex wp-block-buttons-is-layout-flex\">\n<div class=\"wp-block-button is-style-btn-link\"><a class=\"wp-block-button__link wp-element-button\" href=\"https:\/\/canadatelecoms.ca\/fr\/nos-priorites\/ecoresponsabilite\/\">Priorit\u00e9s \u2013 \u00e9coresponsabilit\u00e9<\/a><\/div>\n<\/div>\n<\/div>\n<\/div>\n\n<\/div>\n\t\t\t<\/div>\n\t\t<\/div>\n\t<\/div>\n<\/section>\n\n\n<div class=\"wp-block-columns are-vertically-aligned-center bg-gray-gradient content-max-width is-layout-flex wp-container-core-columns-is-layout-9d6595d7 wp-block-columns-is-layout-flex\">\n<div class=\"wp-block-column is-vertically-aligned-center is-layout-flow wp-block-column-is-layout-flow\" style=\"flex-basis:40%\">\n<figure class=\"wp-block-image aligncenter size-full mb-0\"><img loading=\"lazy\" decoding=\"async\" width=\"820\" height=\"728\" src=\"https:\/\/canadatelecoms.ca\/wp-content\/uploads\/2023\/02\/img-industry-cta-kc.jpg\" alt=\"\" class=\"wp-image-170\" srcset=\"https:\/\/canadatelecoms.ca\/wp-content\/uploads\/2023\/02\/img-industry-cta-kc.jpg 820w, https:\/\/canadatelecoms.ca\/wp-content\/uploads\/2023\/02\/img-industry-cta-kc-300x266.jpg 300w, https:\/\/canadatelecoms.ca\/wp-content\/uploads\/2023\/02\/img-industry-cta-kc-768x682.jpg 768w\" sizes=\"auto, (max-width: 820px) 100vw, 820px\" \/><\/figure>\n<\/div>\n\n\n\n<div class=\"wp-block-column is-vertically-aligned-center p-4 px-lg-5 pe-xl-6 is-layout-flow wp-block-column-is-layout-flow\" style=\"flex-basis:60%\">\n<h5 class=\"wp-block-heading\">Ressources suppl\u00e9mentaires<\/h5>\n\n\n\n<p>Pour en savoir plus sur l\u2019industrie des t\u00e9l\u00e9communications au Canada, notamment pour des statistiques, des rapports, des ressources pour les consommateurs et les derni\u00e8res nouvelles.<\/p>\n\n\n\n<div class=\"wp-block-buttons is-layout-flex wp-block-buttons-is-layout-flex\">\n<div class=\"wp-block-button is-style-btn-link\"><a class=\"wp-block-button__link wp-element-button\" href=\"https:\/\/canadatelecoms.ca\/fr\/knowledge-centre\/\">Centre de connaissances<\/a><\/div>\n<\/div>\n<\/div>\n<\/div>\n","protected":false},"excerpt":{"rendered":"<p>Ressources suppl\u00e9mentaires Pour en savoir plus sur l\u2019industrie des t\u00e9l\u00e9communications au Canada, notamment pour des statistiques, des rapports, des ressources pour les consommateurs et les derni\u00e8res nouvelles.<\/p>\n","protected":false},"author":5,"featured_media":0,"parent":0,"menu_order":2,"comment_status":"closed","ping_status":"closed","template":"","meta":{"_acf_changed":false,"inline_featured_image":false,"footnotes":""},"class_list":["post-813","page","type-page","status-publish","hentry"],"acf":[],"_links":{"self":[{"href":"https:\/\/canadatelecoms.ca\/fr\/wp-json\/wp\/v2\/pages\/813","targetHints":{"allow":["GET"]}}],"collection":[{"href":"https:\/\/canadatelecoms.ca\/fr\/wp-json\/wp\/v2\/pages"}],"about":[{"href":"https:\/\/canadatelecoms.ca\/fr\/wp-json\/wp\/v2\/types\/page"}],"author":[{"embeddable":true,"href":"https:\/\/canadatelecoms.ca\/fr\/wp-json\/wp\/v2\/users\/5"}],"replies":[{"embeddable":true,"href":"https:\/\/canadatelecoms.ca\/fr\/wp-json\/wp\/v2\/comments?post=813"}],"version-history":[{"count":32,"href":"https:\/\/canadatelecoms.ca\/fr\/wp-json\/wp\/v2\/pages\/813\/revisions"}],"predecessor-version":[{"id":4403,"href":"https:\/\/canadatelecoms.ca\/fr\/wp-json\/wp\/v2\/pages\/813\/revisions\/4403"}],"wp:attachment":[{"href":"https:\/\/canadatelecoms.ca\/fr\/wp-json\/wp\/v2\/media?parent=813"}],"curies":[{"name":"wp","href":"https:\/\/api.w.org\/{rel}","templated":true}]}}