{"id":672,"date":"2023-03-10T20:38:28","date_gmt":"2023-03-11T00:38:28","guid":{"rendered":"https:\/\/canadatelecoms.ca\/?page_id=672"},"modified":"2023-11-02T14:19:03","modified_gmt":"2023-11-02T18:19:03","slug":"all-events","status":"publish","type":"page","link":"https:\/\/canadatelecoms.ca\/fr\/media-and-events\/all-events\/","title":{"rendered":"All news"},"content":{"rendered":"<section id=\"section-block-block_305509acb989e3927675470fe2cac7b6\" class=\"section-block_block\">\n<div class=\"container pt-6 pb-6\">\t\t\t\t\n\t\t<div class=\"row\">\n\t\t\t<div class=\"col-12\">\n\t\t\t\t<div class=\"acf-innerblocks-container\">\n\n<h1 class=\"wp-block-heading has-text-align-center\">\u00c9v\u00e9nements<\/h1>\n\n\n\n<p class=\"has-text-align-center\">Le calendrier des \u00e9v\u00e9nements de l\u2019industrie liste la majorit\u00e9 des conf\u00e9rences internationales, nationales et r\u00e9gionales et autres \u00e9v\u00e9nements susceptibles d\u2019int\u00e9resser les professionnels de l\u2019industrie du sans fil au Canada. Si vous d\u00e9sirez inscrire un \u00e9v\u00e9nement au calendrier, veuillez faire parvenir le nom, la date, l\u2019emplacement et une description de ce dernier \u00e0\u00a0<a href=\"mailto:info@canadatelecoms.ca\">info@canadatelecoms.ca<\/a>.<\/p>\n\n<\/div>\n\t\t\t<\/div>\n\t\t<\/div>\n\t<\/div>\n<\/section>\n\n\n<div class=\"wp-block-buttons is-layout-flex wp-block-buttons-is-layout-flex\">\n<div class=\"wp-block-button is-style-btn-link-back\"><a class=\"wp-block-button__link wp-element-button\" href=\"https:\/\/canadatelecoms.ca\/fr\/media-and-events\/\">Retour aux m\u00e9dias et \u00e9v\u00e9nements<\/a><\/div>\n<\/div>\n\n\n\n<div style=\"height:32px\" aria-hidden=\"true\" class=\"wp-block-spacer\"><\/div>\n","protected":false},"excerpt":{"rendered":"","protected":false},"author":5,"featured_media":0,"parent":605,"menu_order":100,"comment_status":"closed","ping_status":"closed","template":"page-events.php","meta":{"_acf_changed":false,"inline_featured_image":false,"footnotes":""},"class_list":["post-672","page","type-page","status-publish","hentry"],"acf":[],"_links":{"self":[{"href":"https:\/\/canadatelecoms.ca\/fr\/wp-json\/wp\/v2\/pages\/672","targetHints":{"allow":["GET"]}}],"collection":[{"href":"https:\/\/canadatelecoms.ca\/fr\/wp-json\/wp\/v2\/pages"}],"about":[{"href":"https:\/\/canadatelecoms.ca\/fr\/wp-json\/wp\/v2\/types\/page"}],"author":[{"embeddable":true,"href":"https:\/\/canadatelecoms.ca\/fr\/wp-json\/wp\/v2\/users\/5"}],"replies":[{"embeddable":true,"href":"https:\/\/canadatelecoms.ca\/fr\/wp-json\/wp\/v2\/comments?post=672"}],"version-history":[{"count":10,"href":"https:\/\/canadatelecoms.ca\/fr\/wp-json\/wp\/v2\/pages\/672\/revisions"}],"predecessor-version":[{"id":3169,"href":"https:\/\/canadatelecoms.ca\/fr\/wp-json\/wp\/v2\/pages\/672\/revisions\/3169"}],"up":[{"embeddable":true,"href":"https:\/\/canadatelecoms.ca\/fr\/wp-json\/wp\/v2\/pages\/605"}],"wp:attachment":[{"href":"https:\/\/canadatelecoms.ca\/fr\/wp-json\/wp\/v2\/media?parent=672"}],"curies":[{"name":"wp","href":"https:\/\/api.w.org\/{rel}","templated":true}]}}