{"id":612,"date":"2023-02-21T14:40:02","date_gmt":"2023-02-21T18:40:02","guid":{"rendered":"https:\/\/canadatelecoms.ca\/about-us\/"},"modified":"2025-06-02T20:42:06","modified_gmt":"2025-06-03T00:42:06","slug":"about-us","status":"publish","type":"page","link":"https:\/\/canadatelecoms.ca\/fr\/about-us\/","title":{"rendered":"\u00c0 propos de nous"},"content":{"rendered":"<section id=\"columns-image-content-block_ca5fcc9b98e31c2c25b4a78830877109\" class=\"columns-image-content_block\">\n\t<div class=\"container pt-0 pb-8\">\t\t\t\t\n\t\t<div class=\"row align-items-center flex-column-reverse flex-lg-row \">\n\t\t\t<div class=\"col-12 col-lg-6 load-hidden fadein_up pe-xl-5\">\n\t\t\t\t<div class=\"acf-innerblocks-container\">\n\n<h1 class=\"wp-block-heading\">\u00c0 propos de nous<\/h1>\n\n\n\n<p class=\"is-style-lg\">L\u2019Association canadienne des t\u00e9l\u00e9communications travaille avec ses membres, le gouvernement, les organismes de r\u00e9glementation et d\u2019autres parties prenantes pour s\u2019assurer que le Canada demeure un chef de file mondial dans le domaine des t\u00e9l\u00e9communications et que tous les Canadiens puissent profitent des r\u00e9seaux et des services de calibre mondial qui font sa renomm\u00e9e. <\/p>\n\n<\/div>\t\t\t\t\n\t\t\t<\/div>\n\t\t\t<div class=\"col-12 col-lg-6 ps-xl-5 mb-5 mb-lg-0 ps-xl-5   text-lg-end \">\n\t\t\t\t\t\t\t\t\t\t<img decoding=\"async\" class=\"content-image load-hidden fadein_up\" src=\"https:\/\/canadatelecoms.ca\/wp-content\/uploads\/2023\/02\/banner-about.png\" alt=\"\" \/>\n\t\t\t\t\t\t\t\t\t\t\t\t\t\t\t\t\t\t\t\n\t\t\t<\/div>\n\t\t<\/div>\n\t<\/div>\n<\/section>\n\n<section id=\"columns-image-content-block_7691fc6e22eba14da94fa5adcbebcd3b\" class=\"columns-image-content_block\">\n\t<div class=\"container pt-0 pb-8\">\t\t\t\t\n\t\t<div class=\"row align-items-center flex-column-reverse flex-lg-row-reverse \">\n\t\t\t<div class=\"col-12 col-lg-6 load-hidden fadein_up ps-xl-5\">\n\t\t\t\t<div class=\"acf-innerblocks-container\">\n\n<h2 class=\"wp-block-heading\">Notre mission<\/h2>\n\n\n\n<p>Informer la population canadienne de l\u2019importance d\u2019un secteur des t\u00e9l\u00e9communications vigoureux et \u00e9coresponsable pour la prosp\u00e9rit\u00e9 \u00e9conomique et le d\u00e9veloppement social du pays, et promouvoir le r\u00f4le de la concurrence fond\u00e9e sur la mise \u00e0 disposition d\u2019installations dans l\u2019obtention des r\u00e9sultats souhait\u00e9s par les consommateurs, \u00e0 savoir une vaste couverture r\u00e9seau, des services de haute qualit\u00e9 et des prix abordables.<\/p>\n\n<\/div>\t\t\t\t\n\t\t\t<\/div>\n\t\t\t<div class=\"col-12 col-lg-6 ps-xl-5 mb-5 mb-lg-0 pe-xl-5 text-lg-center \">\n\t\t\t\t\t\t\t\t\t\t<img decoding=\"async\" class=\"content-image load-hidden fadein_up\" src=\"https:\/\/canadatelecoms.ca\/wp-content\/uploads\/2023\/02\/img-about-intro.png\" alt=\"\" \/>\n\t\t\t\t\t\t\t\t\t\t\t\t\t\t\t\t\t\t\t\n\t\t\t<\/div>\n\t\t<\/div>\n\t<\/div>\n<\/section>\n\n<section id=\"section-block-block_4d80b97493548b84de17c70ba5fcdeb0\" class=\"section-block_block\">\n<div class=\"container pt-0 pb-8\">\t\t\t\t\n\t\t<div class=\"row\">\n\t\t\t<div class=\"col-12\">\n\t\t\t\t<div class=\"acf-innerblocks-container\">\n\n<h3 class=\"wp-block-heading has-text-align-center\">Ce que nous faisons<\/h3>\n\n\n\n<p class=\"has-text-align-center px-xl-8 mx-xxl-7\">Nous repr\u00e9sentons les int\u00e9r\u00eats de nos membres et nous faisons conna\u00eetre aux Canadiens les contributions du secteur des t\u00e9l\u00e9communications \u00e0 la croissance \u00e9conomique du pays, \u00e0 l\u2019innovation, au bien-\u00eatre de la population et au d\u00e9veloppement durable de ses industries. Notre travail s\u2019articule autour de trois grands axes :<\/p>\n\n\n\n<div style=\"height:32px\" aria-hidden=\"true\" class=\"wp-block-spacer\"><\/div>\n\n\n\n<div class=\"wp-block-columns is-layout-flex wp-container-core-columns-is-layout-9d6595d7 wp-block-columns-is-layout-flex\">\n<div class=\"wp-block-column is-layout-flow wp-block-column-is-layout-flow\">\n<h5 class=\"wp-block-heading\">Promotion et d\u00e9fense des int\u00e9r\u00eats<\/h5>\n\n\n\n<p>Nous agissons dans l\u2019int\u00e9r\u00eat de nos membres et informons la population des nombreuses contributions du secteur des t\u00e9l\u00e9communications au bien-\u00eatre socio-\u00e9conomique des Canadiens.<\/p>\n<\/div>\n\n\n\n<div class=\"wp-block-column is-layout-flow wp-block-column-is-layout-flow\">\n<h5 class=\"wp-block-heading\">Services et programmes pour les consommateurs<\/h5>\n\n\n\n<p>Nous soutenons les initiatives et les programmes de notre secteur visant notamment \u00e0 am\u00e9liorer l\u2019accessibilit\u00e9, faciliter les dons de charit\u00e9 et prot\u00e9ger les consommateurs. <\/p>\n<\/div>\n\n\n\n<div class=\"wp-block-column is-layout-flow wp-block-column-is-layout-flow\">\n<h5 class=\"wp-block-heading\">Recherche et \u00e9ducation<\/h5>\n\n\n\n<p>Nous publions des donn\u00e9es sur l\u2019industrie et commandons des recherches sur les tendances et les d\u00e9veloppements du secteur des t\u00e9l\u00e9communications. <\/p>\n<\/div>\n<\/div>\n\n<\/div>\n\t\t\t<\/div>\n\t\t<\/div>\n\t<\/div>\n<\/section>\n\n<section id=\"section-block-block_8122e1f78dc088bb04b8a6679015872b\" class=\"section-block_block\">\n<div class=\"container pt-6 pb-8\">\t\t\t\t\n\t\t<div class=\"row\">\n\t\t\t<div class=\"col-12\">\n\t\t\t\t<div class=\"acf-innerblocks-container\">\n\n<h2 class=\"wp-block-heading has-text-align-center\">Membres et associ\u00e9s<\/h2>\n\n\n\n<p class=\"has-text-align-center px-xl-8 mx-xxl-7\">Nos membres et associ\u00e9s comprennent des fournisseurs de services, des fabricants et d\u2019autres organisations qui investissent dans les r\u00e9seaux de t\u00e9l\u00e9communications de classe mondiale du Canada, les construisent, les entretiennent et les exploitent.<\/p>\n\n\n\n<div style=\"height:48px\" aria-hidden=\"true\" class=\"wp-block-spacer\"><\/div>\n\n\n\n<div class=\"wp-block-group row is-content-justification-center is-layout-flex wp-container-core-group-is-layout-64b26803 wp-block-group-is-layout-flex\">\n<div class=\"wp-block-group col-6 col-lg-4 col-xl-3 col-xxl-2 mb-5 is-layout-constrained wp-block-group-is-layout-constrained\">\n<figure class=\"wp-block-image size-full mb-4\"><img loading=\"lazy\" decoding=\"async\" width=\"900\" height=\"216\" src=\"https:\/\/canadatelecoms.ca\/wp-content\/uploads\/2023\/04\/logo-rogers-1.png\" alt=\"Rogers\" class=\"wp-image-2147\" srcset=\"https:\/\/canadatelecoms.ca\/wp-content\/uploads\/2023\/04\/logo-rogers-1.png 900w, https:\/\/canadatelecoms.ca\/wp-content\/uploads\/2023\/04\/logo-rogers-1-300x72.png 300w, https:\/\/canadatelecoms.ca\/wp-content\/uploads\/2023\/04\/logo-rogers-1-768x184.png 768w\" sizes=\"auto, (max-width: 900px) 100vw, 900px\" \/><\/figure>\n<\/div>\n\n\n\n<div class=\"wp-block-group col-6 col-lg-4 col-xl-3 col-xxl-2 mb-5 is-layout-constrained wp-block-group-is-layout-constrained\">\n<figure class=\"wp-block-image size-full mb-4\"><img loading=\"lazy\" decoding=\"async\" width=\"900\" height=\"216\" src=\"https:\/\/canadatelecoms.ca\/wp-content\/uploads\/2023\/04\/logo-bell.png\" alt=\"Bell\" class=\"wp-image-2149\" srcset=\"https:\/\/canadatelecoms.ca\/wp-content\/uploads\/2023\/04\/logo-bell.png 900w, https:\/\/canadatelecoms.ca\/wp-content\/uploads\/2023\/04\/logo-bell-300x72.png 300w, https:\/\/canadatelecoms.ca\/wp-content\/uploads\/2023\/04\/logo-bell-768x184.png 768w\" sizes=\"auto, (max-width: 900px) 100vw, 900px\" \/><\/figure>\n<\/div>\n\n\n\n<div class=\"wp-block-group col-6 col-lg-4 col-xl-3 col-xxl-2 mb-5 is-layout-constrained wp-block-group-is-layout-constrained\">\n<figure class=\"wp-block-image size-full mb-4\"><img loading=\"lazy\" decoding=\"async\" width=\"900\" height=\"216\" src=\"https:\/\/canadatelecoms.ca\/wp-content\/uploads\/2023\/04\/logo-videotron.png\" alt=\"Vid&#xE9;otron\" class=\"wp-image-2151\" srcset=\"https:\/\/canadatelecoms.ca\/wp-content\/uploads\/2023\/04\/logo-videotron.png 900w, https:\/\/canadatelecoms.ca\/wp-content\/uploads\/2023\/04\/logo-videotron-300x72.png 300w, https:\/\/canadatelecoms.ca\/wp-content\/uploads\/2023\/04\/logo-videotron-768x184.png 768w\" sizes=\"auto, (max-width: 900px) 100vw, 900px\" \/><\/figure>\n<\/div>\n\n\n\n<div class=\"wp-block-group col-6 col-lg-4 col-xl-3 col-xxl-2 mb-5 is-layout-constrained wp-block-group-is-layout-constrained\">\n<figure class=\"wp-block-image size-full mb-4\"><img loading=\"lazy\" decoding=\"async\" width=\"900\" height=\"216\" src=\"https:\/\/canadatelecoms.ca\/wp-content\/uploads\/2023\/04\/logo-sasktel.png\" alt=\"SaskTel\" class=\"wp-image-2153\" srcset=\"https:\/\/canadatelecoms.ca\/wp-content\/uploads\/2023\/04\/logo-sasktel.png 900w, https:\/\/canadatelecoms.ca\/wp-content\/uploads\/2023\/04\/logo-sasktel-300x72.png 300w, https:\/\/canadatelecoms.ca\/wp-content\/uploads\/2023\/04\/logo-sasktel-768x184.png 768w\" sizes=\"auto, (max-width: 900px) 100vw, 900px\" \/><\/figure>\n<\/div>\n\n\n\n<div class=\"wp-block-group col-6 col-lg-4 col-xl-3 col-xxl-2 mb-5 is-layout-constrained wp-block-group-is-layout-constrained\">\n<figure class=\"wp-block-image size-full mb-4\"><img loading=\"lazy\" decoding=\"async\" width=\"900\" height=\"216\" src=\"https:\/\/canadatelecoms.ca\/wp-content\/uploads\/2026\/02\/logo-nokia-2.png\" alt=\"Nokia\" class=\"wp-image-4522\" srcset=\"https:\/\/canadatelecoms.ca\/wp-content\/uploads\/2026\/02\/logo-nokia-2.png 900w, https:\/\/canadatelecoms.ca\/wp-content\/uploads\/2026\/02\/logo-nokia-2-300x72.png 300w, https:\/\/canadatelecoms.ca\/wp-content\/uploads\/2026\/02\/logo-nokia-2-768x184.png 768w\" sizes=\"auto, (max-width: 900px) 100vw, 900px\" \/><\/figure>\n<\/div>\n\n\n\n<div class=\"wp-block-group col-6 col-lg-4 col-xl-3 col-xxl-2 mb-5 is-layout-constrained wp-block-group-is-layout-constrained\">\n<figure class=\"wp-block-image size-full mb-4\"><img loading=\"lazy\" decoding=\"async\" width=\"900\" height=\"216\" src=\"https:\/\/canadatelecoms.ca\/wp-content\/uploads\/2023\/04\/logo-ericsson.png\" alt=\"Ericsson\" class=\"wp-image-2159\" srcset=\"https:\/\/canadatelecoms.ca\/wp-content\/uploads\/2023\/04\/logo-ericsson.png 900w, https:\/\/canadatelecoms.ca\/wp-content\/uploads\/2023\/04\/logo-ericsson-300x72.png 300w, https:\/\/canadatelecoms.ca\/wp-content\/uploads\/2023\/04\/logo-ericsson-768x184.png 768w\" sizes=\"auto, (max-width: 900px) 100vw, 900px\" \/><\/figure>\n<\/div>\n\n\n\n<div class=\"wp-block-group col-6 col-lg-4 col-xl-3 col-xxl-2 mb-5 is-layout-constrained wp-block-group-is-layout-constrained\">\n<figure class=\"wp-block-image size-full mb-4\"><img loading=\"lazy\" decoding=\"async\" width=\"900\" height=\"216\" src=\"https:\/\/canadatelecoms.ca\/wp-content\/uploads\/2026\/02\/logo-beanfield.png\" alt=\"Beanfield\" class=\"wp-image-4518\" srcset=\"https:\/\/canadatelecoms.ca\/wp-content\/uploads\/2026\/02\/logo-beanfield.png 900w, https:\/\/canadatelecoms.ca\/wp-content\/uploads\/2026\/02\/logo-beanfield-300x72.png 300w, https:\/\/canadatelecoms.ca\/wp-content\/uploads\/2026\/02\/logo-beanfield-768x184.png 768w\" sizes=\"auto, (max-width: 900px) 100vw, 900px\" \/><\/figure>\n<\/div>\n\n\n\n<div class=\"wp-block-group col-6 col-lg-4 col-xl-3 col-xxl-2 mb-5 is-layout-constrained wp-block-group-is-layout-constrained\">\n<figure class=\"wp-block-image size-full mb-4\"><img loading=\"lazy\" decoding=\"async\" width=\"900\" height=\"216\" src=\"https:\/\/canadatelecoms.ca\/wp-content\/uploads\/2026\/02\/logo-cogeco.png\" alt=\"Cogeco\" class=\"wp-image-4520\" srcset=\"https:\/\/canadatelecoms.ca\/wp-content\/uploads\/2026\/02\/logo-cogeco.png 900w, https:\/\/canadatelecoms.ca\/wp-content\/uploads\/2026\/02\/logo-cogeco-300x72.png 300w, https:\/\/canadatelecoms.ca\/wp-content\/uploads\/2026\/02\/logo-cogeco-768x184.png 768w\" sizes=\"auto, (max-width: 900px) 100vw, 900px\" \/><\/figure>\n<\/div>\n\n\n\n<div class=\"wp-block-group col-6 col-lg-4 col-xl-3 col-xxl-2 mb-5 is-layout-constrained wp-block-group-is-layout-constrained\">\n<figure class=\"wp-block-image size-full mb-4\"><img loading=\"lazy\" decoding=\"async\" width=\"900\" height=\"216\" src=\"https:\/\/canadatelecoms.ca\/wp-content\/uploads\/2023\/04\/logo-eastlink.png\" alt=\"Eastlink\" class=\"wp-image-2161\" srcset=\"https:\/\/canadatelecoms.ca\/wp-content\/uploads\/2023\/04\/logo-eastlink.png 900w, https:\/\/canadatelecoms.ca\/wp-content\/uploads\/2023\/04\/logo-eastlink-300x72.png 300w, https:\/\/canadatelecoms.ca\/wp-content\/uploads\/2023\/04\/logo-eastlink-768x184.png 768w\" sizes=\"auto, (max-width: 900px) 100vw, 900px\" \/><\/figure>\n<\/div>\n\n\n\n<div class=\"wp-block-group col-6 col-lg-4 col-xl-3 col-xxl-2 mb-5 is-layout-constrained wp-block-group-is-layout-constrained\">\n<figure class=\"wp-block-image size-full mb-4\"><img loading=\"lazy\" decoding=\"async\" width=\"900\" height=\"216\" src=\"https:\/\/canadatelecoms.ca\/wp-content\/uploads\/2023\/04\/logo-tbaytel.png\" alt=\"Tbaytel\" class=\"wp-image-2468\" srcset=\"https:\/\/canadatelecoms.ca\/wp-content\/uploads\/2023\/04\/logo-tbaytel.png 900w, https:\/\/canadatelecoms.ca\/wp-content\/uploads\/2023\/04\/logo-tbaytel-300x72.png 300w, https:\/\/canadatelecoms.ca\/wp-content\/uploads\/2023\/04\/logo-tbaytel-768x184.png 768w\" sizes=\"auto, (max-width: 900px) 100vw, 900px\" \/><\/figure>\n<\/div>\n\n\n\n<div class=\"wp-block-group col-6 col-lg-4 col-xl-3 col-xxl-2 mb-5 is-layout-constrained wp-block-group-is-layout-constrained\">\n<figure class=\"wp-block-image size-full mb-4\"><img loading=\"lazy\" decoding=\"async\" width=\"900\" height=\"216\" src=\"https:\/\/canadatelecoms.ca\/wp-content\/uploads\/2023\/04\/logo-xplore.png\" alt=\"XploreX\" class=\"wp-image-2470\" srcset=\"https:\/\/canadatelecoms.ca\/wp-content\/uploads\/2023\/04\/logo-xplore.png 900w, https:\/\/canadatelecoms.ca\/wp-content\/uploads\/2023\/04\/logo-xplore-300x72.png 300w, https:\/\/canadatelecoms.ca\/wp-content\/uploads\/2023\/04\/logo-xplore-768x184.png 768w\" sizes=\"auto, (max-width: 900px) 100vw, 900px\" \/><\/figure>\n<\/div>\n<\/div>\n\n\n\n<div class=\"wp-block-buttons is-content-justification-center is-layout-flex wp-container-core-buttons-is-layout-16018d1d wp-block-buttons-is-layout-flex\">\n<div class=\"wp-block-button is-style-btn-link\"><a class=\"wp-block-button__link has-text-align-left wp-element-button\" href=\"https:\/\/canadatelecoms.ca\/fr\/about-us\/members\/\">Voir tous les Membres et associ\u00e9s<\/a><\/div>\n<\/div>\n\n<\/div>\n\t\t\t<\/div>\n\t\t<\/div>\n\t<\/div>\n<\/section>\n\n\n<h2 class=\"wp-block-heading has-text-align-center\">\u00c9quipe et direction<\/h2>\n\n\n<section id=\"section-block-block_4d80b97493548b84de17c70ba5fcdeb0\" class=\"section-block_block\">\n<div class=\"container pt-0 pb-8\">\t\t\t\t\n\t\t<div class=\"row\">\n\t\t\t<div class=\"col-12\">\n\t\t\t\t<div class=\"acf-innerblocks-container\">\n\n<div class=\"wp-block-columns gap-5 gap-lg-4 is-layout-flex wp-container-core-columns-is-layout-9d6595d7 wp-block-columns-is-layout-flex\">\n<div class=\"wp-block-column is-layout-flow wp-block-column-is-layout-flow\">\n<figure class=\"wp-block-image size-large thumbnail-zoom\"><img loading=\"lazy\" decoding=\"async\" width=\"1024\" height=\"520\" src=\"https:\/\/canadatelecoms.ca\/wp-content\/uploads\/2023\/04\/team-img2-1024x520.jpg\" alt=\"\" class=\"wp-image-2483\" srcset=\"https:\/\/canadatelecoms.ca\/wp-content\/uploads\/2023\/04\/team-img2-1024x520.jpg 1024w, https:\/\/canadatelecoms.ca\/wp-content\/uploads\/2023\/04\/team-img2-300x152.jpg 300w, https:\/\/canadatelecoms.ca\/wp-content\/uploads\/2023\/04\/team-img2-768x390.jpg 768w, https:\/\/canadatelecoms.ca\/wp-content\/uploads\/2023\/04\/team-img2-1536x780.jpg 1536w, https:\/\/canadatelecoms.ca\/wp-content\/uploads\/2023\/04\/team-img2.jpg 1890w\" sizes=\"auto, (max-width: 1024px) 100vw, 1024px\" \/><\/figure>\n\n\n\n<h4 class=\"wp-block-heading\">Notre \u00e9quipe<\/h4>\n\n\n\n<p>Notre association est dirig\u00e9e par une \u00e9quipe d\u00e9vou\u00e9e, d\u00e9termin\u00e9e \u00e0 assurer un avenir meilleur aux Canadiens et Canadiennes gr\u00e2ce \u00e0 une plus grande connectivit\u00e9.<\/p>\n\n\n\n<div class=\"wp-block-buttons is-layout-flex wp-block-buttons-is-layout-flex\">\n<div class=\"wp-block-button is-style-btn-link\"><a class=\"wp-block-button__link wp-element-button\" href=\"https:\/\/canadatelecoms.ca\/fr\/about-us\/team\/\">Notre \u00e9quipe<\/a><\/div>\n<\/div>\n<\/div>\n\n\n\n<div class=\"wp-block-column is-layout-flow wp-block-column-is-layout-flow\">\n<figure class=\"wp-block-image size-large thumbnail-zoom\"><img loading=\"lazy\" decoding=\"async\" width=\"1024\" height=\"520\" src=\"https:\/\/canadatelecoms.ca\/wp-content\/uploads\/2023\/04\/boardimg2-1024x520.jpg\" alt=\"\" class=\"wp-image-2486\" srcset=\"https:\/\/canadatelecoms.ca\/wp-content\/uploads\/2023\/04\/boardimg2-1024x520.jpg 1024w, https:\/\/canadatelecoms.ca\/wp-content\/uploads\/2023\/04\/boardimg2-300x152.jpg 300w, https:\/\/canadatelecoms.ca\/wp-content\/uploads\/2023\/04\/boardimg2-768x390.jpg 768w, https:\/\/canadatelecoms.ca\/wp-content\/uploads\/2023\/04\/boardimg2-1536x780.jpg 1536w, https:\/\/canadatelecoms.ca\/wp-content\/uploads\/2023\/04\/boardimg2.jpg 1890w\" sizes=\"auto, (max-width: 1024px) 100vw, 1024px\" \/><\/figure>\n\n\n\n<h4 class=\"wp-block-heading\">Conseil d\u2019administration<\/h4>\n\n\n\n<p>Un conseil d\u2019administration assure la gouvernance et l\u2019orientation strat\u00e9gique de notre association.<\/p>\n\n\n\n<div class=\"wp-block-buttons is-layout-flex wp-block-buttons-is-layout-flex\">\n<div class=\"wp-block-button is-style-btn-link\"><a class=\"wp-block-button__link wp-element-button\" href=\"https:\/\/canadatelecoms.ca\/fr\/about-us\/board-of-directors\/\">Conseil d\u2019administration<\/a><\/div>\n<\/div>\n<\/div>\n<\/div>\n\n<\/div>\n\t\t\t<\/div>\n\t\t<\/div>\n\t<\/div>\n<\/section>\n\n<section id=\"stat-block-block_74437129b42669f8500e276e2973f7e9\" class=\"stat-block_block is-style-purple pt-0 pb-8\">\n\t<div class=\"inner-bg\">\n\t\t<div class=\"container py-6\">\t\t\t\t\n\t\t\t<div class=\"row align-items-center flex-column flex-lg-row \">\n\t\t\t\t<div class=\"col-12 col-lg-6  mb-6 mb-lg-0  fadein_up\">\n\t\t\t\t\t<div class=\"acf-innerblocks-container\">\n\n<h3 class=\"wp-block-heading\">\u00c0 propos de l\u2019industrie des t\u00e9l\u00e9communications<\/h3>\n\n\n\n<p class=\"has-light-gray-color has-text-color\">L\u2019industrie des t\u00e9l\u00e9communications du Canada a non seulement transform\u00e9 notre fa\u00e7on de vivre, de travailler et de nous divertir, mais elle contribue de fa\u00e7on importante au d\u00e9veloppement \u00e9conomique et social du Canada.<\/p>\n\n\n\n<div class=\"wp-block-buttons is-layout-flex wp-block-buttons-is-layout-flex\">\n<div class=\"wp-block-button is-style-btn-link\"><a class=\"wp-block-button__link wp-element-button\" href=\"https:\/\/canadatelecoms.ca\/fr\/centre-de-connaissances\/\">Pour en savoir plus<\/a><\/div>\n<\/div>\n\n<\/div>\t\t\t\t\t\n\t\t\t\t<\/div>\n\t\t\t\t<div class=\"col-12 col-lg-6 ps-xl-5\">\n\t\t\t\t\t<div class=\"stats d-flex flex-wrap\">\n\t\t\t\t\t\t\t\t\t\t\t\t\t<div class=\"stat fadein_up my-2 my-lg-3\">\n\t\t\t\t\t\t\t\t<h4 class=\"h1 mb-2\">$87,3<\/h4>\n\t\t\t\t\t\t\t\t<p class=\"lg text-orange mb-1\">milliards de dollars<\/p>\n\t\t\t\t\t\t\t\t<p class=\"text-lightgray\">en contributions directes \u00e0 l\u2019\u00e9conomie (PIB) du Canada en 2024<\/p>\n\t\t\t\t\t\t\t<\/div>\n\t\t\t\t\t\t\t\t\t\t\t\t\t<div class=\"stat fadein_up my-2 my-lg-3\">\n\t\t\t\t\t\t\t\t<h4 class=\"h1 mb-2\">661 000<\/h4>\n\t\t\t\t\t\t\t\t<p class=\"lg text-orange mb-1\">emplois canadiens<\/p>\n\t\t\t\t\t\t\t\t<p class=\"text-lightgray\">soutenus par l\u2019industrie des t\u00e9l\u00e9communications<\/p>\n\t\t\t\t\t\t\t<\/div>\n\t\t\t\t\t\t\t\t\t\t\t<\/div>\n\t\t\t\t\t\n\t\t\t\t<\/div>\n\t\t\t<\/div>\n\t\t<\/div>\n\t<\/div>\t\n<\/section>\n\n\n<div class=\"wp-block-columns are-vertically-aligned-center bg-gray-gradient content-max-width is-layout-flex wp-container-core-columns-is-layout-9d6595d7 wp-block-columns-is-layout-flex\">\n<div class=\"wp-block-column is-vertically-aligned-center is-layout-flow wp-block-column-is-layout-flow\" style=\"flex-basis:40%\">\n<figure class=\"wp-block-image aligncenter size-full mb-0\"><img loading=\"lazy\" decoding=\"async\" width=\"820\" height=\"728\" src=\"https:\/\/canadatelecoms.ca\/wp-content\/uploads\/2023\/02\/img-about-programs.jpg\" alt=\"\" class=\"wp-image-266\" srcset=\"https:\/\/canadatelecoms.ca\/wp-content\/uploads\/2023\/02\/img-about-programs.jpg 820w, https:\/\/canadatelecoms.ca\/wp-content\/uploads\/2023\/02\/img-about-programs-300x266.jpg 300w, https:\/\/canadatelecoms.ca\/wp-content\/uploads\/2023\/02\/img-about-programs-768x682.jpg 768w\" sizes=\"auto, (max-width: 820px) 100vw, 820px\" \/><\/figure>\n<\/div>\n\n\n\n<div class=\"wp-block-column is-vertically-aligned-center p-4 pb-5  pb-md-4 px-lg-5 pe-xl-6 is-layout-flow wp-block-column-is-layout-flow\" style=\"flex-basis:60%\">\n<h5 class=\"wp-block-heading\">Nos programmes<\/h5>\n\n\n\n<p>Nous soutenons plusieurs programmes et initiatives couvrant un \u00e9ventail d\u2019objectifs, comme am\u00e9liorer l\u2019accessibilit\u00e9, renforcer la s\u00e9curit\u00e9 et prot\u00e9ger les consommateurs.<\/p>\n\n\n\n<div class=\"wp-block-buttons is-layout-flex wp-block-buttons-is-layout-flex\">\n<div class=\"wp-block-button is-style-btn-link\"><a class=\"wp-block-button__link wp-element-button\" href=\"https:\/\/canadatelecoms.ca\/fr\/programs\/\">Voir tous les programmes<\/a><\/div>\n<\/div>\n<\/div>\n<\/div>\n","protected":false},"excerpt":{"rendered":"<p>\u00c9quipe et direction Nos programmes Nous soutenons plusieurs programmes et initiatives couvrant un \u00e9ventail d\u2019objectifs, comme am\u00e9liorer l\u2019accessibilit\u00e9, renforcer la s\u00e9curit\u00e9 et prot\u00e9ger les consommateurs.<\/p>\n","protected":false},"author":5,"featured_media":0,"parent":0,"menu_order":100,"comment_status":"closed","ping_status":"closed","template":"","meta":{"_acf_changed":false,"inline_featured_image":false,"footnotes":""},"class_list":["post-612","page","type-page","status-publish","hentry"],"acf":[],"_links":{"self":[{"href":"https:\/\/canadatelecoms.ca\/fr\/wp-json\/wp\/v2\/pages\/612","targetHints":{"allow":["GET"]}}],"collection":[{"href":"https:\/\/canadatelecoms.ca\/fr\/wp-json\/wp\/v2\/pages"}],"about":[{"href":"https:\/\/canadatelecoms.ca\/fr\/wp-json\/wp\/v2\/types\/page"}],"author":[{"embeddable":true,"href":"https:\/\/canadatelecoms.ca\/fr\/wp-json\/wp\/v2\/users\/5"}],"replies":[{"embeddable":true,"href":"https:\/\/canadatelecoms.ca\/fr\/wp-json\/wp\/v2\/comments?post=612"}],"version-history":[{"count":26,"href":"https:\/\/canadatelecoms.ca\/fr\/wp-json\/wp\/v2\/pages\/612\/revisions"}],"predecessor-version":[{"id":4174,"href":"https:\/\/canadatelecoms.ca\/fr\/wp-json\/wp\/v2\/pages\/612\/revisions\/4174"}],"wp:attachment":[{"href":"https:\/\/canadatelecoms.ca\/fr\/wp-json\/wp\/v2\/media?parent=612"}],"curies":[{"name":"wp","href":"https:\/\/api.w.org\/{rel}","templated":true}]}}