{"id":605,"date":"2023-02-21T16:48:29","date_gmt":"2023-02-21T20:48:29","guid":{"rendered":"https:\/\/canadatelecoms.ca\/media-and-events\/"},"modified":"2024-02-01T16:54:04","modified_gmt":"2024-02-01T20:54:04","slug":"media-and-events","status":"publish","type":"page","link":"https:\/\/canadatelecoms.ca\/fr\/media-and-events\/","title":{"rendered":"M\u00e9dias et \u00e9v\u00e9nements"},"content":{"rendered":"<section id=\"columns-image-content-block_7cfc5771b4c115d680394c6465225bda\" class=\"columns-image-content_block\">\n\t<div class=\"container pt-0 pb-8\">\t\t\t\t\n\t\t<div class=\"row align-items-center flex-column-reverse flex-lg-row \">\n\t\t\t<div class=\"col-12 col-lg-6 load-hidden fadein_up pe-xl-5\">\n\t\t\t\t<div class=\"acf-innerblocks-container\">\n\n<h1 class=\"wp-block-heading\">M\u00e9dias et \u00e9v\u00e9nements<\/h1>\n\n\n\n<p class=\"is-style-lg\">Fournir des informations sur les \u00e9v\u00e9nements \u00e0 venir, ainsi que ses r\u00e9cents communiqu\u00e9s de presse et sa couverture m\u00e9diatique.<\/p>\n\n<\/div>\t\t\t\t\n\t\t\t<\/div>\n\t\t\t<div class=\"col-12 col-lg-6 ps-xl-5 mb-5 mb-lg-0 ps-xl-5   text-lg-end \">\n\t\t\t\t\t\t\t\t\t\t<img decoding=\"async\" class=\"content-image load-hidden fadein_up\" src=\"https:\/\/canadatelecoms.ca\/wp-content\/uploads\/2023\/04\/banner-news-events-1.png\" alt=\"\" \/>\n\t\t\t\t\t\t\t\t\t\t\t\t\t\t\t\t\t\t\t\n\t\t\t<\/div>\n\t\t<\/div>\n\t<\/div>\n<\/section>\n\n<section id=\"section-block-block_396ae80a54539cdc4871013d41951bdf\" class=\"section-block_block\">\n<div class=\"container pt-0 pb-0\">\t\t\t\t\n\t\t<div class=\"row\">\n\t\t\t<div class=\"col-12\">\n\t\t\t\t<div class=\"acf-innerblocks-container\">\n\n<h3 class=\"wp-block-heading has-text-align-center\">Derniers articles<\/h3>\n\n\n<section id=\"post-featured-and-thumbs-block_e40e9fcb6fb2778937fdd1136836fda9\" class=\"post-featured-and-thumbs_block\">\n\t<div class=\"container pt-0 pb-0\">\t\t\t\t\n\t\t<div class=\"row\">\n\t\t\t\t\t\t\t\t\t\t\t\t\t\t\t\t\t\t<div class=\"col-12\">\n\t\t\t\t\t\t<div class=\"post-featured-and-thumbs_block__featured fadein_up\">\n\t\t\t\t\t\t\t<a href=\"https:\/\/canadatelecoms.ca\/fr\/faites-une-pause-verifiez-signalez-des-mesures-concretes-pour-vous-proteger-contre-les-tentatives-de-fraude\/\" class=\"\">\n\t\t\t\t\t\t\t\t<div class=\"row align-items-center mb-4\">\n\t\t\t\t\t\t\t\t\t<div class=\"col-12 col-lg-6\">\n\t\t\t\t\t\t\t\t\t\t<div class=\"thumbnail mb-4\">\n\t\t\t\t\t\t\t\t\t\t\t<img loading=\"lazy\" decoding=\"async\" width=\"640\" height=\"427\" src=\"https:\/\/canadatelecoms.ca\/wp-content\/uploads\/2026\/03\/260313-Blog-Image-FR-v2-768x512.png\" class=\"attachment-medium_large size-medium_large wp-post-image\" alt=\"\" srcset=\"https:\/\/canadatelecoms.ca\/wp-content\/uploads\/2026\/03\/260313-Blog-Image-FR-v2-768x512.png 768w, https:\/\/canadatelecoms.ca\/wp-content\/uploads\/2026\/03\/260313-Blog-Image-FR-v2-300x200.png 300w, https:\/\/canadatelecoms.ca\/wp-content\/uploads\/2026\/03\/260313-Blog-Image-FR-v2-1024x683.png 1024w, https:\/\/canadatelecoms.ca\/wp-content\/uploads\/2026\/03\/260313-Blog-Image-FR-v2-1536x1024.png 1536w, https:\/\/canadatelecoms.ca\/wp-content\/uploads\/2026\/03\/260313-Blog-Image-FR-v2-2048x1365.png 2048w\" sizes=\"auto, (max-width: 640px) 100vw, 640px\" \/>\t\t\t\t\t\t\t\t\t\t<\/div>\n\t\t\t\t\t\t\t\t\t<\/div>\n\t\t\t\t\t\t\t\t\t<div class=\"col-12 col-lg-6\">\n\t\t\t\t\t\t\t\t\t\t<div class=\"content\">\n\t\t\t\t\t\t\t\t\t\t\t<p class=\"sm mb-2\">mars 13, 2026<\/p>\n\t\t\t\t\t\t\t\t\t\t\t<h4 class=\"mb-4\">Faites une pause. V\u00e9rifiez. Signalez : des mesures concr\u00e8tes pour vous prot\u00e9ger contre les tentatives de fraude<\/h4>\n\t\t\t\t\t\t\t\t\t\t\t<p><p>Mars est le Mois de la pr\u00e9vention de la fraude, un rappel important, puisque les fraudeurs font constamment \u00e9voluer leurs tactiques et leurs messages, nos r\u00e9ponses doivent \u00e9voluer au m\u00eame rythme. Pour vous prot\u00e9ger, il est essentiel de savoir reconna\u00eetre les signes d\u2019alerte et de comprendre les moyens de vous pr\u00e9munir contre les tentatives de fraude.<\/p>\n<\/p>\n\t\t\t\t\t\t\t\t\t\t<\/div>\n\t\t\t\t\t\t\t\t\t<\/div>\n\t\t\t\t\t\t\t\t<\/div>\t\t\t\t\t\t\t\t\t\t\t\t\t\t\t\t\n\t\t\t\t\t\t\t<\/a>\n\t\t\t\t\t\t<\/div>\n\t\t\t\t\t<\/div>\n\t\t\t\t\t\t\t\t\n\t\t\t\t\t\t\t\t\t\t\t\t<div class=\"col-12 col-lg-4\">\n\t\t\t\t\t\t<div class=\"listitem fadein_up\">\n\t\t\t\t\t\t\t<a href=\"https:\/\/canadatelecoms.ca\/fr\/proteger-les-canadiens-contre-les-appels-et-les-messages-frauduleux\/\" class=\"\">\n\t\t\t\t\t\t\t\t<div class=\"thumbnail mb-4\">\n\t\t\t\t\t\t\t\t\t<img loading=\"lazy\" decoding=\"async\" width=\"640\" height=\"480\" src=\"https:\/\/canadatelecoms.ca\/wp-content\/uploads\/2026\/02\/260301-Blog-Image-FR-768x576.png\" class=\"attachment-medium_large size-medium_large wp-post-image\" alt=\"\" srcset=\"https:\/\/canadatelecoms.ca\/wp-content\/uploads\/2026\/02\/260301-Blog-Image-FR-768x576.png 768w, https:\/\/canadatelecoms.ca\/wp-content\/uploads\/2026\/02\/260301-Blog-Image-FR-300x225.png 300w, https:\/\/canadatelecoms.ca\/wp-content\/uploads\/2026\/02\/260301-Blog-Image-FR-1024x768.png 1024w, https:\/\/canadatelecoms.ca\/wp-content\/uploads\/2026\/02\/260301-Blog-Image-FR-1536x1152.png 1536w, https:\/\/canadatelecoms.ca\/wp-content\/uploads\/2026\/02\/260301-Blog-Image-FR-2048x1536.png 2048w\" sizes=\"auto, (max-width: 640px) 100vw, 640px\" \/>\t\t\t\t\t\t\t\t<\/div>\n\t\t\t\t\t\t\t\t<div class=\"content\">\n\t\t\t\t\t\t\t\t\t\n\t\t\t\t\t\t\t\t\t<p class=\"sm mb-2\">mars 1, 2026<\/p>\n\t\t\t\t\t\t\t\t\t<h5 class=\"mb-4\">Mois de la pr\u00e9vention de la fraude: prot\u00e9ger les Canadiens contre les appels et les messages frauduleux<\/h5>\n\t\t\t\t\t\t\t\t<\/div>\n\t\t\t\t\t\t\t<\/a>\n\t\t\t\t\t\t<\/div>\n\t\t\t\t\t<\/div>\n\t\t\t\t\t\t\t\t\n\t\t\t\t\t\t\t\t\t\t\t\t<div class=\"col-12 col-lg-4\">\n\t\t\t\t\t\t<div class=\"listitem fadein_up\">\n\t\t\t\t\t\t\t<a href=\"https:\/\/canadatelecoms.ca\/fr\/de-la-technologie-analogique-aux-reseaux-5g-celebrons-40-ans-de-mobilite-au-canada\/\" class=\"\">\n\t\t\t\t\t\t\t\t<div class=\"thumbnail mb-4\">\n\t\t\t\t\t\t\t\t\t<img loading=\"lazy\" decoding=\"async\" width=\"640\" height=\"528\" src=\"https:\/\/canadatelecoms.ca\/wp-content\/uploads\/2025\/07\/Wireless-40-Carousel-image-768x634.png\" class=\"attachment-medium_large size-medium_large wp-post-image\" alt=\"\" srcset=\"https:\/\/canadatelecoms.ca\/wp-content\/uploads\/2025\/07\/Wireless-40-Carousel-image-768x634.png 768w, https:\/\/canadatelecoms.ca\/wp-content\/uploads\/2025\/07\/Wireless-40-Carousel-image-300x248.png 300w, https:\/\/canadatelecoms.ca\/wp-content\/uploads\/2025\/07\/Wireless-40-Carousel-image-1024x845.png 1024w, https:\/\/canadatelecoms.ca\/wp-content\/uploads\/2025\/07\/Wireless-40-Carousel-image.png 1260w\" sizes=\"auto, (max-width: 640px) 100vw, 640px\" \/>\t\t\t\t\t\t\t\t<\/div>\n\t\t\t\t\t\t\t\t<div class=\"content\">\n\t\t\t\t\t\t\t\t\t\n\t\t\t\t\t\t\t\t\t<p class=\"sm mb-2\">juillet 7, 2025<\/p>\n\t\t\t\t\t\t\t\t\t<h5 class=\"mb-4\">De la technologie analogique aux r\u00e9seaux\u00a05G\u00a0: c\u00e9l\u00e9brons 40\u00a0ans de mobilit\u00e9 au Canada<\/h5>\n\t\t\t\t\t\t\t\t<\/div>\n\t\t\t\t\t\t\t<\/a>\n\t\t\t\t\t\t<\/div>\n\t\t\t\t\t<\/div>\n\t\t\t\t\t\t\t\t\n\t\t\t\t\t\t\t\t\t\t\t\t<div class=\"col-12 col-lg-4\">\n\t\t\t\t\t\t<div class=\"listitem fadein_up\">\n\t\t\t\t\t\t\t<a href=\"https:\/\/canadatelecoms.ca\/fr\/pour-une-economie-solide-et-independante-comment-les-investissements-dans-les-telecommunications-sont-une-priorite-strategique-nationale-pour-le-canada\/\" class=\"\">\n\t\t\t\t\t\t\t\t<div class=\"thumbnail mb-4\">\n\t\t\t\t\t\t\t\t\t<img loading=\"lazy\" decoding=\"async\" width=\"640\" height=\"274\" src=\"https:\/\/canadatelecoms.ca\/wp-content\/uploads\/2025\/06\/250603-FR-Investment-Banner-768x329.png\" class=\"attachment-medium_large size-medium_large wp-post-image\" alt=\"\" srcset=\"https:\/\/canadatelecoms.ca\/wp-content\/uploads\/2025\/06\/250603-FR-Investment-Banner-768x329.png 768w, https:\/\/canadatelecoms.ca\/wp-content\/uploads\/2025\/06\/250603-FR-Investment-Banner-300x128.png 300w, https:\/\/canadatelecoms.ca\/wp-content\/uploads\/2025\/06\/250603-FR-Investment-Banner-1024x438.png 1024w, https:\/\/canadatelecoms.ca\/wp-content\/uploads\/2025\/06\/250603-FR-Investment-Banner-1536x657.png 1536w, https:\/\/canadatelecoms.ca\/wp-content\/uploads\/2025\/06\/250603-FR-Investment-Banner.png 1870w\" sizes=\"auto, (max-width: 640px) 100vw, 640px\" \/>\t\t\t\t\t\t\t\t<\/div>\n\t\t\t\t\t\t\t\t<div class=\"content\">\n\t\t\t\t\t\t\t\t\t\n\t\t\t\t\t\t\t\t\t<p class=\"sm mb-2\">juin 3, 2025<\/p>\n\t\t\t\t\t\t\t\t\t<h5 class=\"mb-4\">Pour une \u00e9conomie solide et ind\u00e9pendante\u00a0: comment les investissements dans les t\u00e9l\u00e9communications sont une priorit\u00e9 strat\u00e9gique nationale pour le Canada<\/h5>\n\t\t\t\t\t\t\t\t<\/div>\n\t\t\t\t\t\t\t<\/a>\n\t\t\t\t\t\t<\/div>\n\t\t\t\t\t<\/div>\n\t\t\t\t\t\t\t\t\n\t\t\t\t\t\t\t\t\t\t\n\t\t\t\t\t<\/div>\n\t<\/div>\n<\/section>\n\n\n<div class=\"wp-block-buttons mt-3 is-layout-flex wp-block-buttons-is-layout-flex\">\n<div class=\"wp-block-button is-style-btn-link\"><a class=\"wp-block-button__link wp-element-button\" href=\"https:\/\/canadatelecoms.ca\/fr\/media-and-events\/all-blog-posts\/\">Tous les articles<\/a><\/div>\n<\/div>\n\n<\/div>\n\t\t\t<\/div>\n\t\t<\/div>\n\t<\/div>\n<\/section>\n\n\n<div style=\"height:25px\" aria-hidden=\"true\" class=\"wp-block-spacer\"><\/div>\n\n\n\n<hr class=\"wp-block-separator has-alpha-channel-opacity\"\/>\n\n\n\n<div style=\"height:25px\" aria-hidden=\"true\" class=\"wp-block-spacer\"><\/div>\n\n\n<section id=\"section-block-block_af24beea30b41b993a26dc31c8288dbe\" class=\"section-block_block\">\n<div class=\"container pt-0 pb-8\">\t\t\t\t\n\t\t<div class=\"row\">\n\t\t\t<div class=\"col-12\">\n\t\t\t\t<div class=\"acf-innerblocks-container\">\n\n<div class=\"wp-block-columns is-layout-flex wp-container-core-columns-is-layout-9d6595d7 wp-block-columns-is-layout-flex\">\n<div class=\"wp-block-column is-layout-flow wp-block-column-is-layout-flow\">\n<h4 class=\"wp-block-heading\">Derni\u00e8res nouvelles<\/h4>\n\n\n<section id=\"post-three-list-block_46fe450d6ec45a790aa4015fe53f9ba6\" class=\"post-three-list_block\">\n\t\t<div class=\"row\">\n\t\t\t\t\t\t\t\t\t\t\t\t\t\t\t\t\t\t\n\t\t\t\t\t<div class=\"col-12 listitem fadein_up\">\n\t\t\t\t\t\t<a href=\"https:\/\/canadatelecoms.ca\/fr\/news\/cutting-red-tape-on-spectrum-fees-will-help-build-a-more-connected-resilient-canada-en-anglais-seulement\/\" class=\"\">\n\t\t\t\t\t\t\t<div class=\"content\">\n\t\t\t\t\t\t\t\t<p class=\"sm mb-2\">d\u00e9cembre 16, 2025 <\/p>\n\t\t\t\t\t\t\t\t<h5 class=\"mb-3\">Cutting Red Tape on Spectrum Fees Will Help Build a More Connected, Resilient Canada (en anglais seulement)<\/h5>\n\t\t\t\t\t\t\t\t\t\t\t\t\t\t\t\t\t<p class=\"sm\"><p>Canada\u2019s telecommunications networks are essential to our economic strength and daily life. Mobile wireless services keep families connected, support public safety and health systems, enable businesses to operate efficiently, and allow Canadians to participate fully in the digital economy. As Ottawa pursues a new red tape reduction agenda, one policy change offers an immediate and meaningful benefit: eliminating annual spectrum licence fees.<\/p>\n<\/p>\n\t\t\t\t\t\t\t\t\t\t\t\t\t\t\t<\/div>\n\t\t\t\t\t\t<\/a>\n\t\t\t\t\t<\/div>\t\t\t\t\n\t\t\t\t\n\t\t\t\t\t\t\t<hr class=\"fadein_up mt-3 mb-3 pb-3\">\t\t\t\t\t\n\t\t\t\t\t<div class=\"col-12 listitem fadein_up\">\n\t\t\t\t\t\t<a href=\"https:\/\/canadatelecoms.ca\/fr\/news\/de-grands-projets-pas-sans-telecommunications\/\" class=\"\">\n\t\t\t\t\t\t\t<div class=\"content\">\n\t\t\t\t\t\t\t\t<p class=\"sm mb-2\">octobre 29, 2025 <\/p>\n\t\t\t\t\t\t\t\t<h5 class=\"mb-3\">De grands projets? Pas sans t\u00e9l\u00e9communications<\/h5>\n\t\t\t\t\t\t\t\t\t\t\t\t\t\t\t\t\t<p class=\"sm\"><p>Le Canada vient d\u2019entrer dans une \u00e8re de grands projets d\u2019int\u00e9r\u00eat national de toute nature. De l\u2019expansion de la production de gaz naturel liqu\u00e9fi\u00e9 \u00e0 la construction d\u2019un train \u00e0 grande vitesse entre Toronto et Qu\u00e9bec, en passant par la mise en valeur des min\u00e9raux critiques et les nouvelles installations portuaires, les diff\u00e9rents ordres de gouvernement, \u00e0 juste titre, se concentrent sur de vastes chantiers ayant le pouvoir de transformer notre \u00e9conomie et de consolider notre place sur l\u2019\u00e9chiquier mondial.<\/p>\n<\/p>\n\t\t\t\t\t\t\t\t\t\t\t\t\t\t\t<\/div>\n\t\t\t\t\t\t<\/a>\n\t\t\t\t\t<\/div>\t\t\t\t\n\t\t\t\t\n\t\t\t\t\t\t\t<hr class=\"fadein_up mt-3 mb-3 pb-3\">\t\t\t\t\t\n\t\t\t\t\t<div class=\"col-12 listitem fadein_up\">\n\t\t\t\t\t\t<a href=\"https:\/\/canadatelecoms.ca\/fr\/news\/lassociation-canadienne-des-telecommunications-salue-le-projet-de-loi-federale-encourageant-des-peines-plus-severes-pour-les-infractions-commises-contre-des-infrastructures-essentielles\/\" class=\"\">\n\t\t\t\t\t\t\t<div class=\"content\">\n\t\t\t\t\t\t\t\t<p class=\"sm mb-2\">octobre 23, 2025 <\/p>\n\t\t\t\t\t\t\t\t<h5 class=\"mb-3\">L\u2019Association canadienne des t\u00e9l\u00e9communications salue le projet de loi f\u00e9d\u00e9rale encourageant des peines plus s\u00e9v\u00e8res pour les infractions commises contre des infrastructures essentielles et des commerces de d\u00e9tail<\/h5>\n\t\t\t\t\t\t\t\t\t\t\t\t\t\t\t\t\t<p class=\"sm\"><p>Le projet de loi C-14 reconna\u00eet les menaces de plus en plus nombreuses qui p\u00e8sent sur les installations essentielles et instaure des mesures de dissuasion plus fortes pour contrer les crimes ciblant les infrastructures de t\u00e9l\u00e9communications et les magasins de d\u00e9tail.<\/p>\n<\/p>\n\t\t\t\t\t\t\t\t\t\t\t\t\t\t\t<\/div>\n\t\t\t\t\t\t<\/a>\n\t\t\t\t\t<\/div>\t\t\t\t\n\t\t\t\t\n\t\t\t\t\t\t\t\t\t\t\n\t\t\t\t\t<\/div>\n<\/section>\n\n\n<div class=\"wp-block-buttons mt-3 is-layout-flex wp-block-buttons-is-layout-flex\">\n<div class=\"wp-block-button is-style-btn-link\"><a class=\"wp-block-button__link wp-element-button\" href=\"https:\/\/canadatelecoms.ca\/fr\/media-and-events\/all-news\/\">Toutes les nouvelles<\/a><\/div>\n<\/div>\n<\/div>\n\n\n\n<div class=\"wp-block-column is-layout-flow wp-block-column-is-layout-flow\" style=\"flex-basis:5%\"><\/div>\n\n\n\n<div class=\"wp-block-column is-layout-flow wp-block-column-is-layout-flow\">\n<h4 class=\"wp-block-heading\">\u00c9v\u00e8nements \u00e0 venir<\/h4>\n\n\n<section id=\"post-three-list-block_489e6776b601f1fb2154db2a0f60ebda\" class=\"post-three-list_block\">\n\t\t<div class=\"row\">\n\t\t\t\t\t\t\t\t\t\t\t<\/div>\n<\/section>\n\n\n<div class=\"wp-block-buttons mt-3 is-layout-flex wp-block-buttons-is-layout-flex\">\n<div class=\"wp-block-button is-style-btn-link\"><a class=\"wp-block-button__link wp-element-button\" href=\"https:\/\/canadatelecoms.ca\/fr\/media-and-events\/all-events\/\">Tous les \u00e9v\u00e9nements \u00e0 venir<\/a><\/div>\n<\/div>\n<\/div>\n<\/div>\n\n<\/div>\n\t\t\t<\/div>\n\t\t<\/div>\n\t<\/div>\n<\/section>\n\n\n<div class=\"wp-block-columns are-vertically-aligned-center bg-gray-gradient content-max-width is-layout-flex wp-container-core-columns-is-layout-9d6595d7 wp-block-columns-is-layout-flex\">\n<div class=\"wp-block-column is-vertically-aligned-center is-layout-flow wp-block-column-is-layout-flow\" style=\"flex-basis:40%\">\n<figure class=\"wp-block-image aligncenter size-full mb-0\"><img loading=\"lazy\" decoding=\"async\" width=\"820\" height=\"728\" src=\"https:\/\/canadatelecoms.ca\/wp-content\/uploads\/2023\/02\/img-industry-cta-kc.jpg\" alt=\"\" class=\"wp-image-170\" srcset=\"https:\/\/canadatelecoms.ca\/wp-content\/uploads\/2023\/02\/img-industry-cta-kc.jpg 820w, https:\/\/canadatelecoms.ca\/wp-content\/uploads\/2023\/02\/img-industry-cta-kc-300x266.jpg 300w, https:\/\/canadatelecoms.ca\/wp-content\/uploads\/2023\/02\/img-industry-cta-kc-768x682.jpg 768w\" sizes=\"auto, (max-width: 820px) 100vw, 820px\" \/><\/figure>\n<\/div>\n\n\n\n<div class=\"wp-block-column is-vertically-aligned-center p-4 px-lg-5 pe-xl-6 is-layout-flow wp-block-column-is-layout-flow\" style=\"flex-basis:60%\">\n<h5 class=\"wp-block-heading\">Centre de connaissances<\/h5>\n\n\n\n<p>Pour en savoir plus sur l\u2019industrie des t\u00e9l\u00e9communications au Canada, notamment pour des statistiques, des rapports, des ressources pour les consommateurs et les derni\u00e8res nouvelles.<\/p>\n\n\n\n<div class=\"wp-block-buttons is-layout-flex wp-block-buttons-is-layout-flex\">\n<div class=\"wp-block-button is-style-btn-link\"><a class=\"wp-block-button__link wp-element-button\" href=\"https:\/\/canadatelecoms.ca\/fr\/centre-de-connaissances\/\">En savoir plus dans notre centre de connaissances<\/a><\/div>\n<\/div>\n<\/div>\n<\/div>\n","protected":false},"excerpt":{"rendered":"<p>Centre de connaissances Pour en savoir plus sur l\u2019industrie des t\u00e9l\u00e9communications au Canada, notamment pour des statistiques, des rapports, des ressources pour les consommateurs et les derni\u00e8res nouvelles.<\/p>\n","protected":false},"author":5,"featured_media":0,"parent":0,"menu_order":100,"comment_status":"closed","ping_status":"closed","template":"","meta":{"_acf_changed":false,"inline_featured_image":false,"footnotes":""},"class_list":["post-605","page","type-page","status-publish","hentry"],"acf":[],"_links":{"self":[{"href":"https:\/\/canadatelecoms.ca\/fr\/wp-json\/wp\/v2\/pages\/605","targetHints":{"allow":["GET"]}}],"collection":[{"href":"https:\/\/canadatelecoms.ca\/fr\/wp-json\/wp\/v2\/pages"}],"about":[{"href":"https:\/\/canadatelecoms.ca\/fr\/wp-json\/wp\/v2\/types\/page"}],"author":[{"embeddable":true,"href":"https:\/\/canadatelecoms.ca\/fr\/wp-json\/wp\/v2\/users\/5"}],"replies":[{"embeddable":true,"href":"https:\/\/canadatelecoms.ca\/fr\/wp-json\/wp\/v2\/comments?post=605"}],"version-history":[{"count":21,"href":"https:\/\/canadatelecoms.ca\/fr\/wp-json\/wp\/v2\/pages\/605\/revisions"}],"predecessor-version":[{"id":3374,"href":"https:\/\/canadatelecoms.ca\/fr\/wp-json\/wp\/v2\/pages\/605\/revisions\/3374"}],"wp:attachment":[{"href":"https:\/\/canadatelecoms.ca\/fr\/wp-json\/wp\/v2\/media?parent=605"}],"curies":[{"name":"wp","href":"https:\/\/api.w.org\/{rel}","templated":true}]}}