{"id":603,"date":"2023-02-21T16:07:51","date_gmt":"2023-02-21T20:07:51","guid":{"rendered":"https:\/\/canadatelecoms.ca\/knowledge-centre\/consumer-resources\/"},"modified":"2023-04-25T22:45:16","modified_gmt":"2023-04-25T22:45:16","slug":"ressources-pour-les-consommateurs","status":"publish","type":"page","link":"https:\/\/canadatelecoms.ca\/fr\/centre-de-connaissances\/ressources-pour-les-consommateurs\/","title":{"rendered":"Ressources pour les consommateurs"},"content":{"rendered":"<section id=\"section-block-block_4f7d2aad2100a3f7d09ebed4e8f4eca9\" class=\"section-block_block\">\n<div class=\"container pt-6 pb-6\">\t\t\t\t\n\t\t<div class=\"row\">\n\t\t\t<div class=\"col-12\">\n\t\t\t\t<div class=\"acf-innerblocks-container\">\n\n<h1 class=\"wp-block-heading has-text-align-center\">Ressources pour les consommateurs<\/h1>\n\n\n\n<p class=\"has-text-align-center px-xl-8 mx-xxl-8\"> \u00catre un consommateur averti de services Internet mobiles sans fil ou fixes vous aidera \u00e0 tirer le meilleur parti de vos services et \u00e0 vous prot\u00e9ger, vous et vos donn\u00e9es. Les ressources suivantes fournissent des renseignements sur l\u2019achat de services, sur ce qu\u2019il faut faire en cas d\u2019urgence, ou en cas de perte ou de vol de votre appareil, sur la fa\u00e7on de prot\u00e9ger vos donn\u00e9es, ainsi que des informations sur d\u2019autres sujets relatifs \u00e0 la protection des consommateurs et \u00e0 la s\u00e9curit\u00e9 publique.<\/p>\n\n<\/div>\n\t\t\t<\/div>\n\t\t<\/div>\n\t<\/div>\n<\/section>\n\n<section id=\"section-block-block_7f3fd3801083709d096e8f8863966a33\" class=\"section-block_block\">\n<div class=\"container pt-5 pt-xl-6 pb-5 pb-xl-6\">\t\t\t\t\n\t\t<div class=\"row\">\n\t\t\t<div class=\"col-12\">\n\t\t\t\t<div class=\"acf-innerblocks-container\">\n\n<div class=\"wp-block-buttons is-layout-flex wp-block-buttons-is-layout-flex\">\n<div class=\"wp-block-button is-style-btn-link-back\"><a class=\"wp-block-button__link wp-element-button\" href=\"https:\/\/canadatelecoms.ca\/fr\/centre-de-connaissances\/\">Centre de connaissances<\/a><\/div>\n<\/div>\n\n\n\n<div class=\"wp-block-query mt-5 is-layout-constrained wp-block-query-is-layout-constrained\"><ul class=\"is-flex-container columns-3 wp-block-post-template is-layout-flow wp-block-post-template-is-layout-flow\"><li class=\"wp-block-post post-4045 consumer_resource type-consumer_resource status-publish hentry resource_type-parent resource_type-parent-fr\">\n<h5 class=\"wp-block-post-title has-text-color has-purple-color\">Pr\u00e9vention de la fraude et mesures de protection<\/h5>\n\n<div class=\"wp-block-post-excerpt\"><p class=\"wp-block-post-excerpt__excerpt\">Les fraudeurs recourent \u00e0 des tactiques de plus en plus sophistiqu\u00e9es pour d\u00e9rober les renseignements personnels des consommateurs et utiliser cette information pour acc\u00e9der \u00e0 leurs comptes bancaires et autres,<\/p><p class=\"wp-block-post-excerpt__more-text\"><a class=\"wp-block-post-excerpt__more-link\" href=\"https:\/\/canadatelecoms.ca\/fr\/consumer_resource\/antifraude\/\">Afficher la ressource<\/a><\/p><\/div>\n\n\n<div style=\"height:48px\" aria-hidden=\"true\" class=\"wp-block-spacer\"><\/div>\n\n<\/li><\/ul>\n\n\n\n<\/div>\n\n<\/div>\n\t\t\t<\/div>\n\t\t<\/div>\n\t<\/div>\n<\/section>","protected":false},"excerpt":{"rendered":"","protected":false},"author":5,"featured_media":0,"parent":594,"menu_order":17,"comment_status":"closed","ping_status":"closed","template":"","meta":{"_acf_changed":false,"inline_featured_image":false,"footnotes":""},"class_list":["post-603","page","type-page","status-publish","hentry"],"acf":[],"_links":{"self":[{"href":"https:\/\/canadatelecoms.ca\/fr\/wp-json\/wp\/v2\/pages\/603","targetHints":{"allow":["GET"]}}],"collection":[{"href":"https:\/\/canadatelecoms.ca\/fr\/wp-json\/wp\/v2\/pages"}],"about":[{"href":"https:\/\/canadatelecoms.ca\/fr\/wp-json\/wp\/v2\/types\/page"}],"author":[{"embeddable":true,"href":"https:\/\/canadatelecoms.ca\/fr\/wp-json\/wp\/v2\/users\/5"}],"replies":[{"embeddable":true,"href":"https:\/\/canadatelecoms.ca\/fr\/wp-json\/wp\/v2\/comments?post=603"}],"version-history":[{"count":7,"href":"https:\/\/canadatelecoms.ca\/fr\/wp-json\/wp\/v2\/pages\/603\/revisions"}],"predecessor-version":[{"id":1930,"href":"https:\/\/canadatelecoms.ca\/fr\/wp-json\/wp\/v2\/pages\/603\/revisions\/1930"}],"up":[{"embeddable":true,"href":"https:\/\/canadatelecoms.ca\/fr\/wp-json\/wp\/v2\/pages\/594"}],"wp:attachment":[{"href":"https:\/\/canadatelecoms.ca\/fr\/wp-json\/wp\/v2\/media?parent=603"}],"curies":[{"name":"wp","href":"https:\/\/api.w.org\/{rel}","templated":true}]}}