{"id":600,"date":"2023-02-21T15:24:20","date_gmt":"2023-02-21T15:24:20","guid":{"rendered":"https:\/\/canadatelecoms.ca\/knowledge-centre\/reports\/"},"modified":"2023-04-25T22:44:55","modified_gmt":"2023-04-25T22:44:55","slug":"rapports","status":"publish","type":"page","link":"https:\/\/canadatelecoms.ca\/fr\/centre-de-connaissances\/rapports\/","title":{"rendered":"Rapports"},"content":{"rendered":"<section id=\"section-block-block_f99fa6a03c398e13b6fdaa53d56c966d\" class=\"section-block_block\">\n<div class=\"container pt-6 pb-6\">\t\t\t\t\n\t\t<div class=\"row\">\n\t\t\t<div class=\"col-12\">\n\t\t\t\t<div class=\"acf-innerblocks-container\">\n\n<h1 class=\"wp-block-heading has-text-align-center\">Perspectives et rapports sur l\u2019industrie<\/h1>\n\n\n\n<p class=\"has-text-align-center px-xl-8 mx-xxl-8\">Pour mieux comprendre le secteur canadien des t\u00e9l\u00e9communications, parcourez les rapports de recherches et d\u2019analyses factuelles publi\u00e9s par des analystes et des experts de l\u2019industrie. <\/p>\n\n<\/div>\n\t\t\t<\/div>\n\t\t<\/div>\n\t<\/div>\n<\/section>\n\n<section id=\"section-block-block_a6fda9c79b34bd8d7bcb71a87c58c8f6\" class=\"section-block_block\">\n<div class=\"container pt-5 pt-xl-6 pb-5 pb-xl-6\">\t\t\t\t\n\t\t<div class=\"row\">\n\t\t\t<div class=\"col-12\">\n\t\t\t\t<div class=\"acf-innerblocks-container\">\n\n<div class=\"wp-block-buttons is-layout-flex wp-block-buttons-is-layout-flex\">\n<div class=\"wp-block-button is-style-btn-link-back\"><a class=\"wp-block-button__link wp-element-button\" href=\"https:\/\/canadatelecoms.ca\/fr\/centre-de-connaissances\/\">Centre de connaissances<\/a><\/div>\n<\/div>\n\n\n\n<div style=\"height:100px\" aria-hidden=\"true\" class=\"wp-block-spacer\"><\/div>\n\n\n<section id=\"reports-block_a2baa57549f528029b76922bdf2b0bfb\" class=\"reports_block\">\n\n\t<div class=\"container pb-6\">\t\t\t\t\n\t\t<div class=\"row\">\n\t\t\t\n\t\t\t\t\t\t\t\t\t\t\t\t\t\t\t\t\t\t\t\t\t\t\t\t\t\t\t\t\t\t\t\t\t\t\n\t\t\t\t<div class=\"col-12 col-md-6 col-lg-4 mb-5 mb-xl-6\">\n\t\t\t\t\t<div class=\"fadein_up\">\n\t\t\t\t\t\t<div class=\"date mb-3\">\t\t\t\t\t\t\t\n\t\t\t\t\t\t\t2026\t\t\t\t\t\t\t\t\t\t\t\t\t\t\n\t\t\t\t\t\t<\/div>\n\t\t\t\t\t\t<a class=\"text-decoration-none\" href=\"https:\/\/canadatelecoms.ca\/wp-content\/uploads\/2026\/03\/Offrir-plus-pour-moins-Comment-les-telecommunications-contribuent-a-reduire-le-cout-de-la-vie-des-menages-canadiens.pdf\">\t\t\t\t\t\t\t\n\t\t\t\t\t\t\t<h5 class=\"text-primary\">\n\t\t\t\t\t\t\t\tOffrir plus pour moins : Comment les t\u00e9l\u00e9communications contribuent \u00e0 r\u00e9duire le co\u00fbt de la vie des m\u00e9nages canadiens\t\t\t\t\t\t\t<\/h5>\n\t\t\t\t\t\t<\/a>\n\t\t\t\t\t\t<div class=\"card__text\">\n\t\t\t\t\t\t\t<p>Alors que le co\u00fbt de biens essentiels comme le logement, l\u2019alimentation et le transport augmente plus rapidement que les revenus, un nouveau rapport de PricewaterhouseCoopers (PwC) montre que le secteur des t\u00e9l\u00e9communications \u00e9volue dans la direction oppos\u00e9e, en offrant aux consommateurs davantage pour moins cher.<\/p>\n\t\t\t\t\t\t<\/div>\t\t\t\t\t\t\t\n\t\t\t\t\t\t<a target=\"_blank\" href=\"https:\/\/canadatelecoms.ca\/wp-content\/uploads\/2026\/03\/Offrir-plus-pour-moins-Comment-les-telecommunications-contribuent-a-reduire-le-cout-de-la-vie-des-menages-canadiens.pdf\" class=\"btn btn-link\">Voir le rapport<\/a>\t\t\t\t\t\t\t\n\t\t\t\t\t<\/div>\n\t\t\t\t<\/div>\n\t\t\t\t\n\t\t\t\t\t\t\t\t\t\t\t\t\t\t\t\t\t\t\t\t\t\t\t\t\t\t\t\t\n\t\t\t\t<div class=\"col-12 col-md-6 col-lg-4 mb-5 mb-xl-6\">\n\t\t\t\t\t<div class=\"fadein_up\">\n\t\t\t\t\t\t<div class=\"date mb-3\">\t\t\t\t\t\t\t\n\t\t\t\t\t\t\t2025\t\t\t\t\t\t\t\t\t\t\t\t\t\t\n\t\t\t\t\t\t<\/div>\n\t\t\t\t\t\t<a class=\"text-decoration-none\" href=\"https:\/\/canadatelecoms.ca\/wp-content\/uploads\/2025\/06\/ericsson-mobility-report-june-2025.pdf\">\t\t\t\t\t\t\t\n\t\t\t\t\t\t\t<h5 class=\"text-primary\">\n\t\t\t\t\t\t\t\tMobility Report 2025 (en anglais seulement), Ericsson\t\t\t\t\t\t\t<\/h5>\n\t\t\t\t\t\t<\/a>\n\t\t\t\t\t\t<div class=\"card__text\">\n\t\t\t\t\t\t\t<p>D\u00e9couvrez les derni\u00e8res tendances et donn\u00e9es de l\u2019industrie des t\u00e9l\u00e9communications, ainsi que les pr\u00e9visions sur l\u2019\u00e9volution des abonnements 5G et du trafic de donn\u00e9es sur les r\u00e9seaux.<\/p>\n\t\t\t\t\t\t<\/div>\t\t\t\t\t\t\t\n\t\t\t\t\t\t<a target=\"_blank\" href=\"https:\/\/canadatelecoms.ca\/wp-content\/uploads\/2025\/06\/ericsson-mobility-report-june-2025.pdf\" class=\"btn btn-link\">Voir le rapport<\/a>\t\t\t\t\t\t\t\n\t\t\t\t\t<\/div>\n\t\t\t\t<\/div>\n\t\t\t\t\n\t\t\t\t\t\t\t\t\t\t\t\t\t\t\t\t\t\t\t\t\t\t\t\t\t\t\t\t\n\t\t\t\t<div class=\"col-12 col-md-6 col-lg-4 mb-5 mb-xl-6\">\n\t\t\t\t\t<div class=\"fadein_up\">\n\t\t\t\t\t\t<div class=\"date mb-3\">\t\t\t\t\t\t\t\n\t\t\t\t\t\t\t2025\t\t\t\t\t\t\t\t\t\t\t\t\t\t\n\t\t\t\t\t\t<\/div>\n\t\t\t\t\t\t<a class=\"text-decoration-none\" href=\"https:\/\/canadatelecoms.ca\/wp-content\/uploads\/2025\/06\/Favoriser-lindependance-economique-et-la-competitivite-mondiale-du-Canada-grace-aux-telecommunications.pdf\">\t\t\t\t\t\t\t\n\t\t\t\t\t\t\t<h5 class=\"text-primary\">\n\t\t\t\t\t\t\t\tFavoriser l\u2019ind\u00e9pendance \u00e9conomique et la comp\u00e9titivit\u00e9 mondiale du Canada gr\u00e2ce aux t\u00e9l\u00e9communications\t\t\t\t\t\t\t<\/h5>\n\t\t\t\t\t\t<\/a>\n\t\t\t\t\t\t<div class=\"card__text\">\n\t\t\t\t\t\t\t<p>Un nouveau rapport publi\u00e9 par PricewaterhouseCoopers (PwC) et command\u00e9 par l\u2019Association canadienne des t\u00e9l\u00e9communications r\u00e9v\u00e8le \u00e0 quel point l\u2019industrie des t\u00e9l\u00e9communications est essentielle \u2013 non seulement pour garder les Canadiens branch\u00e9s, mais aussi pour stimuler la productivit\u00e9 nationale, l\u2019ind\u00e9pendance \u00e9conomique et la concurrence mondiale.<\/p>\n\t\t\t\t\t\t<\/div>\t\t\t\t\t\t\t\n\t\t\t\t\t\t<a target=\"_blank\" href=\"https:\/\/canadatelecoms.ca\/wp-content\/uploads\/2025\/06\/Favoriser-lindependance-economique-et-la-competitivite-mondiale-du-Canada-grace-aux-telecommunications.pdf\" class=\"btn btn-link\">Voir le rapport<\/a>\t\t\t\t\t\t\t\n\t\t\t\t\t<\/div>\n\t\t\t\t<\/div>\n\t\t\t\t\n\t\t\t\t\t\t\t\t\t\t\t\t\t\t\t\t\t\t\t\t\t\t\t\t\t \n\t\t\t\t\t\t\t\t\n\t\t\t\t<div class=\"col-12 col-md-6 col-lg-4 mb-5 mb-xl-6\">\n\t\t\t\t\t<div class=\"fadein_up\">\n\t\t\t\t\t\t<div class=\"date mb-3\">\t\t\t\t\t\t\t\n\t\t\t\t\t\t\t2024\t\t\t\t\t\t\t\t\t\t\t\t\t\t\n\t\t\t\t\t\t<\/div>\n\t\t\t\t\t\t<a class=\"text-decoration-none\" href=\"https:\/\/www.ericsson.com\/en\/reports-and-papers\/mobility-report\/reports\/november-2024\">\t\t\t\t\t\t\t\n\t\t\t\t\t\t\t<h5 class=\"text-primary\">\n\t\t\t\t\t\t\t\tMobility Report 2024 (en anglais seulement), Ericsson\t\t\t\t\t\t\t<\/h5>\n\t\t\t\t\t\t<\/a>\n\t\t\t\t\t\t<div class=\"card__text\">\n\t\t\t\t\t\t\t<p>D\u00e9couvrez les tendances actuelles et les projections relatives \u00e0 la 5G, aux services de donn\u00e9es mobiles, aux abonnements aux services mobiles, aux services sans fil fixes, \u00e0 l\u2019Internet des objets et plus encore.<\/p>\n\t\t\t\t\t\t<\/div>\t\t\t\t\t\t\t\n\t\t\t\t\t\t<a target=\"_blank\" href=\"https:\/\/www.ericsson.com\/en\/reports-and-papers\/mobility-report\/reports\/november-2024\" class=\"btn btn-link\">Voir le rapport<\/a>\t\t\t\t\t\t\t\n\t\t\t\t\t<\/div>\n\t\t\t\t<\/div>\n\t\t\t\t\n\t\t\t\t\t\t\t\t\t\t\t\t\t\t\t\t\t\t\t\t\t\t\t\t\t\t\t\t\n\t\t\t\t<div class=\"col-12 col-md-6 col-lg-4 mb-5 mb-xl-6\">\n\t\t\t\t\t<div class=\"fadein_up\">\n\t\t\t\t\t\t<div class=\"date mb-3\">\t\t\t\t\t\t\t\n\t\t\t\t\t\t\t2024\t\t\t\t\t\t\t\t\t\t\t\t\t\t\n\t\t\t\t\t\t<\/div>\n\t\t\t\t\t\t<a class=\"text-decoration-none\" href=\"https:\/\/canadatelecoms.ca\/wp-content\/uploads\/2024\/06\/Perceptions-des-couts-et-des-plans-sans-fil.pdf\">\t\t\t\t\t\t\t\n\t\t\t\t\t\t\t<h5 class=\"text-primary\">\n\t\t\t\t\t\t\t\tPerceptions des co\u00fbts et des plans sans fil\t\t\t\t\t\t\t<\/h5>\n\t\t\t\t\t\t<\/a>\n\t\t\t\t\t\t<div class=\"card__text\">\n\t\t\t\t\t\t\t<p>Lisez un sondage Abacus Data aupr\u00e8s des consommateurs sur la perception des consommateurs canadiens concernant les co\u00fbts et les forfaits sans fil.<\/p>\n\t\t\t\t\t\t<\/div>\t\t\t\t\t\t\t\n\t\t\t\t\t\t<a target=\"_blank\" href=\"https:\/\/canadatelecoms.ca\/wp-content\/uploads\/2024\/06\/Perceptions-des-couts-et-des-plans-sans-fil.pdf\" class=\"btn btn-link\">Voir le rapport<\/a>\t\t\t\t\t\t\t\n\t\t\t\t\t<\/div>\n\t\t\t\t<\/div>\n\t\t\t\t\n\t\t\t\t\t\t\t\t\t\t\t\t\t\t\t\t\t\t\t\t\t\t\t\t\t\t\t\t\n\t\t\t\t<div class=\"col-12 col-md-6 col-lg-4 mb-5 mb-xl-6\">\n\t\t\t\t\t<div class=\"fadein_up\">\n\t\t\t\t\t\t<div class=\"date mb-3\">\t\t\t\t\t\t\t\n\t\t\t\t\t\t\t2024\t\t\t\t\t\t\t\t\t\t\t\t\t\t\n\t\t\t\t\t\t<\/div>\n\t\t\t\t\t\t<a class=\"text-decoration-none\" href=\"https:\/\/canadatelecoms.ca\/wp-content\/uploads\/2024\/06\/Un-moteur-pour-la-productivite-du-Canada.pdf\">\t\t\t\t\t\t\t\n\t\t\t\t\t\t\t<h5 class=\"text-primary\">\n\t\t\t\t\t\t\t\tUn moteur pour la productivit\u00e9 du Canada : L\u2019incidence du secteur des t\u00e9l\u00e9communications et son r\u00f4le dans l\u2019am\u00e9lioration de la productivit\u00e9\t\t\t\t\t\t\t<\/h5>\n\t\t\t\t\t\t<\/a>\n\t\t\t\t\t\t<div class=\"card__text\">\n\t\t\t\t\t\t\t<p>D\u00e9couvrez comment les investissements du secteur des t\u00e9l\u00e9communications dans l\u2019infrastructure sont un v\u00e9ritable moteur pour l\u2019\u00e9conomie canadienne, ainsi que et leur r\u00f4le essentiel pour acc\u00e9l\u00e9rer le virage num\u00e9rique de l\u2019\u00e9conomie, stimuler sa croissance et \u00e9lectriser la productivit\u00e9 du travail, qui accuse des retards.<\/p>\n\t\t\t\t\t\t<\/div>\t\t\t\t\t\t\t\n\t\t\t\t\t\t<a target=\"_blank\" href=\"https:\/\/canadatelecoms.ca\/wp-content\/uploads\/2024\/06\/Un-moteur-pour-la-productivite-du-Canada.pdf\" class=\"btn btn-link\">Voir le rapport<\/a>\t\t\t\t\t\t\t\n\t\t\t\t\t<\/div>\n\t\t\t\t<\/div>\n\t\t\t\t\n\t\t\t\t\t\t\t\t\t\t<div class=\"pagination\">\n\t\t\t<span aria-current=\"page\" class=\"page-numbers current\">1<\/span>\n<a class=\"page-numbers\" href=\"https:\/\/canadatelecoms.ca\/fr\/wp-json\/wp\/v2\/pages\/600\/page\/2\/\">2<\/a>\n<a class=\"page-numbers\" href=\"https:\/\/canadatelecoms.ca\/fr\/wp-json\/wp\/v2\/pages\/600\/page\/3\/\">3<\/a>\n<span class=\"page-numbers dots\">\u2026<\/span>\n<a class=\"page-numbers\" href=\"https:\/\/canadatelecoms.ca\/fr\/wp-json\/wp\/v2\/pages\/600\/page\/7\/\">7<\/a>\n<a class=\"next page-numbers\" href=\"https:\/\/canadatelecoms.ca\/fr\/wp-json\/wp\/v2\/pages\/600\/page\/2\/\">Suivant\u00a0\u00bb<\/a>\t\t\t<\/div>\n\t\t\n\t\t\t\t\t<\/div>\n\t<\/div>\n<\/section>\n<\/div>\n\t\t\t<\/div>\n\t\t<\/div>\n\t<\/div>\n<\/section>","protected":false},"excerpt":{"rendered":"","protected":false},"author":5,"featured_media":0,"parent":594,"menu_order":16,"comment_status":"closed","ping_status":"closed","template":"","meta":{"_acf_changed":false,"inline_featured_image":false,"footnotes":""},"class_list":["post-600","page","type-page","status-publish","hentry"],"acf":[],"_links":{"self":[{"href":"https:\/\/canadatelecoms.ca\/fr\/wp-json\/wp\/v2\/pages\/600","targetHints":{"allow":["GET"]}}],"collection":[{"href":"https:\/\/canadatelecoms.ca\/fr\/wp-json\/wp\/v2\/pages"}],"about":[{"href":"https:\/\/canadatelecoms.ca\/fr\/wp-json\/wp\/v2\/types\/page"}],"author":[{"embeddable":true,"href":"https:\/\/canadatelecoms.ca\/fr\/wp-json\/wp\/v2\/users\/5"}],"replies":[{"embeddable":true,"href":"https:\/\/canadatelecoms.ca\/fr\/wp-json\/wp\/v2\/comments?post=600"}],"version-history":[{"count":6,"href":"https:\/\/canadatelecoms.ca\/fr\/wp-json\/wp\/v2\/pages\/600\/revisions"}],"predecessor-version":[{"id":1996,"href":"https:\/\/canadatelecoms.ca\/fr\/wp-json\/wp\/v2\/pages\/600\/revisions\/1996"}],"up":[{"embeddable":true,"href":"https:\/\/canadatelecoms.ca\/fr\/wp-json\/wp\/v2\/pages\/594"}],"wp:attachment":[{"href":"https:\/\/canadatelecoms.ca\/fr\/wp-json\/wp\/v2\/media?parent=600"}],"curies":[{"name":"wp","href":"https:\/\/api.w.org\/{rel}","templated":true}]}}