{"id":597,"date":"2023-02-22T14:18:44","date_gmt":"2023-02-22T18:18:44","guid":{"rendered":"https:\/\/canadatelecoms.ca\/knowledge-centre\/industry-data\/"},"modified":"2026-03-16T14:35:35","modified_gmt":"2026-03-16T18:35:35","slug":"donnees-sur-lindustrie","status":"publish","type":"page","link":"https:\/\/canadatelecoms.ca\/fr\/centre-de-connaissances\/donnees-sur-lindustrie\/","title":{"rendered":"Donn\u00e9es sur l\u2019industrie"},"content":{"rendered":"<section id=\"section-block-block_dd94262620d97886d65cf453384f938f\" class=\"section-block_block\">\n<div class=\"container pt-6 pb-0\">\t\t\t\t\n\t\t<div class=\"row\">\n\t\t\t<div class=\"col-12\">\n\t\t\t\t<div class=\"acf-innerblocks-container\">\n\n<h1 class=\"wp-block-heading has-text-align-center\">Donn\u00e9es sur l\u2019industrie<\/h1>\n\n\n\n<p class=\"has-text-align-center\">Pour obtenir les faits sur l\u2019industrie des t\u00e9l\u00e9communications au Canada, notamment des donn\u00e9es sur la contribution \u00e9conomique des acteurs du milieu, le rendement et la couverture des r\u00e9seaux, le taux de p\u00e9n\u00e9tration et la valeur de retour.<\/p>\n\n\n\n<div style=\"height:96px\" aria-hidden=\"true\" class=\"wp-block-spacer\"><\/div>\n\n\n\n<div class=\"wp-block-buttons is-layout-flex wp-block-buttons-is-layout-flex\">\n<div class=\"wp-block-button is-style-btn-link-back\"><a class=\"wp-block-button__link wp-element-button\" href=\"https:\/\/canadatelecoms.ca\/fr\/centre-de-connaissances\/\">Centre de connaissances<\/a><\/div>\n<\/div>\n\n<\/div>\n\t\t\t<\/div>\n\t\t<\/div>\n\t<\/div>\n<\/section>\n\n<section id=\"section-block-block_fee589bbee8c6ca61f5d83cef4a20009\" class=\"section-block_block\">\n<div class=\"container pt-5 pb-0\">\t\t\t\t\n\t\t<div class=\"row\">\n\t\t\t<div class=\"col-12\">\n\t\t\t\t<div class=\"acf-innerblocks-container\">\n<section id=\"accordion-block_6b59947ea35b713983cacc649daf59ba\" class=\"accordion_block px-lg-0\">\n\t<div class=\"container \">\t\t\t\t\n\t\t<div class=\"row align-items-start \">\n\t\t\t<div class=\"col-12\">\n\t\t\t\t<!-- Your HTML code here -->\n\t\t\t\t<div id=\"accordion-accordion-block_6b59947ea35b713983cacc649daf59ba\">\n\t\t\t\t\t\t\t\t\t<div class=\"accordion-item fadein_up\" >\n\t\t\t\t\t<div class=\"accordion-header\" id=\"heading-accordion-block_6b59947ea35b713983cacc649daf59ba-0\">\n\t\t\t\t\t\t<h4 class=\"mb-0\">\n\t\t\t\t\t\t\t<button class=\"\" type=\"button\" data-bs-toggle=\"collapse\" data-bs-target=\"#collapse-accordion-block_6b59947ea35b713983cacc649daf59ba-0\" aria-expanded=\"true\" aria-controls=\"collapse-accordion-block_6b59947ea35b713983cacc649daf59ba-0\">\n\t\t\t\t\t\t\t\tImpact \u00e9conomique\t\t\t\t\t\t\t\t<div class=\"icon\"><\/div>\n\t\t\t\t\t\t\t<\/button>\n\t\t\t\t\t\t<\/h4>\n\t\t\t\t\t<\/div>\n\n\t\t\t\t\t<div id=\"collapse-accordion-block_6b59947ea35b713983cacc649daf59ba-0\" class=\"collapse show\" aria-labelledby=\"heading-accordion-block_6b59947ea35b713983cacc649daf59ba-0\" data-parent=\"#accordion-accordion-block_6b59947ea35b713983cacc649daf59ba\">\n\t\t\t\t\t\t<div class=\"accordion-body\">\n\t\t\t\t\t\t<p><p>Le secteur canadien des t\u00e9l\u00e9communications a non seulement transform\u00e9 la fa\u00e7on dont les Canadiens communiquent, travaillent et se divertissent, mais il stimule \u00e9galement la croissance \u00e9conomique et l\u2019innovation tout en soutenant des centaines de milliers d\u2019emplois dans une multitude de secteurs.<\/p>\n<p><a href=\"https:\/\/canadatelecoms.ca\/fr\/industry_data\/pib-et-emplois-soutenus\/\" target=\"_blank\">PIB et emplois soutenus<\/a><\/p>\n<\/p>\n\t\t\t\t\t\t<\/div>\n\t\t\t\t\t<\/div>\n\t\t\t\t\t<\/div>\n\t\t\t\t\t\t\t\t\t<div class=\"accordion-item fadein_up\" >\n\t\t\t\t\t<div class=\"accordion-header\" id=\"heading-accordion-block_6b59947ea35b713983cacc649daf59ba-1\">\n\t\t\t\t\t\t<h4 class=\"mb-0\">\n\t\t\t\t\t\t\t<button class=\"\" type=\"button\" data-bs-toggle=\"collapse\" data-bs-target=\"#collapse-accordion-block_6b59947ea35b713983cacc649daf59ba-1\" aria-expanded=\"false\" aria-controls=\"collapse-accordion-block_6b59947ea35b713983cacc649daf59ba-1\">\n\t\t\t\t\t\t\t\tInvestissement\t\t\t\t\t\t\t\t<div class=\"icon\"><\/div>\n\t\t\t\t\t\t\t<\/button>\n\t\t\t\t\t\t<\/h4>\n\t\t\t\t\t<\/div>\n\n\t\t\t\t\t<div id=\"collapse-accordion-block_6b59947ea35b713983cacc649daf59ba-1\" class=\"collapse \" aria-labelledby=\"heading-accordion-block_6b59947ea35b713983cacc649daf59ba-1\" data-parent=\"#accordion-accordion-block_6b59947ea35b713983cacc649daf59ba\">\n\t\t\t\t\t\t<div class=\"accordion-body\">\n\t\t\t\t\t\t<p><p>Le leadership du Canada en mati\u00e8re de t\u00e9l\u00e9communications n\u2019est possible que gr\u00e2ce aux investissements massifs r\u00e9alis\u00e9s par les entreprises qui construisent et exploitent les r\u00e9seaux de t\u00e9l\u00e9communications de calibre mondial du Canada, comme Bell, Rogers, TELUS, Vid\u00e9otron, SaskTel, Eastlink, Xplore et Tbaytel.<\/p>\n<p><a href=\"https:\/\/canadatelecoms.ca\/fr\/industry_data\/depenses-en-capital\/\" target=\"_blank\">D\u00e9penses en capital<\/a><\/p>\n<p><a href=\"https:\/\/canadatelecoms.ca\/fr\/industry_data\/depenses-en-capital-comparaison-internationale\/\" target=\"_blank\">D\u00e9penses en capital \u2013comparaison internationale<\/a><\/p>\n<p><a href=\"https:\/\/canadatelecoms.ca\/fr\/industry_data\/spectre-depenses-par-encheres-et-par-annee\/\" target=\"_blank\">Spectre \u2013 d\u00e9penses par ench\u00e8res et par ann\u00e9e<\/a><\/p>\n<\/p>\n\t\t\t\t\t\t<\/div>\n\t\t\t\t\t<\/div>\n\t\t\t\t\t<\/div>\n\t\t\t\t\t\t\t\t\t<div class=\"accordion-item fadein_up\" >\n\t\t\t\t\t<div class=\"accordion-header\" id=\"heading-accordion-block_6b59947ea35b713983cacc649daf59ba-2\">\n\t\t\t\t\t\t<h4 class=\"mb-0\">\n\t\t\t\t\t\t\t<button class=\"\" type=\"button\" data-bs-toggle=\"collapse\" data-bs-target=\"#collapse-accordion-block_6b59947ea35b713983cacc649daf59ba-2\" aria-expanded=\"false\" aria-controls=\"collapse-accordion-block_6b59947ea35b713983cacc649daf59ba-2\">\n\t\t\t\t\t\t\t\tCouverture\t\t\t\t\t\t\t\t<div class=\"icon\"><\/div>\n\t\t\t\t\t\t\t<\/button>\n\t\t\t\t\t\t<\/h4>\n\t\t\t\t\t<\/div>\n\n\t\t\t\t\t<div id=\"collapse-accordion-block_6b59947ea35b713983cacc649daf59ba-2\" class=\"collapse \" aria-labelledby=\"heading-accordion-block_6b59947ea35b713983cacc649daf59ba-2\" data-parent=\"#accordion-accordion-block_6b59947ea35b713983cacc649daf59ba\">\n\t\t\t\t\t\t<div class=\"accordion-body\">\n\t\t\t\t\t\t<p><p>Bien que la population soit dispers\u00e9e sur un vaste territoire, la plupart des Canadiens ont acc\u00e8s \u00e0 des services de t\u00e9l\u00e9communications sans fil et filaires. La situation s\u2019am\u00e9liore en outre constamment, car les exploitants propri\u00e9taires de r\u00e9seaux au Canada continuent d\u2019investir des milliards de dollars chaque ann\u00e9e pour \u00e9tendre et am\u00e9liorer leur infrastructure et ils ont \u00e9tabli des partenariats avec diff\u00e9rents paliers de gouvernement pour \u00e9tendre la couverture aux communaut\u00e9s \u00e9loign\u00e9es.<\/p>\n<p><a href=\"https:\/\/canadatelecoms.ca\/fr\/industry_data\/couverture-mobile-au-canada\/\" target=\"_blank\">Couverture mobile au Canada<\/a><\/p>\n<p><a href=\"https:\/\/canadatelecoms.ca\/fr\/industry_data\/deploiement-des-reseaux-mobiles-par-pays\/\" target=\"_blank\">D\u00e9ploiement des r\u00e9seaux mobiles par pays<\/a><\/p>\n<p><a href=\"https:\/\/canadatelecoms.ca\/fr\/industry_data\/acces-a-internet-haute-vitesse-au-canada\/\" target=\"_blank\">Acc\u00e8s \u00e0 Internet haute vitesse au Canada<\/a><\/p>\n<p><a href=\"https:\/\/canadatelecoms.ca\/fr\/industry_data\/combler-le-fosse-numerique\/\" target=\"_blank\">Combler le foss\u00e9 num\u00e9rique<\/a><\/p>\n<\/p>\n\t\t\t\t\t\t<\/div>\n\t\t\t\t\t<\/div>\n\t\t\t\t\t<\/div>\n\t\t\t\t\t\t\t\t\t<div class=\"accordion-item fadein_up\" >\n\t\t\t\t\t<div class=\"accordion-header\" id=\"heading-accordion-block_6b59947ea35b713983cacc649daf59ba-3\">\n\t\t\t\t\t\t<h4 class=\"mb-0\">\n\t\t\t\t\t\t\t<button class=\"\" type=\"button\" data-bs-toggle=\"collapse\" data-bs-target=\"#collapse-accordion-block_6b59947ea35b713983cacc649daf59ba-3\" aria-expanded=\"false\" aria-controls=\"collapse-accordion-block_6b59947ea35b713983cacc649daf59ba-3\">\n\t\t\t\t\t\t\t\tRendement\t\t\t\t\t\t\t\t<div class=\"icon\"><\/div>\n\t\t\t\t\t\t\t<\/button>\n\t\t\t\t\t\t<\/h4>\n\t\t\t\t\t<\/div>\n\n\t\t\t\t\t<div id=\"collapse-accordion-block_6b59947ea35b713983cacc649daf59ba-3\" class=\"collapse \" aria-labelledby=\"heading-accordion-block_6b59947ea35b713983cacc649daf59ba-3\" data-parent=\"#accordion-accordion-block_6b59947ea35b713983cacc649daf59ba\">\n\t\t\t\t\t\t<div class=\"accordion-body\">\n\t\t\t\t\t\t<p><p>En d\u00e9pit des co\u00fbts de construction et d\u2019entretien de l\u2019infrastructure de r\u00e9seaux dans un pays o\u00f9 la population est dispers\u00e9e sur un immense territoire, le Canada se classe r\u00e9guli\u00e8rement parmi les pays qui ont des services sans fil mobiles et des services Internet haute vitesse de grande qualit\u00e9.<\/p>\n<p><a href=\"https:\/\/canadatelecoms.ca\/fr\/industry_data\/vitesse-de-telechargement-des-services-mobiles-sans-fil\/\" target=\"_blank\">Vitesse de t\u00e9l\u00e9chargement des services mobiles sans fil<\/a><\/p>\n<p><a href=\"https:\/\/canadatelecoms.ca\/fr\/industry_data\/reseaux-mobiles-sans-fil-indice-de-qualite\/\" target=\"_blank\">R\u00e9seaux mobiles sans fil \u2013 Indice de qualit\u00e9<\/a><\/p>\n<p><a href=\"https:\/\/canadatelecoms.ca\/fr\/industry_data\/internet-haute-vitesse\/\" target=\"_blank\">Internet haute vitesse<\/a><\/p>\n<\/p>\n\t\t\t\t\t\t<\/div>\n\t\t\t\t\t<\/div>\n\t\t\t\t\t<\/div>\n\t\t\t\t\t\t\t\t\t<div class=\"accordion-item fadein_up\" >\n\t\t\t\t\t<div class=\"accordion-header\" id=\"heading-accordion-block_6b59947ea35b713983cacc649daf59ba-4\">\n\t\t\t\t\t\t<h4 class=\"mb-0\">\n\t\t\t\t\t\t\t<button class=\"\" type=\"button\" data-bs-toggle=\"collapse\" data-bs-target=\"#collapse-accordion-block_6b59947ea35b713983cacc649daf59ba-4\" aria-expanded=\"false\" aria-controls=\"collapse-accordion-block_6b59947ea35b713983cacc649daf59ba-4\">\n\t\t\t\t\t\t\t\tAbonnements\t\t\t\t\t\t\t\t<div class=\"icon\"><\/div>\n\t\t\t\t\t\t\t<\/button>\n\t\t\t\t\t\t<\/h4>\n\t\t\t\t\t<\/div>\n\n\t\t\t\t\t<div id=\"collapse-accordion-block_6b59947ea35b713983cacc649daf59ba-4\" class=\"collapse \" aria-labelledby=\"heading-accordion-block_6b59947ea35b713983cacc649daf59ba-4\" data-parent=\"#accordion-accordion-block_6b59947ea35b713983cacc649daf59ba\">\n\t\t\t\t\t\t<div class=\"accordion-body\">\n\t\t\t\t\t\t<p><p>Chaque ann\u00e9e, de plus en plus de Canadiens utilisent les services de t\u00e9l\u00e9communications pour rester en contact avec la famille et les amis, consommer du contenu et travailler \u00e0 distance. L\u2019importance accrue des t\u00e9l\u00e9communications se traduit par une demande croissante pour les services filaires et sans fil.<\/p>\n<p><a href=\"https:\/\/canadatelecoms.ca\/fr\/industry_data\/abonnements-a-la-telephonie-mobile\/\" target=\"_blank\">Abonnements \u00e0 la t\u00e9l\u00e9phonie mobile (CRTC)<\/a><\/p>\n<p><a href=\"https:\/\/canadatelecoms.ca\/wp-content\/uploads\/2026\/03\/Wireless-fr-Carriers-Sub-Stats-Q4-2025.pdf\" target=\"_blank\">Nombre d\u2019abonn\u00e9s au sans-fil au Canada (rapports des entreprises)<\/a><\/p>\n<p><a href=\"https:\/\/canadatelecoms.ca\/fr\/industry_data\/abonnements-a-internet-haute-vitesse\/\" target=\"_blank\">Abonnements \u00e0 Internet haute vitesse (CRTC)<\/a><\/p>\n<p><a href=\"https:\/\/canadatelecoms.ca\/wp-content\/uploads\/2026\/03\/Wireline-fr-Carriers-Sub-Stats-Q4-2025.pdf\" target=\"_blank\">Nombre d\u2019abonn\u00e9s \u00e0 Internet haute vitesse au Canada (rapports des entreprises)<\/a><\/p>\n<\/p>\n\t\t\t\t\t\t<\/div>\n\t\t\t\t\t<\/div>\n\t\t\t\t\t<\/div>\n\t\t\t\t\t\t\t\t\t<div class=\"accordion-item fadein_up\" >\n\t\t\t\t\t<div class=\"accordion-header\" id=\"heading-accordion-block_6b59947ea35b713983cacc649daf59ba-5\">\n\t\t\t\t\t\t<h4 class=\"mb-0\">\n\t\t\t\t\t\t\t<button class=\"\" type=\"button\" data-bs-toggle=\"collapse\" data-bs-target=\"#collapse-accordion-block_6b59947ea35b713983cacc649daf59ba-5\" aria-expanded=\"false\" aria-controls=\"collapse-accordion-block_6b59947ea35b713983cacc649daf59ba-5\">\n\t\t\t\t\t\t\t\tUtilisation\t\t\t\t\t\t\t\t<div class=\"icon\"><\/div>\n\t\t\t\t\t\t\t<\/button>\n\t\t\t\t\t\t<\/h4>\n\t\t\t\t\t<\/div>\n\n\t\t\t\t\t<div id=\"collapse-accordion-block_6b59947ea35b713983cacc649daf59ba-5\" class=\"collapse \" aria-labelledby=\"heading-accordion-block_6b59947ea35b713983cacc649daf59ba-5\" data-parent=\"#accordion-accordion-block_6b59947ea35b713983cacc649daf59ba\">\n\t\t\t\t\t\t<div class=\"accordion-body\">\n\t\t\t\t\t\t<p><p>La consommation croissante de donn\u00e9es sur les services mobiles et sur Internet par la population canadienne d\u00e9montre bien l\u2019importance de la connectivit\u00e9.<\/p>\n<p><a href=\"https:\/\/canadatelecoms.ca\/fr\/industry_data\/utilisation-moyenne-de-donnees-mobiles-en-go-par-mois\/\" target=\"_blank\">Utilisation moyenne de donn\u00e9es mobiles (en Go par mois)<\/a><\/p>\n<p><a href=\"https:\/\/canadatelecoms.ca\/fr\/industry_data\/internet-haute-vitesse-utilisation-moyenne-de-donnees-par-abonne-en-liaison-descendante\/\" target=\"_blank\">Internet haute vitesse<\/a><\/p>\n<\/p>\n\t\t\t\t\t\t<\/div>\n\t\t\t\t\t<\/div>\n\t\t\t\t\t<\/div>\n\t\t\t\t\t\t\t\t\t<div class=\"accordion-item fadein_up\" >\n\t\t\t\t\t<div class=\"accordion-header\" id=\"heading-accordion-block_6b59947ea35b713983cacc649daf59ba-6\">\n\t\t\t\t\t\t<h4 class=\"mb-0\">\n\t\t\t\t\t\t\t<button class=\"\" type=\"button\" data-bs-toggle=\"collapse\" data-bs-target=\"#collapse-accordion-block_6b59947ea35b713983cacc649daf59ba-6\" aria-expanded=\"false\" aria-controls=\"collapse-accordion-block_6b59947ea35b713983cacc649daf59ba-6\">\n\t\t\t\t\t\t\t\tValeur et prix\t\t\t\t\t\t\t\t<div class=\"icon\"><\/div>\n\t\t\t\t\t\t\t<\/button>\n\t\t\t\t\t\t<\/h4>\n\t\t\t\t\t<\/div>\n\n\t\t\t\t\t<div id=\"collapse-accordion-block_6b59947ea35b713983cacc649daf59ba-6\" class=\"collapse \" aria-labelledby=\"heading-accordion-block_6b59947ea35b713983cacc649daf59ba-6\" data-parent=\"#accordion-accordion-block_6b59947ea35b713983cacc649daf59ba\">\n\t\t\t\t\t\t<div class=\"accordion-body\">\n\t\t\t\t\t\t<p><p>Qu\u2019on la mesure en fonction de la couverture, de la qualit\u00e9 des services, de la composition des forfaits ou des prix d\u00e9croissants, l\u2019industrie des t\u00e9l\u00e9communications plus de valeur aux Canadiens ann\u00e9e apr\u00e8s ann\u00e9e.<\/p>\n<p><a href=\"https:\/\/canadatelecoms.ca\/fr\/industry_data\/tarifs-des-services-sans-fil-mobiles\/\" target=\"_blank\">Tarifs des services sans fil mobiles<\/a><\/p>\n<p><a href=\"https:\/\/canadatelecoms.ca\/fr\/industry_data\/valeur-des-services-mobiles-sans-fil\/\" target=\"_blank\">Valeur des services mobiles sans fil<\/a><\/p>\n<p><a href=\"https:\/\/canadatelecoms.ca\/fr\/industry_data\/services-dacces-internet\/\" target=\"_blank\">Services d\u2019acc\u00e8s Internet<\/a><\/p>\n<\/p>\n\t\t\t\t\t\t<\/div>\n\t\t\t\t\t<\/div>\n\t\t\t\t\t<\/div>\n\t\t\t\t\t\t\t\t\t<div class=\"accordion-item fadein_up\" >\n\t\t\t\t\t<div class=\"accordion-header\" id=\"heading-accordion-block_6b59947ea35b713983cacc649daf59ba-7\">\n\t\t\t\t\t\t<h4 class=\"mb-0\">\n\t\t\t\t\t\t\t<button class=\"\" type=\"button\" data-bs-toggle=\"collapse\" data-bs-target=\"#collapse-accordion-block_6b59947ea35b713983cacc649daf59ba-7\" aria-expanded=\"false\" aria-controls=\"collapse-accordion-block_6b59947ea35b713983cacc649daf59ba-7\">\n\t\t\t\t\t\t\t\tAutres ressources\t\t\t\t\t\t\t\t<div class=\"icon\"><\/div>\n\t\t\t\t\t\t\t<\/button>\n\t\t\t\t\t\t<\/h4>\n\t\t\t\t\t<\/div>\n\n\t\t\t\t\t<div id=\"collapse-accordion-block_6b59947ea35b713983cacc649daf59ba-7\" class=\"collapse \" aria-labelledby=\"heading-accordion-block_6b59947ea35b713983cacc649daf59ba-7\" data-parent=\"#accordion-accordion-block_6b59947ea35b713983cacc649daf59ba\">\n\t\t\t\t\t\t<div class=\"accordion-body\">\n\t\t\t\t\t\t<p><p>Diff\u00e9rents minist\u00e8res et organismes gouvernementaux, notamment le Conseil de la radiodiffusion et des t\u00e9l\u00e9communications canadiennes (CRTC) et Statistique Canada, publient des donn\u00e9es et des statistiques suppl\u00e9mentaires sur le secteur des t\u00e9l\u00e9communications.<\/p>\n<p><a href=\"https:\/\/canadatelecoms.ca\/fr\/industry_data\/crtc-rapports-sur-le-marche-des-communication\/\" target=\"_blank\">CRTC \u2013 Rapports sur le march\u00e9 des communications<\/a><\/p>\n<p><a href=\"https:\/\/canadatelecoms.ca\/fr\/industry_data\/statistique-canada-statistiques-sur-leconomie-et-la-societe-numeriques\/\" target=\"_blank\">Statistique Canada \u2013 Statistiques sur l\u2019\u00e9conomie et la soci\u00e9t\u00e9 num\u00e9riques<\/a><\/p>\n<\/p>\n\t\t\t\t\t\t<\/div>\n\t\t\t\t\t<\/div>\n\t\t\t\t\t<\/div>\n\t\t\t\t\t\t\t\t<\/div>\n\n\t\t\t<\/div>\n\t\t<\/div>\n\t<\/div>\n<\/section>\n<\/div>\n\t\t\t<\/div>\n\t\t<\/div>\n\t<\/div>\n<\/section>","protected":false},"excerpt":{"rendered":"","protected":false},"author":5,"featured_media":0,"parent":594,"menu_order":15,"comment_status":"closed","ping_status":"closed","template":"page-narrow.php","meta":{"_acf_changed":false,"inline_featured_image":false,"footnotes":""},"class_list":["post-597","page","type-page","status-publish","hentry"],"acf":[],"_links":{"self":[{"href":"https:\/\/canadatelecoms.ca\/fr\/wp-json\/wp\/v2\/pages\/597","targetHints":{"allow":["GET"]}}],"collection":[{"href":"https:\/\/canadatelecoms.ca\/fr\/wp-json\/wp\/v2\/pages"}],"about":[{"href":"https:\/\/canadatelecoms.ca\/fr\/wp-json\/wp\/v2\/types\/page"}],"author":[{"embeddable":true,"href":"https:\/\/canadatelecoms.ca\/fr\/wp-json\/wp\/v2\/users\/5"}],"replies":[{"embeddable":true,"href":"https:\/\/canadatelecoms.ca\/fr\/wp-json\/wp\/v2\/comments?post=597"}],"version-history":[{"count":72,"href":"https:\/\/canadatelecoms.ca\/fr\/wp-json\/wp\/v2\/pages\/597\/revisions"}],"predecessor-version":[{"id":4625,"href":"https:\/\/canadatelecoms.ca\/fr\/wp-json\/wp\/v2\/pages\/597\/revisions\/4625"}],"up":[{"embeddable":true,"href":"https:\/\/canadatelecoms.ca\/fr\/wp-json\/wp\/v2\/pages\/594"}],"wp:attachment":[{"href":"https:\/\/canadatelecoms.ca\/fr\/wp-json\/wp\/v2\/media?parent=597"}],"curies":[{"name":"wp","href":"https:\/\/api.w.org\/{rel}","templated":true}]}}