{"id":594,"date":"2023-02-16T19:06:57","date_gmt":"2023-02-16T19:06:57","guid":{"rendered":"https:\/\/canadatelecoms.ca\/knowledge-centre\/"},"modified":"2023-04-25T22:44:04","modified_gmt":"2023-04-25T22:44:04","slug":"centre-de-connaissances","status":"publish","type":"page","link":"https:\/\/canadatelecoms.ca\/fr\/centre-de-connaissances\/","title":{"rendered":"Centre de connaissances"},"content":{"rendered":"<section id=\"columns-image-content-block_dc8122d31de9f5cc3e13077eabc6603d\" class=\"columns-image-content_block\">\n\t<div class=\"container pt-0 pb-8\">\t\t\t\t\n\t\t<div class=\"row align-items-center flex-column-reverse flex-lg-row \">\n\t\t\t<div class=\"col-12 col-lg-6 load-hidden fadein_up pe-xl-5\">\n\t\t\t\t<div class=\"acf-innerblocks-container\">\n\n<h1 class=\"wp-block-heading\">Centre de connaissances<\/h1>\n\n\n\n<p class=\"is-style-lg\">Pour acc\u00e9der \u00e0 l\u2019essentiel sur l\u2019industrie des t\u00e9l\u00e9communications au Canada, notamment \u00e0 des donn\u00e9es sur le secteur, des rapports et les derni\u00e8res nouvelles. On y trouve \u00e9galement des ressources pour guider les consommateurs dans l\u2019\u00e9ventail des services offerts, sur ce qu\u2019il faut faire en cas d\u2019urgence, de perte ou de vol de leur appareil, et des informations sur des sujets connexes relatifs aux consommateurs et \u00e0 la s\u00e9curit\u00e9 publique.<\/p>\n\n<\/div>\t\t\t\t\n\t\t\t<\/div>\n\t\t\t<div class=\"col-12 col-lg-6 ps-xl-5 mb-5 mb-lg-0 ps-xl-5   text-lg-end \">\n\t\t\t\t\t\t\t\t\t\t<img decoding=\"async\" class=\"content-image load-hidden fadein_up\" src=\"https:\/\/canadatelecoms.ca\/wp-content\/uploads\/2023\/02\/banner-kc.png\" alt=\"\" \/>\n\t\t\t\t\t\t\t\t\t\t\t\t\t\t\t\t\t\t\t\n\t\t\t<\/div>\n\t\t<\/div>\n\t<\/div>\n<\/section>\n\n<section id=\"columns-image-content-block_3519665e7e6012d93afdeaefb72f1b6d\" class=\"columns-image-content_block\">\n\t<div class=\"container pt-0 pb-8\">\t\t\t\t\n\t\t<div class=\"row align-items-center flex-column-reverse flex-lg-row-reverse \">\n\t\t\t<div class=\"col-12 col-lg-6 load-hidden fadein_up ps-xl-5\">\n\t\t\t\t<div class=\"acf-innerblocks-container\">\n\n<h2 class=\"wp-block-heading\">Donn\u00e9es sur l\u2019industrie&nbsp;<\/h2>\n\n\n\n<p>Voyez les donn\u00e9es et les informations les plus r\u00e9centes sur le secteur canadien des t\u00e9l\u00e9communications, dont les indicateurs \u00e9conomiques, les donn\u00e9es sur le rendement et la disponibilit\u00e9 des r\u00e9seaux, les investissements en capital, les abonnements et l\u2019utilisation des donn\u00e9es.<\/p>\n\n\n\n<div class=\"wp-block-buttons is-layout-flex wp-block-buttons-is-layout-flex\">\n<div class=\"wp-block-button is-style-btn-link\"><a class=\"wp-block-button__link wp-element-button\" href=\"https:\/\/canadatelecoms.ca\/fr\/centre-de-connaissances\/donnees-sur-lindustrie\/\">Parcourir toutes les donn\u00e9es sur l\u2019industrie<\/a><\/div>\n<\/div>\n\n<\/div>\t\t\t\t\n\t\t\t<\/div>\n\t\t\t<div class=\"col-12 col-lg-6 ps-xl-5 mb-5 mb-lg-0 pe-xl-5 text-lg-center \">\n\t\t\t\t\t\t\t\t\t\t<img decoding=\"async\" class=\"content-image load-hidden fadein_up\" src=\"https:\/\/canadatelecoms.ca\/wp-content\/uploads\/2023\/02\/img-industry-intro2.png\" alt=\"\" \/>\n\t\t\t\t\t\t\t\t\t\t\t\t\t\t\t\t\t\t\t\n\t\t\t<\/div>\n\t\t<\/div>\n\t<\/div>\n<\/section>\n\n\n<h3 class=\"wp-block-heading has-text-align-center\">Pour aller plus en profondeur<\/h3>\n\n\n\n<div style=\"height:48px\" aria-hidden=\"true\" class=\"wp-block-spacer\"><\/div>\n\n\n<section id=\"section-block-block_0a87b58ff2d441958f949d1a88e8b935\" class=\"section-block_block\">\n<div class=\"container pt-0 pb-8\">\t\t\t\t\n\t\t<div class=\"row\">\n\t\t\t<div class=\"col-12\">\n\t\t\t\t<div class=\"acf-innerblocks-container\">\n\n<div class=\"wp-block-columns is-layout-flex wp-container-core-columns-is-layout-9d6595d7 wp-block-columns-is-layout-flex\">\n<div class=\"wp-block-column is-layout-flow wp-block-column-is-layout-flow\">\n<figure class=\"wp-block-image size-large thumbnail-zoom\"><img loading=\"lazy\" decoding=\"async\" width=\"1024\" height=\"520\" src=\"https:\/\/canadatelecoms.ca\/wp-content\/uploads\/2023\/02\/img-kc-reports-1024x520.jpg\" alt=\"\" class=\"wp-image-350\" srcset=\"https:\/\/canadatelecoms.ca\/wp-content\/uploads\/2023\/02\/img-kc-reports-1024x520.jpg 1024w, https:\/\/canadatelecoms.ca\/wp-content\/uploads\/2023\/02\/img-kc-reports-300x152.jpg 300w, https:\/\/canadatelecoms.ca\/wp-content\/uploads\/2023\/02\/img-kc-reports-768x390.jpg 768w, https:\/\/canadatelecoms.ca\/wp-content\/uploads\/2023\/02\/img-kc-reports.jpg 1260w\" sizes=\"auto, (max-width: 1024px) 100vw, 1024px\" \/><\/figure>\n\n\n\n<h4 class=\"wp-block-heading\">Rapports<\/h4>\n\n\n\n<p>Recherche et analyse par des analystes et experts du secteur.<\/p>\n\n\n\n<div class=\"wp-block-buttons is-layout-flex wp-block-buttons-is-layout-flex\">\n<div class=\"wp-block-button is-style-btn-link\"><a class=\"wp-block-button__link wp-element-button\" href=\"https:\/\/canadatelecoms.ca\/fr\/centre-de-connaissances\/rapports\/\">Consulter les rapports<\/a><\/div>\n<\/div>\n<\/div>\n\n\n\n<div class=\"wp-block-column is-layout-flow wp-block-column-is-layout-flow\">\n<figure class=\"wp-block-image size-large thumbnail-zoom\"><img loading=\"lazy\" decoding=\"async\" width=\"1024\" height=\"520\" src=\"https:\/\/canadatelecoms.ca\/wp-content\/uploads\/2023\/02\/img-kc-consumer-resources-1024x520.jpg\" alt=\"\" class=\"wp-image-352\" srcset=\"https:\/\/canadatelecoms.ca\/wp-content\/uploads\/2023\/02\/img-kc-consumer-resources-1024x520.jpg 1024w, https:\/\/canadatelecoms.ca\/wp-content\/uploads\/2023\/02\/img-kc-consumer-resources-300x152.jpg 300w, https:\/\/canadatelecoms.ca\/wp-content\/uploads\/2023\/02\/img-kc-consumer-resources-768x390.jpg 768w, https:\/\/canadatelecoms.ca\/wp-content\/uploads\/2023\/02\/img-kc-consumer-resources.jpg 1260w\" sizes=\"auto, (max-width: 1024px) 100vw, 1024px\" \/><\/figure>\n\n\n\n<h4 class=\"wp-block-heading\">Ressources pour les consommateurs<\/h4>\n\n\n\n<p>Ce que les consommateurs doivent savoir sur les services de t\u00e9l\u00e9communications.<\/p>\n\n\n\n<div class=\"wp-block-buttons is-layout-flex wp-block-buttons-is-layout-flex\">\n<div class=\"wp-block-button is-style-btn-link\"><a class=\"wp-block-button__link wp-element-button\" href=\"https:\/\/canadatelecoms.ca\/fr\/centre-de-connaissances\/ressources-pour-les-consommateurs\/\">Consulter les ressources pour les consommateurs<\/a><\/div>\n<\/div>\n<\/div>\n<\/div>\n\n<\/div>\n\t\t\t<\/div>\n\t\t<\/div>\n\t<\/div>\n<\/section>\n\n\n<h3 class=\"wp-block-heading has-text-align-center\">L\u2019actualit\u00e9 en bref<\/h3>\n\n\n<section id=\"post-featured-and-list-block_b4ea14f9da79330b54c2e72f3050bc83\" class=\"post-featured-and-list_block\">\n\t<div class=\"container pt-5 pb-5\">\t\t\t\t\n\t\t<div class=\"row\">\n\t\t\t\t\t\t\t\t\t\t\t\t\t\t\t\t\t\t<div class=\"col-12 col-lg-6 col-xl-5 col-xxl-4\">\n\t\t\t\t\t\t<div class=\"post-featured-and-list_block__featured fadein_up\">\n\t\t\t\t\t\t\t<a href=\"https:\/\/canadatelecoms.ca\/fr\/news\/cutting-red-tape-on-spectrum-fees-will-help-build-a-more-connected-resilient-canada-en-anglais-seulement\/\" class=\"\">\n\t\t\t\t\t\t\t\t<div class=\"thumbnail mb-4\">\n\t\t\t\t\t\t\t\t\t\t\t\t\t\t\t\t\t<\/div>\n\t\t\t\t\t\t\t\t<div class=\"content\">\n\t\t\t\t\t\t\t\t\t<p class=\"sm mb-2\">d\u00e9cembre 16, 2025<\/p>\n\t\t\t\t\t\t\t\t\t<h5 class=\"mb-4\">Cutting Red Tape on Spectrum Fees Will Help Build a More Connected, Resilient Canada (en anglais seulement)<\/h5>\n\t\t\t\t\t\t\t\t\t<p><p>Canada\u2019s telecommunications networks are essential to our economic strength and daily life. Mobile wireless services keep families connected, support public safety and health systems, enable businesses to operate efficiently, and allow Canadians to participate fully in the digital economy. As Ottawa pursues a new red tape reduction agenda, one policy change offers an immediate and meaningful benefit: eliminating annual spectrum licence fees.<\/p>\n<\/p>\n\t\t\t\t\t\t\t\t<\/div>\n\t\t\t\t\t\t\t<\/a>\n\t\t\t\t\t\t<\/div>\n\t\t\t\t\t\t<hr class=\"fadein_up d-block d-lg-none mt-4 mb-3 pb-3\">\n\t\t\t\t\t<\/div>\n\t\t\t\t\t<div class=\"col-12 col-lg-6 offset-xl-1 offset-xxl-2\">\n\t\t\t\t\t\t\t\t\n\t\t\t\t\t\t\t\t\t\t\t\t\t\t\t\t\t\n\t\t\t\t\t<div class=\"listitem fadein_up\">\n\t\t\t\t\t\t\t<a href=\"https:\/\/canadatelecoms.ca\/fr\/news\/de-grands-projets-pas-sans-telecommunications\/\" class=\"\">\n\t\t\t\t\t\t\t\t<div class=\"content\">\n\t\t\t\t\t\t\t\t\t<p class=\"sm mb-2\">octobre 29, 2025<\/p>\n\t\t\t\t\t\t\t\t\t<h5 class=\"mb-4\">De grands projets? Pas sans t\u00e9l\u00e9communications<\/h5>\n\t\t\t\t\t\t\t\t<\/div>\n\t\t\t\t\t\t\t<\/a>\n\t\t\t\t\t\t<\/div>\n\t\t\t\t\t\t\t\t\n\t\t\t\t\t\t\t\t\t\t\t\t<hr class=\"fadein_up mt-4 mb-3 pb-3\">\t\t\t\t\t\n\t\t\t\t\t<div class=\"listitem fadein_up\">\n\t\t\t\t\t\t\t<a href=\"https:\/\/canadatelecoms.ca\/fr\/news\/lassociation-canadienne-des-telecommunications-salue-le-projet-de-loi-federale-encourageant-des-peines-plus-severes-pour-les-infractions-commises-contre-des-infrastructures-essentielles\/\" class=\"\">\n\t\t\t\t\t\t\t\t<div class=\"content\">\n\t\t\t\t\t\t\t\t\t<p class=\"sm mb-2\">octobre 23, 2025<\/p>\n\t\t\t\t\t\t\t\t\t<h5 class=\"mb-4\">L\u2019Association canadienne des t\u00e9l\u00e9communications salue le projet de loi f\u00e9d\u00e9rale encourageant des peines plus s\u00e9v\u00e8res pour les infractions commises contre des infrastructures essentielles et des commerces de d\u00e9tail<\/h5>\n\t\t\t\t\t\t\t\t<\/div>\n\t\t\t\t\t\t\t<\/a>\n\t\t\t\t\t\t<\/div>\n\t\t\t\t\t\t\t\t\n\t\t\t\t\t\t\t\t\t\t\t\t<hr class=\"fadein_up mt-4 mb-3 pb-3\">\t\t\t\t\t\n\t\t\t\t\t<div class=\"listitem fadein_up\">\n\t\t\t\t\t\t\t<a href=\"https:\/\/canadatelecoms.ca\/fr\/news\/statement-by-the-canadian-telecommunications-association-on-the-governments-decision-regarding-the-crtcs-wholesale-internet-access-framework-en-anglais-seulement\/\" class=\"\">\n\t\t\t\t\t\t\t\t<div class=\"content\">\n\t\t\t\t\t\t\t\t\t<p class=\"sm mb-2\">ao\u00fbt 7, 2025<\/p>\n\t\t\t\t\t\t\t\t\t<h5 class=\"mb-4\">Statement by the Canadian Telecommunications Association on the Government\u2019s Decision Regarding the CRTC\u2019s Wholesale Internet Access Framework (en anglais seulement)<\/h5>\n\t\t\t\t\t\t\t\t<\/div>\n\t\t\t\t\t\t\t<\/a>\n\t\t\t\t\t\t<\/div>\n\t\t\t\t\t\t\t\t\n\t\t\t\t\t\t\t\t\t\t<\/div>\n\t\t\t\t\t<\/div>\n\t<\/div>\n<\/section>\n\n\n<div class=\"wp-block-buttons is-content-justification-center is-layout-flex wp-container-core-buttons-is-layout-16018d1d wp-block-buttons-is-layout-flex\"><\/div>\n","protected":false},"excerpt":{"rendered":"<p>Pour aller plus en profondeur L\u2019actualit\u00e9 en bref<\/p>\n","protected":false},"author":5,"featured_media":256,"parent":0,"menu_order":14,"comment_status":"closed","ping_status":"closed","template":"","meta":{"_acf_changed":false,"inline_featured_image":false,"footnotes":""},"class_list":["post-594","page","type-page","status-publish","has-post-thumbnail","hentry"],"acf":[],"_links":{"self":[{"href":"https:\/\/canadatelecoms.ca\/fr\/wp-json\/wp\/v2\/pages\/594","targetHints":{"allow":["GET"]}}],"collection":[{"href":"https:\/\/canadatelecoms.ca\/fr\/wp-json\/wp\/v2\/pages"}],"about":[{"href":"https:\/\/canadatelecoms.ca\/fr\/wp-json\/wp\/v2\/types\/page"}],"author":[{"embeddable":true,"href":"https:\/\/canadatelecoms.ca\/fr\/wp-json\/wp\/v2\/users\/5"}],"replies":[{"embeddable":true,"href":"https:\/\/canadatelecoms.ca\/fr\/wp-json\/wp\/v2\/comments?post=594"}],"version-history":[{"count":16,"href":"https:\/\/canadatelecoms.ca\/fr\/wp-json\/wp\/v2\/pages\/594\/revisions"}],"predecessor-version":[{"id":2696,"href":"https:\/\/canadatelecoms.ca\/fr\/wp-json\/wp\/v2\/pages\/594\/revisions\/2696"}],"wp:featuredmedia":[{"embeddable":true,"href":"https:\/\/canadatelecoms.ca\/fr\/wp-json\/wp\/v2\/media\/256"}],"wp:attachment":[{"href":"https:\/\/canadatelecoms.ca\/fr\/wp-json\/wp\/v2\/media?parent=594"}],"curies":[{"name":"wp","href":"https:\/\/api.w.org\/{rel}","templated":true}]}}