{"id":592,"date":"2023-02-16T18:53:14","date_gmt":"2023-02-16T22:53:14","guid":{"rendered":"https:\/\/canadatelecoms.ca\/programs\/"},"modified":"2023-04-25T22:43:40","modified_gmt":"2023-04-25T22:43:40","slug":"programs","status":"publish","type":"page","link":"https:\/\/canadatelecoms.ca\/fr\/programs\/","title":{"rendered":"Programmes"},"content":{"rendered":"<section id=\"columns-image-content-block_cbfe87db3f0cc235038962c7905d8fd9\" class=\"columns-image-content_block\">\n\t<div class=\"container pt-0 pb-8\">\t\t\t\t\n\t\t<div class=\"row align-items-center flex-column-reverse flex-lg-row \">\n\t\t\t<div class=\"col-12 col-lg-6 load-hidden fadein_up pe-xl-5\">\n\t\t\t\t<div class=\"acf-innerblocks-container\">\n\n<h1 class=\"wp-block-heading\">Nos programmes<\/h1>\n\n\n\n<p class=\"is-style-lg\">Nous soutenons des programmes visant \u00e0 favoriser l\u2019accessibilit\u00e9, les dons de charit\u00e9, la s\u00e9curit\u00e9 et la protection des consommateurs.<\/p>\n\n<\/div>\t\t\t\t\n\t\t\t<\/div>\n\t\t\t<div class=\"col-12 col-lg-6 ps-xl-5 mb-5 mb-lg-0 ps-xl-5   text-lg-end \">\n\t\t\t\t\t\t\t\t\t\t<img decoding=\"async\" class=\"content-image load-hidden fadein_up\" src=\"https:\/\/canadatelecoms.ca\/wp-content\/uploads\/2023\/02\/banner-priorities2.png\" alt=\"\" \/>\n\t\t\t\t\t\t\t\t\t\t\t\t\t\t\t\t\t\t\t\n\t\t\t<\/div>\n\t\t<\/div>\n\t<\/div>\n<\/section>\n\n<section id=\"programs-list-block_d4933f4c0dd7f0962d010594dd953505\" class=\"programs-list_block pt-0 pb-8\">\n<div class=\"inner-bg\">\n\t<div class=\"container pb-6\">\t\t\t\t\n\t\t<div class=\"row\">\n\t\t\t<div class=\"col-12 mb-2 mb-lg-5\">\n\t\t\t\t<div class=\"acf-innerblocks-container\"><\/div>\n\t\t\t<\/div>\n\t\t\t\t\t\t\t\t\t\t\t\t\t\t\t\t\t<div class=\"col-12 col-md-6 col-lg-3 mb-4\">\n\t\t\t\t\t<div class=\"card card--program fadein_up px-4 py-5\">\n\t\t\t\t\t\t<div class=\"card__image mb-4\">\n\t\t\t\t\t\t\t<img loading=\"lazy\" decoding=\"async\" width=\"300\" height=\"70\" src=\"https:\/\/canadatelecoms.ca\/wp-content\/uploads\/2023\/03\/logo-DeviceCheckCanada-FR-300x70.png\" class=\"attachment-medium size-medium wp-post-image\" alt=\"\" srcset=\"https:\/\/canadatelecoms.ca\/wp-content\/uploads\/2023\/03\/logo-DeviceCheckCanada-FR-300x70.png 300w, https:\/\/canadatelecoms.ca\/wp-content\/uploads\/2023\/03\/logo-DeviceCheckCanada-FR.png 640w\" sizes=\"auto, (max-width: 300px) 100vw, 300px\" \/>\t\t\t\t\t\t<\/div>\n\t\t\t\t\t\t<div class=\"card__body\">\n\t\t\t\t\t\t\t<div class=\"card__text\">\n\t\t\t\t\t\t\t\t<p>Outil de recherche permettant aux Canadiens de saisir un num\u00e9ro IMEI (identit\u00e9 internationale d\u2019\u00e9quipement mobile) pour d\u00e9terminer si un appareil cellulaire a \u00e9t\u00e9 d\u00e9clar\u00e9 perdu ou vol\u00e9, ce qui le rendrait inutilisable sur les r\u00e9seaux canadiens participants.<\/p>\n\t\t\t\t\t\t\t<\/div>\n\t\t\t\t\t\t\t\t\t\t\t\t\t\t\n\t\t\t\t\t\t\t\t<a target=\"_blank\" href=\"https:\/\/www.devicecheck.ca\/fr\/accueil\/\" class=\"btn btn-link\">\n\t\t\t\t\t\t\t\t\t\t\t\t\t\t\t\t\tV\u00e9rifier Appareil Canada\t\t\t\t\t\t\t\t\t\t\t\t\t\t\t\t<\/a>\n\t\t\t\t\t\t\t\t\t\t\t\t\t<\/div>\n\t\t\t\t\t<\/div>\n\t\t\t\t<\/div>\n\t\t\t\t\n\t\t\t\t\t\t\t\t\t\t\t<div class=\"col-12 col-md-6 col-lg-3 mb-4\">\n\t\t\t\t\t<div class=\"card card--program fadein_up px-4 py-5\">\n\t\t\t\t\t\t<div class=\"card__image mb-4\">\n\t\t\t\t\t\t\t<img loading=\"lazy\" decoding=\"async\" width=\"300\" height=\"70\" src=\"https:\/\/canadatelecoms.ca\/wp-content\/uploads\/2023\/03\/logo-Textw911-FR-300x70.png\" class=\"attachment-medium size-medium wp-post-image\" alt=\"\" srcset=\"https:\/\/canadatelecoms.ca\/wp-content\/uploads\/2023\/03\/logo-Textw911-FR-300x70.png 300w, https:\/\/canadatelecoms.ca\/wp-content\/uploads\/2023\/03\/logo-Textw911-FR.png 640w\" sizes=\"auto, (max-width: 300px) 100vw, 300px\" \/>\t\t\t\t\t\t<\/div>\n\t\t\t\t\t\t<div class=\"card__body\">\n\t\t\t\t\t\t\t<div class=\"card__text\">\n\t\t\t\t\t\t\t\t<p>Service qui permet aux personnes sourdes, ayant une d\u00e9ficience auditive ou un trouble de la parole de communiquer avec les centres d\u2019appels d\u2019urgence par messages texte.<\/p>\n\t\t\t\t\t\t\t<\/div>\n\t\t\t\t\t\t\t\t\t\t\t\t\t\t\n\t\t\t\t\t\t\t\t<a target=\"_blank\" href=\"https:\/\/www.textwith911.ca\/fr\/accueil\/\" class=\"btn btn-link\">\n\t\t\t\t\t\t\t\t\t\t\t\t\t\t\t\t\tTexto au 911\t\t\t\t\t\t\t\t\t\t\t\t\t\t\t\t<\/a>\n\t\t\t\t\t\t\t\t\t\t\t\t\t<\/div>\n\t\t\t\t\t<\/div>\n\t\t\t\t<\/div>\n\t\t\t\t\n\t\t\t\t\t\t\t\t\t\t\t<div class=\"col-12 col-md-6 col-lg-3 mb-4\">\n\t\t\t\t\t<div class=\"card card--program fadein_up px-4 py-5\">\n\t\t\t\t\t\t<div class=\"card__image mb-4\">\n\t\t\t\t\t\t\t<img loading=\"lazy\" decoding=\"async\" width=\"300\" height=\"70\" src=\"https:\/\/canadatelecoms.ca\/wp-content\/uploads\/2023\/03\/logo-txtca-300x70.png\" class=\"attachment-medium size-medium wp-post-image\" alt=\"\" srcset=\"https:\/\/canadatelecoms.ca\/wp-content\/uploads\/2023\/03\/logo-txtca-300x70.png 300w, https:\/\/canadatelecoms.ca\/wp-content\/uploads\/2023\/03\/logo-txtca.png 640w\" sizes=\"auto, (max-width: 300px) 100vw, 300px\" \/>\t\t\t\t\t\t<\/div>\n\t\t\t\t\t\t<div class=\"card__body\">\n\t\t\t\t\t\t\t<div class=\"card__text\">\n\t\t\t\t\t\t\t\t<p>Carrefour d\u2019information sur l\u2019administration et l\u2019utilisation des num\u00e9ros abr\u00e9g\u00e9s communs pour faciliter les interactions entre les utilisateurs, les marques, les d\u00e9taillants, le gouvernement et d\u2019autres organisations par la messagerie texte.<\/p>\n\t\t\t\t\t\t\t<\/div>\n\t\t\t\t\t\t\t\t\t\t\t\t\t\t\n\t\t\t\t\t\t\t\t<a target=\"_blank\" href=\"https:\/\/www.txt.ca\/fr\/\" class=\"btn btn-link\">\n\t\t\t\t\t\t\t\t\t\t\t\t\t\t\t\t\tTxt.ca\t\t\t\t\t\t\t\t\t\t\t\t\t\t\t\t<\/a>\n\t\t\t\t\t\t\t\t\t\t\t\t\t<\/div>\n\t\t\t\t\t<\/div>\n\t\t\t\t<\/div>\n\t\t\t\t\n\t\t\t\t\t\t\t\t\t\t\t<div class=\"col-12 col-md-6 col-lg-3 mb-4\">\n\t\t\t\t\t<div class=\"card card--program fadein_up px-4 py-5\">\n\t\t\t\t\t\t<div class=\"card__image mb-4\">\n\t\t\t\t\t\t\t<img loading=\"lazy\" decoding=\"async\" width=\"300\" height=\"70\" src=\"https:\/\/canadatelecoms.ca\/wp-content\/uploads\/2023\/03\/logo-MobileGivingFoundation-FR-300x70.png\" class=\"attachment-medium size-medium wp-post-image\" alt=\"\" srcset=\"https:\/\/canadatelecoms.ca\/wp-content\/uploads\/2023\/03\/logo-MobileGivingFoundation-FR-300x70.png 300w, https:\/\/canadatelecoms.ca\/wp-content\/uploads\/2023\/03\/logo-MobileGivingFoundation-FR.png 640w\" sizes=\"auto, (max-width: 300px) 100vw, 300px\" \/>\t\t\t\t\t\t<\/div>\n\t\t\t\t\t\t<div class=\"card__body\">\n\t\t\t\t\t\t\t<div class=\"card__text\">\n\t\t\t\t\t\t\t\t<p>Fondation dont la mission est de faciliter la collecte de dons de charit\u00e9 par messagerie texte et d\u2019aider les utilisateurs canadiens du sans-fil \u00e0 soutenir les causes qui leur tiennent le plus \u00e0 c\u0153ur.<\/p>\n\t\t\t\t\t\t\t<\/div>\n\t\t\t\t\t\t\t\t\t\t\t\t\t\t\n\t\t\t\t\t\t\t\t<a target=\"_blank\" href=\"https:\/\/www.mobilegiving.ca\/fr\/\" class=\"btn btn-link\">\n\t\t\t\t\t\t\t\t\t\t\t\t\t\t\t\t\tFondation des dons sans fil\t\t\t\t\t\t\t\t\t\t\t\t\t\t\t\t<\/a>\n\t\t\t\t\t\t\t\t\t\t\t\t\t<\/div>\n\t\t\t\t\t<\/div>\n\t\t\t\t<\/div>\n\t\t\t\t\n\t\t\t\t\t\t\t\t\t\t\t<div class=\"col-12 col-md-6 col-lg-3 mb-4\">\n\t\t\t\t\t<div class=\"card card--program fadein_up px-4 py-5\">\n\t\t\t\t\t\t<div class=\"card__image mb-4\">\n\t\t\t\t\t\t\t<img loading=\"lazy\" decoding=\"async\" width=\"300\" height=\"70\" src=\"https:\/\/canadatelecoms.ca\/wp-content\/uploads\/2023\/03\/logo-wirelessaccessibility-EN-300x70.png\" class=\"attachment-medium size-medium wp-post-image\" alt=\"\" srcset=\"https:\/\/canadatelecoms.ca\/wp-content\/uploads\/2023\/03\/logo-wirelessaccessibility-EN-300x70.png 300w, https:\/\/canadatelecoms.ca\/wp-content\/uploads\/2023\/03\/logo-wirelessaccessibility-EN.png 640w\" sizes=\"auto, (max-width: 300px) 100vw, 300px\" \/>\t\t\t\t\t\t<\/div>\n\t\t\t\t\t\t<div class=\"card__body\">\n\t\t\t\t\t\t\t<div class=\"card__text\">\n\t\t\t\t\t\t\t\t<p>Site qui aide les consommateurs \u00e0 d\u00e9couvrir les fonctionnalit\u00e9s d\u2019accessibilit\u00e9 offertes par les appareils mobiles et \u00e0 trouver les services qui conviennent \u00e0 leurs besoins.<\/p>\n\t\t\t\t\t\t\t<\/div>\n\t\t\t\t\t\t\t\t\t\t\t\t\t\t\n\t\t\t\t\t\t\t\t<a target=\"_blank\" href=\"https:\/\/wirelessaccessibility.ca\/fr\/\" class=\"btn btn-link\">\n\t\t\t\t\t\t\t\t\t\t\t\t\t\t\t\t\tAccessibilit\u00e9 Sans Fil.ca\t\t\t\t\t\t\t\t\t\t\t\t\t\t\t\t<\/a>\n\t\t\t\t\t\t\t\t\t\t\t\t\t<\/div>\n\t\t\t\t\t<\/div>\n\t\t\t\t<\/div>\n\t\t\t\t\n\t\t\t\t\t\t\t\t\t\t\t<div class=\"col-12 col-md-6 col-lg-3 mb-4\">\n\t\t\t\t\t<div class=\"card card--program fadein_up px-4 py-5\">\n\t\t\t\t\t\t<div class=\"card__image mb-4\">\n\t\t\t\t\t\t\t<img loading=\"lazy\" decoding=\"async\" width=\"300\" height=\"70\" src=\"https:\/\/canadatelecoms.ca\/wp-content\/uploads\/2023\/03\/logo-STAC_CSPA-300x70.png\" class=\"attachment-medium size-medium wp-post-image\" alt=\"\" srcset=\"https:\/\/canadatelecoms.ca\/wp-content\/uploads\/2023\/03\/logo-STAC_CSPA-300x70.png 300w, https:\/\/canadatelecoms.ca\/wp-content\/uploads\/2023\/03\/logo-STAC_CSPA.png 640w\" sizes=\"auto, (max-width: 300px) 100vw, 300px\" \/>\t\t\t\t\t\t<\/div>\n\t\t\t\t\t\t<div class=\"card__body\">\n\t\t\t\t\t\t\t<div class=\"card__text\">\n\t\t\t\t\t\t\t\t<p>Organisme qui fait la promotion de la s\u00e9curit\u00e9 des travailleurs dans la construction et de l\u2019entretien des tours de communication au Canada.<\/p>\n\t\t\t\t\t\t\t<\/div>\n\t\t\t\t\t\t\t\t\t\t\t\t\t\t\n\t\t\t\t\t\t\t\t<a target=\"_blank\" href=\"https:\/\/www.stacouncil.ca\/fr\/\" class=\"btn btn-link\">\n\t\t\t\t\t\t\t\t\t\t\t\t\t\t\t\t\tCSPA\t\t\t\t\t\t\t\t\t\t\t\t\t\t\t\t<\/a>\n\t\t\t\t\t\t\t\t\t\t\t\t\t<\/div>\n\t\t\t\t\t<\/div>\n\t\t\t\t<\/div>\n\t\t\t\t\n\t\t\t\t\t\t\t\t\t\t\t<div class=\"col-12 col-md-6 col-lg-3 mb-4\">\n\t\t\t\t\t<div class=\"card card--program fadein_up px-4 py-5\">\n\t\t\t\t\t\t<div class=\"card__image mb-4\">\n\t\t\t\t\t\t\t<img loading=\"lazy\" decoding=\"async\" width=\"300\" height=\"70\" src=\"https:\/\/canadatelecoms.ca\/wp-content\/uploads\/2023\/03\/5G_Canada_Logo-300x70.png\" class=\"attachment-medium size-medium wp-post-image\" alt=\"\" srcset=\"https:\/\/canadatelecoms.ca\/wp-content\/uploads\/2023\/03\/5G_Canada_Logo-300x70.png 300w, https:\/\/canadatelecoms.ca\/wp-content\/uploads\/2023\/03\/5G_Canada_Logo.png 640w\" sizes=\"auto, (max-width: 300px) 100vw, 300px\" \/>\t\t\t\t\t\t<\/div>\n\t\t\t\t\t\t<div class=\"card__body\">\n\t\t\t\t\t\t\t<div class=\"card__text\">\n\t\t\t\t\t\t\t\t<p>Conseil qui soutient un \u00e9cosyst\u00e8me 5G dynamique gr\u00e2ce \u00e0 la promotion, \u00e0 la recherche et \u00e0 la collaboration intersectorielle.<\/p>\n\t\t\t\t\t\t\t<\/div>\n\t\t\t\t\t\t\t\t\t\t\t\t\t\t\n\t\t\t\t\t\t\t\t<a target=\"_blank\" href=\"https:\/\/www.5gcc.ca\/fr\/\" class=\"btn btn-link\">\n\t\t\t\t\t\t\t\t\t\t\t\t\t\t\t\t\tConseil 5G Canada\t\t\t\t\t\t\t\t\t\t\t\t\t\t\t\t<\/a>\n\t\t\t\t\t\t\t\t\t\t\t\t\t<\/div>\n\t\t\t\t\t<\/div>\n\t\t\t\t<\/div>\n\t\t\t\t\n\t\t\t\t\t\t\t\t\t\t<\/div>\n\t\t\t<div class=\"col-12\">\n\t\t\t\t<div class=\"text-center  \">\n\t\t\t\t\t\t\t\t\t<\/div>\n\t\t\t<\/div>\n\t\t\t\t\t<\/div>\n\t<\/div>\n<\/div>\n<\/section>\n\n\n<div class=\"wp-block-columns are-vertically-aligned-center bg-gray-gradient content-max-width is-layout-flex wp-container-core-columns-is-layout-9d6595d7 wp-block-columns-is-layout-flex\">\n<div class=\"wp-block-column is-vertically-aligned-center is-layout-flow wp-block-column-is-layout-flow\" style=\"flex-basis:40%\">\n<figure class=\"wp-block-image aligncenter size-large mb-0\"><img loading=\"lazy\" decoding=\"async\" width=\"958\" height=\"1024\" src=\"https:\/\/canadatelecoms.ca\/wp-content\/uploads\/2023\/04\/priorities2-958x1024.jpg\" alt=\"\" class=\"wp-image-2431\" srcset=\"https:\/\/canadatelecoms.ca\/wp-content\/uploads\/2023\/04\/priorities2-958x1024.jpg 958w, https:\/\/canadatelecoms.ca\/wp-content\/uploads\/2023\/04\/priorities2-281x300.jpg 281w, https:\/\/canadatelecoms.ca\/wp-content\/uploads\/2023\/04\/priorities2-768x821.jpg 768w, https:\/\/canadatelecoms.ca\/wp-content\/uploads\/2023\/04\/priorities2-1437x1536.jpg 1437w, https:\/\/canadatelecoms.ca\/wp-content\/uploads\/2023\/04\/priorities2.jpg 1560w\" sizes=\"auto, (max-width: 958px) 100vw, 958px\" \/><\/figure>\n<\/div>\n\n\n\n<div class=\"wp-block-column is-vertically-aligned-center p-4 px-lg-5 pe-xl-6 is-layout-flow wp-block-column-is-layout-flow\" style=\"flex-basis:60%\">\n<h5 class=\"wp-block-heading\">Nos champs d\u2019int\u00e9r\u00eat<\/h5>\n\n\n\n<p>Aper\u00e7u des initiatives que nous priorisons pour b\u00e2tir un secteur des t\u00e9l\u00e9communications dynamique et \u00e9coresponsable, et rehausser la vie des Canadiens.<\/p>\n\n\n\n<div class=\"wp-block-buttons is-layout-flex wp-block-buttons-is-layout-flex\">\n<div class=\"wp-block-button is-style-btn-link\"><a class=\"wp-block-button__link wp-element-button\" href=\"https:\/\/canadatelecoms.ca\/fr\/nos-priorites\/\">Priorit\u00e9s<\/a><\/div>\n<\/div>\n<\/div>\n<\/div>\n","protected":false},"excerpt":{"rendered":"<p>Nos champs d\u2019int\u00e9r\u00eat Aper\u00e7u des initiatives que nous priorisons pour b\u00e2tir un secteur des t\u00e9l\u00e9communications dynamique et \u00e9coresponsable, et rehausser la vie des Canadiens.<\/p>\n","protected":false},"author":5,"featured_media":0,"parent":0,"menu_order":13,"comment_status":"closed","ping_status":"closed","template":"","meta":{"_acf_changed":false,"inline_featured_image":false,"footnotes":""},"class_list":["post-592","page","type-page","status-publish","hentry"],"acf":[],"_links":{"self":[{"href":"https:\/\/canadatelecoms.ca\/fr\/wp-json\/wp\/v2\/pages\/592","targetHints":{"allow":["GET"]}}],"collection":[{"href":"https:\/\/canadatelecoms.ca\/fr\/wp-json\/wp\/v2\/pages"}],"about":[{"href":"https:\/\/canadatelecoms.ca\/fr\/wp-json\/wp\/v2\/types\/page"}],"author":[{"embeddable":true,"href":"https:\/\/canadatelecoms.ca\/fr\/wp-json\/wp\/v2\/users\/5"}],"replies":[{"embeddable":true,"href":"https:\/\/canadatelecoms.ca\/fr\/wp-json\/wp\/v2\/comments?post=592"}],"version-history":[{"count":8,"href":"https:\/\/canadatelecoms.ca\/fr\/wp-json\/wp\/v2\/pages\/592\/revisions"}],"predecessor-version":[{"id":2434,"href":"https:\/\/canadatelecoms.ca\/fr\/wp-json\/wp\/v2\/pages\/592\/revisions\/2434"}],"wp:attachment":[{"href":"https:\/\/canadatelecoms.ca\/fr\/wp-json\/wp\/v2\/media?parent=592"}],"curies":[{"name":"wp","href":"https:\/\/api.w.org\/{rel}","templated":true}]}}