{"id":586,"date":"2023-02-16T18:29:05","date_gmt":"2023-02-16T18:29:05","guid":{"rendered":"https:\/\/canadatelecoms.ca\/our-priorities\/"},"modified":"2023-05-03T14:12:53","modified_gmt":"2023-05-03T14:12:53","slug":"nos-priorites","status":"publish","type":"page","link":"https:\/\/canadatelecoms.ca\/fr\/nos-priorites\/","title":{"rendered":"Priorit\u00e9s"},"content":{"rendered":"<section id=\"columns-image-content-block_9177106ac7fc17ca2683ba7547cd94a7\" class=\"columns-image-content_block\">\n\t<div class=\"container pt-0 pb-0\">\t\t\t\t\n\t\t<div class=\"row align-items-center flex-column-reverse flex-lg-row \">\n\t\t\t<div class=\"col-12 col-lg-6 load-hidden fadein_up pe-xl-5\">\n\t\t\t\t<div class=\"acf-innerblocks-container\">\n\n<h1 class=\"wp-block-heading is-style-md\">Nos priorit\u00e9s<\/h1>\n\n\n\n<p class=\"is-style-lg\">Nos membres b\u00e2tissent, entretiennent et exploitent les r\u00e9seaux qui ont permis la transformation num\u00e9rique et nourri la prosp\u00e9rit\u00e9 \u00e9conomique du Canada. Pour les soutenir, nous faisons campagne pour des politiques, des r\u00e8glements et des programmes qui assureront la vitalit\u00e9 et l\u2019\u00e9coresponsabilit\u00e9 du secteur des t\u00e9l\u00e9communications et rehausseront la vie des Canadiens.<\/p>\n\n<\/div>\t\t\t\t\n\t\t\t<\/div>\n\t\t\t<div class=\"col-12 col-lg-6 ps-xl-5 mb-5 mb-lg-0 ps-xl-5   text-lg-end \">\n\t\t\t\t\t\t\t\t\t\t<img decoding=\"async\" class=\"content-image load-hidden fadein_up\" src=\"https:\/\/canadatelecoms.ca\/wp-content\/uploads\/2023\/05\/priorities-home.png\" alt=\"\" \/>\n\t\t\t\t\t\t\t\t\t\t\t\t\t\t\t\t\t\t\t\n\t\t\t<\/div>\n\t\t<\/div>\n\t<\/div>\n<\/section>\n\n<section id=\"section-block-block_8ce17f4e5b0959202cf95cc8b90fa8da\" class=\"section-block_block\">\n<div class=\"container pt-8 pb-5\">\t\t\t\t\n\t\t<div class=\"row\">\n\t\t\t<div class=\"col-12\">\n\t\t\t\t<div class=\"acf-innerblocks-container\">\n\n<h3 class=\"wp-block-heading has-text-align-center\">Domaines prioritaires actuels<\/h3>\n\n\n\n<div style=\"height:24px\" aria-hidden=\"true\" class=\"wp-block-spacer\"><\/div>\n\n\n\n<div class=\"wp-block-group row is-layout-flex wp-block-group-is-layout-flex\">\n<div class=\"wp-block-group col-12 col-lg-4 mb-6 is-layout-flow wp-block-group-is-layout-flow\">\n<figure class=\"wp-block-image size-full\"><img loading=\"lazy\" decoding=\"async\" width=\"616\" height=\"345\" src=\"https:\/\/canadatelecoms.ca\/wp-content\/uploads\/2023\/04\/img-priorities-connecting2.jpg\" alt=\"\" class=\"wp-image-2313\" srcset=\"https:\/\/canadatelecoms.ca\/wp-content\/uploads\/2023\/04\/img-priorities-connecting2.jpg 616w, https:\/\/canadatelecoms.ca\/wp-content\/uploads\/2023\/04\/img-priorities-connecting2-300x168.jpg 300w\" sizes=\"auto, (max-width: 616px) 100vw, 616px\" \/><\/figure>\n\n\n\n<h4 class=\"wp-block-heading\">Connecter les Canadiens<\/h4>\n\n\n\n<div class=\"wp-block-buttons is-layout-flex wp-block-buttons-is-layout-flex\">\n<div class=\"wp-block-button is-style-btn-link\"><a class=\"wp-block-button__link wp-element-button\" href=\"https:\/\/canadatelecoms.ca\/fr\/nos-priorites\/connecter-les-canadiens\/\">En savoir plus<\/a><\/div>\n<\/div>\n<\/div>\n\n\n\n<div class=\"wp-block-group col-12 col-lg-4 mb-6 is-layout-flow wp-block-group-is-layout-flow\">\n<figure class=\"wp-block-image size-full\"><img loading=\"lazy\" decoding=\"async\" width=\"1230\" height=\"690\" src=\"https:\/\/canadatelecoms.ca\/wp-content\/uploads\/2023\/02\/img-priorities-competition.jpg\" alt=\"\" class=\"wp-image-200\" srcset=\"https:\/\/canadatelecoms.ca\/wp-content\/uploads\/2023\/02\/img-priorities-competition.jpg 1230w, https:\/\/canadatelecoms.ca\/wp-content\/uploads\/2023\/02\/img-priorities-competition-300x168.jpg 300w, https:\/\/canadatelecoms.ca\/wp-content\/uploads\/2023\/02\/img-priorities-competition-1024x574.jpg 1024w, https:\/\/canadatelecoms.ca\/wp-content\/uploads\/2023\/02\/img-priorities-competition-768x431.jpg 768w\" sizes=\"auto, (max-width: 1230px) 100vw, 1230px\" \/><\/figure>\n\n\n\n<h4 class=\"wp-block-heading\">Investissement<\/h4>\n\n\n\n<div class=\"wp-block-buttons is-layout-flex wp-block-buttons-is-layout-flex\">\n<div class=\"wp-block-button is-style-btn-link\"><a class=\"wp-block-button__link wp-element-button\" href=\"https:\/\/canadatelecoms.ca\/fr\/nos-priorites\/investissement\/\">En savoir plus<\/a><\/div>\n<\/div>\n<\/div>\n\n\n\n<div class=\"wp-block-group col-12 col-lg-4 mb-6 is-layout-flow wp-block-group-is-layout-flow\">\n<figure class=\"wp-block-image size-full\"><img loading=\"lazy\" decoding=\"async\" width=\"616\" height=\"345\" src=\"https:\/\/canadatelecoms.ca\/wp-content\/uploads\/2023\/04\/img-innovation2.jpg\" alt=\"\" class=\"wp-image-2319\" srcset=\"https:\/\/canadatelecoms.ca\/wp-content\/uploads\/2023\/04\/img-innovation2.jpg 616w, https:\/\/canadatelecoms.ca\/wp-content\/uploads\/2023\/04\/img-innovation2-300x168.jpg 300w\" sizes=\"auto, (max-width: 616px) 100vw, 616px\" \/><\/figure>\n\n\n\n<h4 class=\"wp-block-heading\">Innovation<\/h4>\n\n\n\n<div class=\"wp-block-buttons is-layout-flex wp-block-buttons-is-layout-flex\">\n<div class=\"wp-block-button is-style-btn-link\"><a class=\"wp-block-button__link wp-element-button\" href=\"https:\/\/canadatelecoms.ca\/fr\/nos-priorites\/innovation\/\">En savoir plus<\/a><\/div>\n<\/div>\n<\/div>\n\n\n\n<div class=\"wp-block-group col-12 col-lg-4 mb-6 is-layout-flow wp-block-group-is-layout-flow\">\n<figure class=\"wp-block-image size-full\"><img loading=\"lazy\" decoding=\"async\" width=\"616\" height=\"345\" src=\"https:\/\/canadatelecoms.ca\/wp-content\/uploads\/2023\/04\/img-priorities-spectrum2.jpg\" alt=\"\" class=\"wp-image-2305\" srcset=\"https:\/\/canadatelecoms.ca\/wp-content\/uploads\/2023\/04\/img-priorities-spectrum2.jpg 616w, https:\/\/canadatelecoms.ca\/wp-content\/uploads\/2023\/04\/img-priorities-spectrum2-300x168.jpg 300w\" sizes=\"auto, (max-width: 616px) 100vw, 616px\" \/><\/figure>\n\n\n\n<h4 class=\"wp-block-heading\">Spectre<\/h4>\n\n\n\n<div class=\"wp-block-buttons is-layout-flex wp-block-buttons-is-layout-flex\">\n<div class=\"wp-block-button is-style-btn-link\"><a class=\"wp-block-button__link wp-element-button\" href=\"https:\/\/canadatelecoms.ca\/fr\/nos-priorites\/spectre\/\">En savoir plus<\/a><\/div>\n<\/div>\n<\/div>\n\n\n\n<div class=\"wp-block-group col-12 col-lg-4 mb-6 is-layout-flow wp-block-group-is-layout-flow\">\n<figure class=\"wp-block-image size-full\"><img loading=\"lazy\" decoding=\"async\" width=\"820\" height=\"460\" src=\"https:\/\/canadatelecoms.ca\/wp-content\/uploads\/2023\/02\/img-priorities-communities.jpg\" alt=\"\" class=\"wp-image-199\" srcset=\"https:\/\/canadatelecoms.ca\/wp-content\/uploads\/2023\/02\/img-priorities-communities.jpg 820w, https:\/\/canadatelecoms.ca\/wp-content\/uploads\/2023\/02\/img-priorities-communities-300x168.jpg 300w, https:\/\/canadatelecoms.ca\/wp-content\/uploads\/2023\/02\/img-priorities-communities-768x431.jpg 768w\" sizes=\"auto, (max-width: 820px) 100vw, 820px\" \/><\/figure>\n\n\n\n<h4 class=\"wp-block-heading\">Souder les communaut\u00e9s<\/h4>\n\n\n\n<div class=\"wp-block-buttons is-layout-flex wp-block-buttons-is-layout-flex\">\n<div class=\"wp-block-button is-style-btn-link\"><a class=\"wp-block-button__link wp-element-button\" href=\"https:\/\/canadatelecoms.ca\/fr\/nos-priorites\/souder-les-communautes\/\">En savoir plus<\/a><\/div>\n<\/div>\n<\/div>\n\n\n\n<div class=\"wp-block-group col-12 col-lg-4 mb-6 is-layout-flow wp-block-group-is-layout-flow\">\n<figure class=\"wp-block-image size-full\"><img loading=\"lazy\" decoding=\"async\" width=\"820\" height=\"460\" src=\"https:\/\/canadatelecoms.ca\/wp-content\/uploads\/2023\/02\/img-priorities-accessibility.jpg\" alt=\"\" class=\"wp-image-197\" srcset=\"https:\/\/canadatelecoms.ca\/wp-content\/uploads\/2023\/02\/img-priorities-accessibility.jpg 820w, https:\/\/canadatelecoms.ca\/wp-content\/uploads\/2023\/02\/img-priorities-accessibility-300x168.jpg 300w, https:\/\/canadatelecoms.ca\/wp-content\/uploads\/2023\/02\/img-priorities-accessibility-768x431.jpg 768w\" sizes=\"auto, (max-width: 820px) 100vw, 820px\" \/><\/figure>\n\n\n\n<h4 class=\"wp-block-heading\">Accessibilit\u00e9<\/h4>\n\n\n\n<div class=\"wp-block-buttons is-layout-flex wp-block-buttons-is-layout-flex\">\n<div class=\"wp-block-button is-style-btn-link\"><a class=\"wp-block-button__link wp-element-button\" href=\"https:\/\/canadatelecoms.ca\/fr\/nos-priorites\/accessibilite\/\">En savoir plus<\/a><\/div>\n<\/div>\n<\/div>\n\n\n\n<div class=\"wp-block-group col-12 col-lg-4 mb-6 is-layout-flow wp-block-group-is-layout-flow\">\n<figure class=\"wp-block-image size-full\"><img loading=\"lazy\" decoding=\"async\" width=\"616\" height=\"345\" src=\"https:\/\/canadatelecoms.ca\/wp-content\/uploads\/2023\/02\/img-priorities-ps.jpg\" alt=\"\" class=\"wp-image-114\" srcset=\"https:\/\/canadatelecoms.ca\/wp-content\/uploads\/2023\/02\/img-priorities-ps.jpg 616w, https:\/\/canadatelecoms.ca\/wp-content\/uploads\/2023\/02\/img-priorities-ps-300x168.jpg 300w\" sizes=\"auto, (max-width: 616px) 100vw, 616px\" \/><\/figure>\n\n\n\n<h4 class=\"wp-block-heading\">S\u00e9curit\u00e9 publique<\/h4>\n\n\n\n<div class=\"wp-block-buttons is-layout-flex wp-block-buttons-is-layout-flex\">\n<div class=\"wp-block-button is-style-btn-link\"><a class=\"wp-block-button__link wp-element-button\" href=\"https:\/\/canadatelecoms.ca\/fr\/nos-priorites\/securite-publique\/\">En savoir plus<\/a><\/div>\n<\/div>\n<\/div>\n\n\n\n<div class=\"wp-block-group col-12 col-lg-4 mb-6 is-layout-flow wp-block-group-is-layout-flow\">\n<figure class=\"wp-block-image size-full\"><img loading=\"lazy\" decoding=\"async\" width=\"820\" height=\"460\" src=\"https:\/\/canadatelecoms.ca\/wp-content\/uploads\/2023\/02\/img-priorities-cybersecurity.jpg\" alt=\"\" class=\"wp-image-201\" srcset=\"https:\/\/canadatelecoms.ca\/wp-content\/uploads\/2023\/02\/img-priorities-cybersecurity.jpg 820w, https:\/\/canadatelecoms.ca\/wp-content\/uploads\/2023\/02\/img-priorities-cybersecurity-300x168.jpg 300w, https:\/\/canadatelecoms.ca\/wp-content\/uploads\/2023\/02\/img-priorities-cybersecurity-768x431.jpg 768w\" sizes=\"auto, (max-width: 820px) 100vw, 820px\" \/><\/figure>\n\n\n\n<h4 class=\"wp-block-heading\">Cybers\u00e9curit\u00e9 et vie priv\u00e9e<\/h4>\n\n\n\n<div class=\"wp-block-buttons is-layout-flex wp-block-buttons-is-layout-flex\">\n<div class=\"wp-block-button is-style-btn-link\"><a class=\"wp-block-button__link wp-element-button\" href=\"https:\/\/canadatelecoms.ca\/fr\/nos-priorites\/cybersecurite-et-vie-privee\/\">En savoir plus<\/a><\/div>\n<\/div>\n<\/div>\n\n\n\n<div class=\"wp-block-group col-12 col-lg-4 mb-6 is-layout-flow wp-block-group-is-layout-flow\">\n<figure class=\"wp-block-image size-full\"><img loading=\"lazy\" decoding=\"async\" width=\"820\" height=\"460\" src=\"https:\/\/canadatelecoms.ca\/wp-content\/uploads\/2023\/02\/img-priorities-climate.jpg\" alt=\"\" class=\"wp-image-198\" srcset=\"https:\/\/canadatelecoms.ca\/wp-content\/uploads\/2023\/02\/img-priorities-climate.jpg 820w, https:\/\/canadatelecoms.ca\/wp-content\/uploads\/2023\/02\/img-priorities-climate-300x168.jpg 300w, https:\/\/canadatelecoms.ca\/wp-content\/uploads\/2023\/02\/img-priorities-climate-768x431.jpg 768w\" sizes=\"auto, (max-width: 820px) 100vw, 820px\" \/><\/figure>\n\n\n\n<h4 class=\"wp-block-heading\">\u00c9coresponsabilit\u00e9<\/h4>\n\n\n\n<div class=\"wp-block-buttons is-layout-flex wp-block-buttons-is-layout-flex\">\n<div class=\"wp-block-button is-style-btn-link\"><a class=\"wp-block-button__link wp-element-button\" href=\"https:\/\/canadatelecoms.ca\/fr\/nos-priorites\/ecoresponsabilite\/\">En savoir plus<\/a><\/div>\n<\/div>\n<\/div>\n<\/div>\n\n<\/div>\n\t\t\t<\/div>\n\t\t<\/div>\n\t<\/div>\n<\/section>\n\n\n<div class=\"wp-block-columns are-vertically-aligned-center bg-gray-gradient content-max-width is-layout-flex wp-container-core-columns-is-layout-9d6595d7 wp-block-columns-is-layout-flex\">\n<div class=\"wp-block-column is-vertically-aligned-center is-layout-flow wp-block-column-is-layout-flow\" style=\"flex-basis:40%\">\n<figure class=\"wp-block-image aligncenter size-large mb-0\"><img loading=\"lazy\" decoding=\"async\" width=\"1024\" height=\"929\" src=\"https:\/\/canadatelecoms.ca\/wp-content\/uploads\/2023\/04\/regulatoryfilings2-1024x929.jpg\" alt=\"\" class=\"wp-image-2465\" srcset=\"https:\/\/canadatelecoms.ca\/wp-content\/uploads\/2023\/04\/regulatoryfilings2-1024x929.jpg 1024w, https:\/\/canadatelecoms.ca\/wp-content\/uploads\/2023\/04\/regulatoryfilings2-300x272.jpg 300w, https:\/\/canadatelecoms.ca\/wp-content\/uploads\/2023\/04\/regulatoryfilings2-768x697.jpg 768w, https:\/\/canadatelecoms.ca\/wp-content\/uploads\/2023\/04\/regulatoryfilings2.jpg 1230w\" sizes=\"auto, (max-width: 1024px) 100vw, 1024px\" \/><\/figure>\n<\/div>\n\n\n\n<div class=\"wp-block-column is-vertically-aligned-center p-4 px-lg-5 pe-xl-6 is-layout-flow wp-block-column-is-layout-flow\" style=\"flex-basis:60%\">\n<h5 class=\"wp-block-heading\">Documents r\u00e9glementaires<\/h5>\n\n\n\n<p>D\u00e9couvrez nos contributions aux proc\u00e9dures r\u00e9glementaires et consultations publiques.<\/p>\n\n\n\n<div class=\"wp-block-buttons is-layout-flex wp-block-buttons-is-layout-flex\">\n<div class=\"wp-block-button is-style-btn-link\"><a class=\"wp-block-button__link wp-element-button\" href=\"https:\/\/canadatelecoms.ca\/fr\/nos-priorites\/regulatory-filings\/\">Tous les documents r\u00e9glementaires<\/a><\/div>\n<\/div>\n<\/div>\n<\/div>\n","protected":false},"excerpt":{"rendered":"<p>Documents r\u00e9glementaires D\u00e9couvrez nos contributions aux proc\u00e9dures r\u00e9glementaires et consultations publiques.<\/p>\n","protected":false},"author":5,"featured_media":0,"parent":0,"menu_order":3,"comment_status":"closed","ping_status":"closed","template":"","meta":{"_acf_changed":false,"inline_featured_image":false,"footnotes":""},"class_list":["post-586","page","type-page","status-publish","hentry"],"acf":[],"_links":{"self":[{"href":"https:\/\/canadatelecoms.ca\/fr\/wp-json\/wp\/v2\/pages\/586","targetHints":{"allow":["GET"]}}],"collection":[{"href":"https:\/\/canadatelecoms.ca\/fr\/wp-json\/wp\/v2\/pages"}],"about":[{"href":"https:\/\/canadatelecoms.ca\/fr\/wp-json\/wp\/v2\/types\/page"}],"author":[{"embeddable":true,"href":"https:\/\/canadatelecoms.ca\/fr\/wp-json\/wp\/v2\/users\/5"}],"replies":[{"embeddable":true,"href":"https:\/\/canadatelecoms.ca\/fr\/wp-json\/wp\/v2\/comments?post=586"}],"version-history":[{"count":29,"href":"https:\/\/canadatelecoms.ca\/fr\/wp-json\/wp\/v2\/pages\/586\/revisions"}],"predecessor-version":[{"id":2792,"href":"https:\/\/canadatelecoms.ca\/fr\/wp-json\/wp\/v2\/pages\/586\/revisions\/2792"}],"wp:attachment":[{"href":"https:\/\/canadatelecoms.ca\/fr\/wp-json\/wp\/v2\/media?parent=586"}],"curies":[{"name":"wp","href":"https:\/\/api.w.org\/{rel}","templated":true}]}}