{"id":473,"date":"2023-02-27T17:49:51","date_gmt":"2023-02-27T21:49:51","guid":{"rendered":"https:\/\/canadatelecoms.ca\/contact\/"},"modified":"2025-11-25T13:26:17","modified_gmt":"2025-11-25T17:26:17","slug":"contact","status":"publish","type":"page","link":"https:\/\/canadatelecoms.ca\/fr\/contact\/","title":{"rendered":"Coordonn\u00e9es"},"content":{"rendered":"<section id=\"section-block-block_70da671d8ee7e95dbf4393ba760a95f8\" class=\"section-block_block content-max-width\">\n<div class=\"container pt-6 pb-6\">\t\t\t\t\n\t\t<div class=\"row\">\n\t\t\t<div class=\"col-12\">\n\t\t\t\t<div class=\"acf-innerblocks-container\">\n\n<h2 class=\"wp-block-heading has-text-align-center\">Coordonn\u00e9es<\/h2>\n\n\n\n<p class=\"has-text-align-center px-xl-8\">C\u2019est avec plaisir que nous recevrons vos questions ou commentaires. N\u2019h\u00e9sitez pas \u00e0 communiquer avec nous par t\u00e9l\u00e9phone ou par courriel, et un membre de notre \u00e9quipe sera heureux de vous aider.<\/p>\n\n<\/div>\n\t\t\t<\/div>\n\t\t<\/div>\n\t<\/div>\n<\/section>\n\n<section id=\"section-block-block_ab41c52eb7f1565c8b1de574d9177896\" class=\"section-block_block\">\n<div class=\"container pt-5 pb-0\">\t\t\t\t\n\t\t<div class=\"row\">\n\t\t\t<div class=\"col-12\">\n\t\t\t\t<div class=\"acf-innerblocks-container\">\n\n<div class=\"wp-block-columns is-layout-flex wp-container-core-columns-is-layout-9d6595d7 wp-block-columns-is-layout-flex\">\n<div class=\"wp-block-column is-layout-flow wp-block-column-is-layout-flow\">\n<h4 class=\"wp-block-heading\">Si\u00e8ge social<\/h4>\n\n\n\n<p>180 Elgin Street, Suite 1100<br>Ottawa, ON<br>K2P 2K3<br><br>Phone: 613-233-4888<br>Fax: 613-233-2032<br>www.canadatelecoms.ca<a href=\"http:\/\/www.cwta.ca\/\"><br><\/a><a href=\"mailto:info@canadatelecoms.ca\"><\/a><a href=\"mailto:info@canadatelecoms.ca\" target=\"_blank\" rel=\"noreferrer noopener\">info@canadatelecoms.ca<\/a><\/p>\n<\/div>\n<\/div>\n\n<\/div>\n\t\t\t<\/div>\n\t\t<\/div>\n\t<\/div>\n<\/section>","protected":false},"excerpt":{"rendered":"","protected":false},"author":5,"featured_media":0,"parent":0,"menu_order":100,"comment_status":"closed","ping_status":"closed","template":"","meta":{"_acf_changed":false,"inline_featured_image":false,"footnotes":""},"class_list":["post-473","page","type-page","status-publish","hentry"],"acf":[],"_links":{"self":[{"href":"https:\/\/canadatelecoms.ca\/fr\/wp-json\/wp\/v2\/pages\/473","targetHints":{"allow":["GET"]}}],"collection":[{"href":"https:\/\/canadatelecoms.ca\/fr\/wp-json\/wp\/v2\/pages"}],"about":[{"href":"https:\/\/canadatelecoms.ca\/fr\/wp-json\/wp\/v2\/types\/page"}],"author":[{"embeddable":true,"href":"https:\/\/canadatelecoms.ca\/fr\/wp-json\/wp\/v2\/users\/5"}],"replies":[{"embeddable":true,"href":"https:\/\/canadatelecoms.ca\/fr\/wp-json\/wp\/v2\/comments?post=473"}],"version-history":[{"count":12,"href":"https:\/\/canadatelecoms.ca\/fr\/wp-json\/wp\/v2\/pages\/473\/revisions"}],"predecessor-version":[{"id":4375,"href":"https:\/\/canadatelecoms.ca\/fr\/wp-json\/wp\/v2\/pages\/473\/revisions\/4375"}],"wp:attachment":[{"href":"https:\/\/canadatelecoms.ca\/fr\/wp-json\/wp\/v2\/media?parent=473"}],"curies":[{"name":"wp","href":"https:\/\/api.w.org\/{rel}","templated":true}]}}