{"id":1117,"date":"2023-03-25T20:30:26","date_gmt":"2023-03-26T00:30:26","guid":{"rendered":"https:\/\/canadatelecoms.ca\/nos-priorites\/nos-priorites-protection-de-lenvironnement\/"},"modified":"2024-01-26T15:50:55","modified_gmt":"2024-01-26T19:50:55","slug":"ecoresponsabilite","status":"publish","type":"page","link":"https:\/\/canadatelecoms.ca\/fr\/nos-priorites\/ecoresponsabilite\/","title":{"rendered":"Nos priorit\u00e9s : \u00c9coresponsabilit\u00e9"},"content":{"rendered":"<section id=\"columns-image-content-block_e2af0ce0278e10288dccd16afe78420c\" class=\"columns-image-content_block\">\n\t<div class=\"container pt-0 pb-5\">\t\t\t\t\n\t\t<div class=\"row align-items-center flex-column-reverse flex-lg-row \">\n\t\t\t<div class=\"col-12 col-lg-6 load-hidden fadein_up pe-xl-5\">\n\t\t\t\t<div class=\"acf-innerblocks-container\">\n\n<h1 class=\"wp-block-heading is-style-sm\">\u00c9coresponsabilit\u00e9<\/h1>\n\n\n\n<p class=\"is-style-lg\">De nos jours, l\u2019environnement est un enjeu incontournable, c\u2019est pourquoi le secteur canadien des t\u00e9l\u00e9communications s\u2019est engag\u00e9 \u00e0 r\u00e9duire son impact environnemental tout en fournissant les services de t\u00e9l\u00e9communications de pointe qui permettront \u00e0 d\u2019autres industries de r\u00e9duire leur empreinte \u00e9cologique.<\/p>\n\n<\/div>\t\t\t\t\n\t\t\t<\/div>\n\t\t\t<div class=\"col-12 col-lg-6 ps-xl-5 mb-5 mb-lg-0 ps-xl-5   text-lg-end \">\n\t\t\t\t\t\t\t\t\t\t<img decoding=\"async\" class=\"content-image load-hidden fadein_up\" src=\"https:\/\/canadatelecoms.ca\/wp-content\/uploads\/2023\/04\/banner-sustainability.png\" alt=\"\" \/>\n\t\t\t\t\t\t\t\t\t\t\t\t\t\t\t\t\t\t\t\n\t\t\t<\/div>\n\t\t<\/div>\n\t<\/div>\n<\/section>\n\n<section id=\"section-block-block_5a341a92a25674822ac82a3af12ee93b\" class=\"section-block_block\">\n<div class=\"container pt-0 pb-0\">\t\t\t\t\n\t\t<div class=\"row\">\n\t\t\t<div class=\"col-12\">\n\t\t\t\t<div class=\"acf-innerblocks-container\">\n<section id=\"section-block-block_5a341a92a25674822ac82a3af12ee93b\" class=\"section-block_block\">\n<div class=\"container pt-0 pb-0\">\t\t\t\t\n\t\t<div class=\"row\">\n\t\t\t<div class=\"col-12\">\n\t\t\t\t<div class=\"acf-innerblocks-container\">\n\n<hr class=\"wp-block-separator has-alpha-channel-opacity\"\/>\n\n\n\n<div style=\"height:10px\" aria-hidden=\"true\" class=\"wp-block-spacer\"><\/div>\n\n\n\n<figure class=\"wp-block-image size-full wp-duotone-unset-1\"><img loading=\"lazy\" decoding=\"async\" width=\"2550\" height=\"1200\" src=\"https:\/\/canadatelecoms.ca\/wp-content\/uploads\/2023\/10\/231003-Sustainability-Banner-FR.png\" alt=\"\" class=\"wp-image-3126\" srcset=\"https:\/\/canadatelecoms.ca\/wp-content\/uploads\/2023\/10\/231003-Sustainability-Banner-FR.png 2550w, https:\/\/canadatelecoms.ca\/wp-content\/uploads\/2023\/10\/231003-Sustainability-Banner-FR-300x141.png 300w, https:\/\/canadatelecoms.ca\/wp-content\/uploads\/2023\/10\/231003-Sustainability-Banner-FR-1024x482.png 1024w, https:\/\/canadatelecoms.ca\/wp-content\/uploads\/2023\/10\/231003-Sustainability-Banner-FR-768x361.png 768w, https:\/\/canadatelecoms.ca\/wp-content\/uploads\/2023\/10\/231003-Sustainability-Banner-FR-1536x723.png 1536w, https:\/\/canadatelecoms.ca\/wp-content\/uploads\/2023\/10\/231003-Sustainability-Banner-FR-2048x964.png 2048w\" sizes=\"auto, (max-width: 2550px) 100vw, 2550px\" \/><\/figure>\n\n\n\n<p>Le secteur canadien des t\u00e9l\u00e9communications joue un r\u00f4le essentiel dans la mise en place de m\u00e9thodes de travail plus efficaces et plus efficientes, et dans la construction d\u2019un avenir plus durable. D\u00e9couvrez comment les industries canadiennes telles que le p\u00e9trole et le gaz, les mines et l\u2019agriculture peuvent se servir des donn\u00e9es et des technologies connect\u00e9es pour moderniser leurs op\u00e9rations afin de r\u00e9duire les \u00e9missions de gaz \u00e0 effet de serre et les d\u00e9chets nocifs, tout en augmentant la productivit\u00e9.<\/p>\n\n\n\n<p><strong><a href=\"https:\/\/canadatelecoms.ca\/wp-content\/uploads\/2023\/10\/Favoriser-la-transformation-numerique-grace-a-la-connectivite.pdf\" target=\"_blank\" rel=\"noreferrer noopener\">Lire le rapport<\/a><\/strong><\/p>\n\n\n\n<hr class=\"wp-block-separator has-alpha-channel-opacity\"\/>\n\n<\/div>\n\t\t\t<\/div>\n\t\t<\/div>\n\t<\/div>\n<\/section>\n<\/div>\n\t\t\t<\/div>\n\t\t<\/div>\n\t<\/div>\n<\/section>\n\n<section id=\"section-block-block_a422ab89bb2a320f88e6cfa6a8160743\" class=\"section-block_block\">\n<div class=\"container pt-6 pb-0\">\t\t\t\t\n\t\t<div class=\"row\">\n\t\t\t<div class=\"col-12\">\n\t\t\t\t<div class=\"acf-innerblocks-container\">\n\n<div class=\"wp-block-group px-xl-8 mx-xxl-7 is-layout-constrained wp-block-group-is-layout-constrained\">\n<h2 class=\"wp-block-heading has-x-large-font-size\">Le r\u00f4le de l\u2019industrie<\/h2>\n\n\n\n<p>Les compagnies de t\u00e9l\u00e9communications canadiennes ont pris diverses mesures pour lutter contre les changements climatiques et r\u00e9duire les d\u00e9chets \u00e0 la source.<\/p>\n\n\n\n<div style=\"height:20px\" aria-hidden=\"true\" class=\"wp-block-spacer\"><\/div>\n\t<ul style=\"list-style-type: none;\">\n\t\t<li>\n\t\t\t<h3 class=\"wp-block-heading is-style-md has-large-font-size\">Investir dans des r\u00e9seaux plus efficaces<\/h3>\n\t\t\t<p>Les exploitants de r\u00e9seaux prennent des mesures concr\u00e8tes pour limiter leurs \u00e9missions de GES, notamment en r\u00e9duisant la consommation d\u2019\u00e9nergie de leurs produits, en se tournant vers des \u00e9quipements de r\u00e9seau plus efficaces et en utilisant des sources d\u2019\u00e9nergie renouvelable.<\/p>\n\t\t\t<p>En ce qui concerne les r\u00e9seaux sans fil, la 5G n\u2019offrira pas seulement de nouvelles capacit\u00e9s de performance, on <a href=\"https:\/\/canadatelecoms.ca\/wp-content\/uploads\/2023\/03\/5G_Role_In_Fight_Against_Climate_Change_FR.pdf\" target=\"_blank\" rel=\"noopener\">pr\u00e9voit<\/a> qu\u2019en raison de sa plus grande efficacit\u00e9 \u00e9nerg\u00e9tique, la 5G pourra \u00e9galement multiplier par mille le trafic r\u00e9seau d\u2019ici 2030 pour une consommation \u00e9nerg\u00e9tique globale r\u00e9duite de moiti\u00e9.<\/p>\n\t\t<\/li>\n\t\t<div style=\"height:20px\" aria-hidden=\"true\" class=\"wp-block-spacer\"><\/div>\n\t\t<li>\n\t\t\t<h3 class=\"wp-block-heading is-style-md has-large-font-size\">Renforcer l\u2019\u00e9coresponsabilit\u00e9 dans d\u2019autres industries<\/h3>\n\t\t\t<p>Les t\u00e9l\u00e9communications permettent d\u2019utiliser des technologies num\u00e9riques de pointe qui aident d\u2019autres industries \u00e0 att\u00e9nuer leur impact sur l\u2019environnement et aident le Canada \u00e0 r\u00e9aliser ses engagements mondiaux en mati\u00e8re d\u2019environnement, comme les objectifs de d\u00e9veloppement durable des Nations Unies. Selon une \u00e9tude d\u2019Ericsson, les technologies de l\u2019information et des communications (TIC) pourraient contribuer \u00e0 r\u00e9duire les \u00e9missions mondiales de gaz carbonique de 15&nbsp;% d\u2019ici 2030.<\/p>\n\t\t\t<p>Pour atteindre ces objectifs environnementaux, il est imp\u00e9ratif d\u2019investir en continu dans l\u2019expansion et l\u2019am\u00e9lioration de notre infrastructure num\u00e9rique. D\u2019autres industries doivent se tourner vers l\u2019innovation et transformer leurs activit\u00e9s en utilisant des technologies num\u00e9riques qui non seulement r\u00e9duiront leur impact sur l\u2019environnement, mais les rendront aussi plus productives et plus comp\u00e9titives.<\/p>\n\t\t<\/li>\n\t\t<div style=\"height:20px\" aria-hidden=\"true\" class=\"wp-block-spacer\"><\/div>\n\t\t<li>\n\t\t\t<h3 class=\"wp-block-heading is-style-md has-large-font-size\">R\u00e9duire les d\u00e9chets \u00e0 la source<\/h3>\n\t\t\t<p>R\u00e9duire les d\u00e9chets \u00e0 la source Le secteur des t\u00e9l\u00e9communications a pris des mesures pour r\u00e9duire les d\u00e9chets qu\u2019il produit et promouvoir l\u2019\u00e9conomie circulaire, notamment en modifiant la conception des emballages pour utiliser moins de plastique et en offrant des options sans papier pour la facturation, les contrats et d\u2019autres documents. Le secteur a \u00e9galement mis en place des programmes pour r\u00e9cup\u00e9rer et recycler les d\u00e9chets \u00e9lectroniques retir\u00e9s de vieux appareils.<\/p>\n\t\t<\/li>\n\t\t\n\t<\/ul>\n<\/div>\n\n<\/div>\n\t\t\t<\/div>\n\t\t<\/div>\n\t<\/div>\n<\/section>\n\n<section id=\"section-block-block_0955f08395442bf67ec21e7856a3e073\" class=\"section-block_block\">\n<div class=\"container pt-8 pb-5\">\t\t\t\t\n\t\t<div class=\"row\">\n\t\t\t<div class=\"col-12\">\n\t\t\t\t<div class=\"acf-innerblocks-container\">\n\n<h3 class=\"wp-block-heading has-text-align-center\">Autres domaines prioritaires<\/h3>\n\n\n\n<div style=\"height:24px\" aria-hidden=\"true\" class=\"wp-block-spacer\"><\/div>\n\n\n\n<div class=\"wp-block-group row is-layout-flex wp-block-group-is-layout-flex\">\n<div class=\"wp-block-group col-12 col-lg-4 mb-6 is-layout-flow wp-block-group-is-layout-flow\">\n<figure class=\"wp-block-image size-full\"><img loading=\"lazy\" decoding=\"async\" width=\"616\" height=\"345\" src=\"https:\/\/canadatelecoms.ca\/wp-content\/uploads\/2023\/04\/img-priorities-connecting2.jpg\" alt=\"\" class=\"wp-image-2313\" srcset=\"https:\/\/canadatelecoms.ca\/wp-content\/uploads\/2023\/04\/img-priorities-connecting2.jpg 616w, https:\/\/canadatelecoms.ca\/wp-content\/uploads\/2023\/04\/img-priorities-connecting2-300x168.jpg 300w\" sizes=\"auto, (max-width: 616px) 100vw, 616px\" \/><\/figure>\n\n\n\n<h4 class=\"wp-block-heading\">Connecter les Canadiens<\/h4>\n\n\n\n<div class=\"wp-block-buttons is-layout-flex wp-block-buttons-is-layout-flex\">\n<div class=\"wp-block-button is-style-btn-link\"><a class=\"wp-block-button__link wp-element-button\" href=\"https:\/\/canadatelecoms.ca\/fr\/nos-priorites\/connecter-les-canadiens\/\">En savoir plus<\/a><\/div>\n<\/div>\n<\/div>\n\n\n\n<div class=\"wp-block-group col-12 col-lg-4 mb-6 is-layout-flow wp-block-group-is-layout-flow\">\n<figure class=\"wp-block-image size-full\"><img loading=\"lazy\" decoding=\"async\" width=\"1230\" height=\"690\" src=\"https:\/\/canadatelecoms.ca\/wp-content\/uploads\/2023\/02\/img-priorities-competition.jpg\" alt=\"\" class=\"wp-image-200\" srcset=\"https:\/\/canadatelecoms.ca\/wp-content\/uploads\/2023\/02\/img-priorities-competition.jpg 1230w, https:\/\/canadatelecoms.ca\/wp-content\/uploads\/2023\/02\/img-priorities-competition-300x168.jpg 300w, https:\/\/canadatelecoms.ca\/wp-content\/uploads\/2023\/02\/img-priorities-competition-1024x574.jpg 1024w, https:\/\/canadatelecoms.ca\/wp-content\/uploads\/2023\/02\/img-priorities-competition-768x431.jpg 768w\" sizes=\"auto, (max-width: 1230px) 100vw, 1230px\" \/><\/figure>\n\n\n\n<h4 class=\"wp-block-heading\">Investissement<\/h4>\n\n\n\n<div class=\"wp-block-buttons is-layout-flex wp-block-buttons-is-layout-flex\">\n<div class=\"wp-block-button is-style-btn-link\"><a class=\"wp-block-button__link wp-element-button\" href=\"https:\/\/canadatelecoms.ca\/fr\/nos-priorites\/investissement\/\">En savoir plus<\/a><\/div>\n<\/div>\n<\/div>\n\n\n\n<div class=\"wp-block-group col-12 col-lg-4 mb-6 is-layout-flow wp-block-group-is-layout-flow\">\n<figure class=\"wp-block-image size-full\"><img loading=\"lazy\" decoding=\"async\" width=\"616\" height=\"345\" src=\"https:\/\/canadatelecoms.ca\/wp-content\/uploads\/2023\/04\/img-innovation2.jpg\" alt=\"\" class=\"wp-image-2319\" srcset=\"https:\/\/canadatelecoms.ca\/wp-content\/uploads\/2023\/04\/img-innovation2.jpg 616w, https:\/\/canadatelecoms.ca\/wp-content\/uploads\/2023\/04\/img-innovation2-300x168.jpg 300w\" sizes=\"auto, (max-width: 616px) 100vw, 616px\" \/><\/figure>\n\n\n\n<h4 class=\"wp-block-heading\">Innovation<\/h4>\n\n\n\n<div class=\"wp-block-buttons is-layout-flex wp-block-buttons-is-layout-flex\">\n<div class=\"wp-block-button is-style-btn-link\"><a class=\"wp-block-button__link wp-element-button\" href=\"https:\/\/canadatelecoms.ca\/fr\/nos-priorites\/innovation\/\">En savoir plus<\/a><\/div>\n<\/div>\n<\/div>\n\n\n\n<div class=\"wp-block-group col-12 col-lg-4 mb-6 is-layout-flow wp-block-group-is-layout-flow\">\n<figure class=\"wp-block-image size-full\"><img loading=\"lazy\" decoding=\"async\" width=\"616\" height=\"345\" src=\"https:\/\/canadatelecoms.ca\/wp-content\/uploads\/2023\/04\/img-priorities-spectrum2.jpg\" alt=\"\" class=\"wp-image-2305\" srcset=\"https:\/\/canadatelecoms.ca\/wp-content\/uploads\/2023\/04\/img-priorities-spectrum2.jpg 616w, https:\/\/canadatelecoms.ca\/wp-content\/uploads\/2023\/04\/img-priorities-spectrum2-300x168.jpg 300w\" sizes=\"auto, (max-width: 616px) 100vw, 616px\" \/><\/figure>\n\n\n\n<h4 class=\"wp-block-heading\">Spectre<\/h4>\n\n\n\n<div class=\"wp-block-buttons is-layout-flex wp-block-buttons-is-layout-flex\">\n<div class=\"wp-block-button is-style-btn-link\"><a class=\"wp-block-button__link wp-element-button\" href=\"https:\/\/canadatelecoms.ca\/fr\/nos-priorites\/spectre\/\">En savoir plus<\/a><\/div>\n<\/div>\n<\/div>\n\n\n\n<div class=\"wp-block-group col-12 col-lg-4 mb-6 is-layout-flow wp-block-group-is-layout-flow\">\n<figure class=\"wp-block-image size-full\"><img loading=\"lazy\" decoding=\"async\" width=\"820\" height=\"460\" src=\"https:\/\/canadatelecoms.ca\/wp-content\/uploads\/2023\/02\/img-priorities-communities.jpg\" alt=\"\" class=\"wp-image-199\" srcset=\"https:\/\/canadatelecoms.ca\/wp-content\/uploads\/2023\/02\/img-priorities-communities.jpg 820w, https:\/\/canadatelecoms.ca\/wp-content\/uploads\/2023\/02\/img-priorities-communities-300x168.jpg 300w, https:\/\/canadatelecoms.ca\/wp-content\/uploads\/2023\/02\/img-priorities-communities-768x431.jpg 768w\" sizes=\"auto, (max-width: 820px) 100vw, 820px\" \/><\/figure>\n\n\n\n<h4 class=\"wp-block-heading\">Souder les communaut\u00e9s<\/h4>\n\n\n\n<div class=\"wp-block-buttons is-layout-flex wp-block-buttons-is-layout-flex\">\n<div class=\"wp-block-button is-style-btn-link\"><a class=\"wp-block-button__link wp-element-button\" href=\"https:\/\/canadatelecoms.ca\/fr\/nos-priorites\/souder-les-communautes\/\">En savoir plus<\/a><\/div>\n<\/div>\n<\/div>\n\n\n\n<div class=\"wp-block-group col-12 col-lg-4 mb-6 is-layout-flow wp-block-group-is-layout-flow\">\n<figure class=\"wp-block-image size-full\"><img loading=\"lazy\" decoding=\"async\" width=\"820\" height=\"460\" src=\"https:\/\/canadatelecoms.ca\/wp-content\/uploads\/2023\/02\/img-priorities-accessibility.jpg\" alt=\"\" class=\"wp-image-197\" srcset=\"https:\/\/canadatelecoms.ca\/wp-content\/uploads\/2023\/02\/img-priorities-accessibility.jpg 820w, https:\/\/canadatelecoms.ca\/wp-content\/uploads\/2023\/02\/img-priorities-accessibility-300x168.jpg 300w, https:\/\/canadatelecoms.ca\/wp-content\/uploads\/2023\/02\/img-priorities-accessibility-768x431.jpg 768w\" sizes=\"auto, (max-width: 820px) 100vw, 820px\" \/><\/figure>\n\n\n\n<h4 class=\"wp-block-heading\">Accessibilit\u00e9<\/h4>\n\n\n\n<div class=\"wp-block-buttons is-layout-flex wp-block-buttons-is-layout-flex\">\n<div class=\"wp-block-button is-style-btn-link\"><a class=\"wp-block-button__link wp-element-button\" href=\"https:\/\/canadatelecoms.ca\/fr\/nos-priorites\/accessibilite\/\">En savoir plus<\/a><\/div>\n<\/div>\n<\/div>\n\n\n\n<div class=\"wp-block-group col-12 col-lg-4 mb-6 is-layout-flow wp-block-group-is-layout-flow\">\n<figure class=\"wp-block-image size-full\"><img loading=\"lazy\" decoding=\"async\" width=\"616\" height=\"345\" src=\"https:\/\/canadatelecoms.ca\/wp-content\/uploads\/2023\/02\/img-priorities-ps.jpg\" alt=\"\" class=\"wp-image-114\" srcset=\"https:\/\/canadatelecoms.ca\/wp-content\/uploads\/2023\/02\/img-priorities-ps.jpg 616w, https:\/\/canadatelecoms.ca\/wp-content\/uploads\/2023\/02\/img-priorities-ps-300x168.jpg 300w\" sizes=\"auto, (max-width: 616px) 100vw, 616px\" \/><\/figure>\n\n\n\n<h4 class=\"wp-block-heading\">S\u00e9curit\u00e9 publique<\/h4>\n\n\n\n<div class=\"wp-block-buttons is-layout-flex wp-block-buttons-is-layout-flex\">\n<div class=\"wp-block-button is-style-btn-link\"><a class=\"wp-block-button__link wp-element-button\" href=\"https:\/\/canadatelecoms.ca\/fr\/nos-priorites\/securite-publique\/\">En savoir plus<\/a><\/div>\n<\/div>\n<\/div>\n\n\n\n<div class=\"wp-block-group col-12 col-lg-4 mb-6 is-layout-flow wp-block-group-is-layout-flow\">\n<figure class=\"wp-block-image size-full\"><img loading=\"lazy\" decoding=\"async\" width=\"820\" height=\"460\" src=\"https:\/\/canadatelecoms.ca\/wp-content\/uploads\/2023\/02\/img-priorities-cybersecurity.jpg\" alt=\"\" class=\"wp-image-201\" srcset=\"https:\/\/canadatelecoms.ca\/wp-content\/uploads\/2023\/02\/img-priorities-cybersecurity.jpg 820w, https:\/\/canadatelecoms.ca\/wp-content\/uploads\/2023\/02\/img-priorities-cybersecurity-300x168.jpg 300w, https:\/\/canadatelecoms.ca\/wp-content\/uploads\/2023\/02\/img-priorities-cybersecurity-768x431.jpg 768w\" sizes=\"auto, (max-width: 820px) 100vw, 820px\" \/><\/figure>\n\n\n\n<h4 class=\"wp-block-heading\">Cybers\u00e9curit\u00e9 et vie priv\u00e9e<\/h4>\n\n\n\n<div class=\"wp-block-buttons is-layout-flex wp-block-buttons-is-layout-flex\">\n<div class=\"wp-block-button is-style-btn-link\"><a class=\"wp-block-button__link wp-element-button\" href=\"https:\/\/canadatelecoms.ca\/fr\/nos-priorites\/cybersecurite-et-vie-privee\/\">En savoir plus<\/a><\/div>\n<\/div>\n<\/div>\n<\/div>\n\n<\/div>\n\t\t\t<\/div>\n\t\t<\/div>\n\t<\/div>\n<\/section>\n\n\n<div class=\"wp-block-columns are-vertically-aligned-center bg-gray-gradient content-max-width is-layout-flex wp-container-core-columns-is-layout-9d6595d7 wp-block-columns-is-layout-flex\">\n<div class=\"wp-block-column is-vertically-aligned-center is-layout-flow wp-block-column-is-layout-flow\" style=\"flex-basis:40%\">\n<figure class=\"wp-block-image aligncenter size-full mb-0\"><img loading=\"lazy\" decoding=\"async\" width=\"820\" height=\"728\" src=\"https:\/\/canadatelecoms.ca\/wp-content\/uploads\/2023\/02\/img-industry-cta-kc.jpg\" alt=\"\" class=\"wp-image-170\" srcset=\"https:\/\/canadatelecoms.ca\/wp-content\/uploads\/2023\/02\/img-industry-cta-kc.jpg 820w, https:\/\/canadatelecoms.ca\/wp-content\/uploads\/2023\/02\/img-industry-cta-kc-300x266.jpg 300w, https:\/\/canadatelecoms.ca\/wp-content\/uploads\/2023\/02\/img-industry-cta-kc-768x682.jpg 768w\" sizes=\"auto, (max-width: 820px) 100vw, 820px\" \/><\/figure>\n<\/div>\n\n\n\n<div class=\"wp-block-column is-vertically-aligned-center p-4 px-lg-5 pe-xl-6 is-layout-flow wp-block-column-is-layout-flow\" style=\"flex-basis:60%\">\n<h5 class=\"wp-block-heading\">Autres ressources<\/h5>\n\n\n\n<p>Pour en savoir plus sur l\u2019industrie des t\u00e9l\u00e9communications au Canada, notamment pour des statistiques, des rapports, des ressources pour les consommateurs et les derni\u00e8res nouvelles.<\/p>\n\n\n\n<div class=\"wp-block-buttons is-layout-flex wp-block-buttons-is-layout-flex\">\n<div class=\"wp-block-button is-style-btn-link\"><a class=\"wp-block-button__link wp-element-button\" href=\"https:\/\/canadatelecoms.ca\/fr\/knowledge-centre\/\">Centre de connaissances<\/a><\/div>\n<\/div>\n<\/div>\n<\/div>\n","protected":false},"excerpt":{"rendered":"<p>Autres ressources Pour en savoir plus sur l\u2019industrie des t\u00e9l\u00e9communications au Canada, notamment pour des statistiques, des rapports, des ressources pour les consommateurs et les derni\u00e8res nouvelles.<\/p>\n","protected":false},"author":2,"featured_media":0,"parent":586,"menu_order":12,"comment_status":"closed","ping_status":"closed","template":"","meta":{"_acf_changed":false,"inline_featured_image":false,"footnotes":""},"class_list":["post-1117","page","type-page","status-publish","hentry"],"acf":[],"_links":{"self":[{"href":"https:\/\/canadatelecoms.ca\/fr\/wp-json\/wp\/v2\/pages\/1117","targetHints":{"allow":["GET"]}}],"collection":[{"href":"https:\/\/canadatelecoms.ca\/fr\/wp-json\/wp\/v2\/pages"}],"about":[{"href":"https:\/\/canadatelecoms.ca\/fr\/wp-json\/wp\/v2\/types\/page"}],"author":[{"embeddable":true,"href":"https:\/\/canadatelecoms.ca\/fr\/wp-json\/wp\/v2\/users\/2"}],"replies":[{"embeddable":true,"href":"https:\/\/canadatelecoms.ca\/fr\/wp-json\/wp\/v2\/comments?post=1117"}],"version-history":[{"count":18,"href":"https:\/\/canadatelecoms.ca\/fr\/wp-json\/wp\/v2\/pages\/1117\/revisions"}],"predecessor-version":[{"id":3346,"href":"https:\/\/canadatelecoms.ca\/fr\/wp-json\/wp\/v2\/pages\/1117\/revisions\/3346"}],"up":[{"embeddable":true,"href":"https:\/\/canadatelecoms.ca\/fr\/wp-json\/wp\/v2\/pages\/586"}],"wp:attachment":[{"href":"https:\/\/canadatelecoms.ca\/fr\/wp-json\/wp\/v2\/media?parent=1117"}],"curies":[{"name":"wp","href":"https:\/\/api.w.org\/{rel}","templated":true}]}}