{"id":1111,"date":"2023-03-25T19:52:07","date_gmt":"2023-03-25T19:52:07","guid":{"rendered":"https:\/\/canadatelecoms.ca\/nos-priorites\/nos-priorites-accessibilite-des-produits-et-des-services\/"},"modified":"2023-04-28T17:21:18","modified_gmt":"2023-04-28T17:21:18","slug":"accessibilite","status":"publish","type":"page","link":"https:\/\/canadatelecoms.ca\/fr\/nos-priorites\/accessibilite\/","title":{"rendered":"Nos priorit\u00e9s : Accessibilit\u00e9 des produits et des services"},"content":{"rendered":"<section id=\"columns-image-content-block_f9d848a1a98830ee7726296f12f0df28\" class=\"columns-image-content_block\">\n\t<div class=\"container pt-0 pb-0\">\t\t\t\t\n\t\t<div class=\"row align-items-center flex-column-reverse flex-lg-row \">\n\t\t\t<div class=\"col-12 col-lg-6 load-hidden fadein_up pe-xl-5\">\n\t\t\t\t<div class=\"acf-innerblocks-container\">\n\n<h1 class=\"wp-block-heading is-style-sm\">Accessibilit\u00e9 des produits et des services<\/h1>\n\n\n\n<p class=\"is-style-lg\">Si l\u2019extension de la couverture \u00e0 l\u2019ensemble de la population demeure une priorit\u00e9, il est tout aussi important de s\u2019assurer que ceux qui veulent utiliser les services de t\u00e9l\u00e9communications puissent le faire. Notre industrie s\u2019est engag\u00e9e \u00e0 supprimer les obstacles en mati\u00e8re d\u2019acc\u00e8s. <\/p>\n\n<\/div>\t\t\t\t\n\t\t\t<\/div>\n\t\t\t<div class=\"col-12 col-lg-6 ps-xl-5 mb-5 mb-lg-0 ps-xl-5   text-lg-end \">\n\t\t\t\t\t\t\t\t\t\t<img decoding=\"async\" class=\"content-image load-hidden fadein_up\" src=\"https:\/\/canadatelecoms.ca\/wp-content\/uploads\/2023\/04\/banner-accessibilityn.png\" alt=\"\" \/>\n\t\t\t\t\t\t\t\t\t\t\t\t\t\t\t\t\t\t\t\n\t\t\t<\/div>\n\t\t<\/div>\n\t<\/div>\n<\/section>\n\n<section id=\"section-block-block_702309080daf11ce4426d4979e0707f8\" class=\"section-block_block\">\n<div class=\"container pt-6 pb-0\">\t\t\t\t\n\t\t<div class=\"row\">\n\t\t\t<div class=\"col-12\">\n\t\t\t\t<div class=\"acf-innerblocks-container\">\n\n<div class=\"wp-block-group px-xl-8 mx-xxl-7 is-layout-constrained wp-block-group-is-layout-constrained\">\n<h2 class=\"wp-block-heading has-x-large-font-size\">Le r\u00f4le de l\u2019industrie<\/h2>\n\n\n\n<p>L\u2019industrie canadienne des t\u00e9l\u00e9communications a mis en place une vari\u00e9t\u00e9 de programmes qui visent \u00e0 accro\u00eetre l\u2019accessibilit\u00e9 des services pour tous les Canadiens.<\/p>\n\n\n\n<div style=\"height:20px\" aria-hidden=\"true\" class=\"wp-block-spacer\"><\/div>\n\t<ul style=\"list-style-type: none;\">\n\t\t<li>\n\t\t\t<h3 class=\"wp-block-heading is-style-md has-large-font-size\">Options \u00e0 faible co\u00fbt<\/h3>\n\t\t       <p>Partout au pays, les fournisseurs de services offrent un acc\u00e8s Internet haute vitesse abordable aux familles et aux personnes \u00e2g\u00e9es \u00e0 faible revenu. Certains de ces programmes sont offerts dans le cadre de l\u2019initiative <a href=\"https:\/\/ised-isde.canada.ca\/site\/familles-branchees\/fr\" target=\"_blank\" rel=\"noopener\">Familles branch\u00e9es<\/a> du gouvernement du Canada, qui coordonne l\u2019offre de forfaits Internet \u00e0 10 dollars et 20 dollars par mois par les fournisseurs participants. Certains fournisseurs offrent encore plus d\u2019options \u00e0 faible co\u00fbt sans aucune subvention gouvernementale.<\/p>\n\t\t\t  <p>Les membres de l\u2019industrie offrent \u00e9galement des appareils mobiles et des forfaits gratuits ou subventionn\u00e9s aux populations vuln\u00e9rables, notamment \u00e0 la client\u00e8le des refuges pour femmes, aux nouveaux arrivants, aux \u00e9l\u00e8ves \u00e0 faible revenu et aux Autochtones vivant en milieu urbain.<\/p>\n\t\t<\/li>\n\t\t<div style=\"height:20px\" aria-hidden=\"true\" class=\"wp-block-spacer\"><\/div>\n\t\t<li>\n\t\t\t<h3 class=\"wp-block-heading is-style-md has-large-font-size\">Appareils et services accessibles<\/h3>\n\t\t       <p>Les t\u00e9l\u00e9phones et les appareils que la plupart utilisent sans y penser peuvent repr\u00e9senter un d\u00e9fi pour les personnes en situation de handicap. Les fournisseurs de services et les fabricants d\u2019appareils travaillent \u00e0 att\u00e9nuer ces obstacles en int\u00e9grant des caract\u00e9ristiques et des fonctions d\u2019accessibilit\u00e9 dans les appareils m\u00eames, en facilitant le recours aux technologies d\u2019adaptation, en formant leur personnel et en offrant d\u2019autres mesures de soutien.<\/p>\n\t\t\t<p>Ces mesures comprennent notamment :<\/p>\n\t\t\t<ul style=\"list-style-type: disc;\">\n\t\t\t\t<li>l\u2019acc\u00e8s pour les consommateurs \u00e0 des services de relais vid\u00e9o et de relais IP;<\/li>\n\t\t\t\t<li>l\u2019acc\u00e8s au service Texto au 9-1-1, qui permet aux centres d\u2019appels 9-1-1 et aux services d\u2019urgence de communiquer avec les personnes sourdes, ayant une d\u00e9ficience auditive ou un trouble de la parole en utilisant la messagerie texte sans fil;<\/li>\n\t\t\t\t<li>une collaboration avec les parties prenantes pour mettre en \u0153uvre les services 9-1-1 de prochaine g\u00e9n\u00e9ration prenant en charge la transmission de texte en temps r\u00e9el pour des interventions d\u2019urgence plus rapides et plus pr\u00e9cises;<\/li>\n\t\t\t\t<li>des forfaits \u00e0 tarifs sp\u00e9ciaux pour les personnes en situation de handicap;<\/li>\n\t\t\t\t<li>des sites Web accessibles et des indications qui identifient les produits et services accessibles;<\/li>\n\t\t\t\t<li>des centres d\u2019appels sp\u00e9cialis\u00e9s dot\u00e9s d\u2019un personnel capable de r\u00e9pondre aux besoins des personnes en situation de handicap et vou\u00e9s \u00e0 am\u00e9liorer l\u2019accessibilit\u00e9 des contenus t\u00e9l\u00e9visuels et autres en les rendant plus compatibles avec les technologies d\u2019assistance<\/li>\n\t\t\t<\/ul>\n\t\t<\/li>\n\t<\/ul>\n\t<div style=\"height:20px\" aria-hidden=\"true\" class=\"wp-block-spacer\"><\/div>\n\n\n\n<p>Nous travaillons \u00e0 faciliter les discussions sur l\u2019accessibilit\u00e9 entre notre secteur, les instances gouvernementales et les groupes repr\u00e9sentant les personnes en situation de handicap. Le site <a href=\"https:\/\/wirelessaccessibility.ca\/fr\/\" target=\"_blank\" rel=\"noreferrer noopener\">Accessibilit\u00e9SansFil.ca<\/a> renferme aussi des ressources pour aider les personnes \u00e2g\u00e9es et les personnes handicap\u00e9es, entre autres, \u00e0 se renseigner sur les fonctions des appareils et les options de t\u00e9l\u00e9phonie utiles, \u00e0 trouver des ressources additionnelles con\u00e7ues pour les personnes ayant des besoins en mati\u00e8re d\u2019accessibilit\u00e9 et \u00e0 visionner des vid\u00e9os en ASL et en LSQ sur des sujets importants, notamment le Code sur les services sans fil, le Service d\u2019alertes sans fil au public et le Code sur les services Internet.<\/p>\n<\/div>\n\n<\/div>\n\t\t\t<\/div>\n\t\t<\/div>\n\t<\/div>\n<\/section>\n\n<section id=\"section-block-block_bb711e838fda13ba8b4ed02bafb3c135\" class=\"section-block_block\">\n<div class=\"container pt-8 pb-5\">\t\t\t\t\n\t\t<div class=\"row\">\n\t\t\t<div class=\"col-12\">\n\t\t\t\t<div class=\"acf-innerblocks-container\">\n\n<h3 class=\"wp-block-heading has-text-align-center\">Autres domaines prioritaires<\/h3>\n\n\n\n<div style=\"height:24px\" aria-hidden=\"true\" class=\"wp-block-spacer\"><\/div>\n\n\n\n<div class=\"wp-block-group row is-layout-flex wp-block-group-is-layout-flex\">\n<div class=\"wp-block-group col-12 col-lg-4 mb-6 is-layout-flow wp-block-group-is-layout-flow\">\n<figure class=\"wp-block-image size-full\"><img loading=\"lazy\" decoding=\"async\" width=\"616\" height=\"345\" src=\"https:\/\/canadatelecoms.ca\/wp-content\/uploads\/2023\/04\/img-priorities-connecting2.jpg\" alt=\"\" class=\"wp-image-2313\" srcset=\"https:\/\/canadatelecoms.ca\/wp-content\/uploads\/2023\/04\/img-priorities-connecting2.jpg 616w, https:\/\/canadatelecoms.ca\/wp-content\/uploads\/2023\/04\/img-priorities-connecting2-300x168.jpg 300w\" sizes=\"auto, (max-width: 616px) 100vw, 616px\" \/><\/figure>\n\n\n\n<h4 class=\"wp-block-heading\">Connecter les Canadiens<\/h4>\n\n\n\n<div class=\"wp-block-buttons is-layout-flex wp-block-buttons-is-layout-flex\">\n<div class=\"wp-block-button is-style-btn-link\"><a class=\"wp-block-button__link wp-element-button\" href=\"https:\/\/canadatelecoms.ca\/fr\/nos-priorites\/connecter-les-canadiens\/\">En savoir plus<\/a><\/div>\n<\/div>\n<\/div>\n\n\n\n<div class=\"wp-block-group col-12 col-lg-4 mb-6 is-layout-flow wp-block-group-is-layout-flow\">\n<figure class=\"wp-block-image size-full\"><img loading=\"lazy\" decoding=\"async\" width=\"1230\" height=\"690\" src=\"https:\/\/canadatelecoms.ca\/wp-content\/uploads\/2023\/02\/img-priorities-competition.jpg\" alt=\"\" class=\"wp-image-200\" srcset=\"https:\/\/canadatelecoms.ca\/wp-content\/uploads\/2023\/02\/img-priorities-competition.jpg 1230w, https:\/\/canadatelecoms.ca\/wp-content\/uploads\/2023\/02\/img-priorities-competition-300x168.jpg 300w, https:\/\/canadatelecoms.ca\/wp-content\/uploads\/2023\/02\/img-priorities-competition-1024x574.jpg 1024w, https:\/\/canadatelecoms.ca\/wp-content\/uploads\/2023\/02\/img-priorities-competition-768x431.jpg 768w\" sizes=\"auto, (max-width: 1230px) 100vw, 1230px\" \/><\/figure>\n\n\n\n<h4 class=\"wp-block-heading\">Investissement<\/h4>\n\n\n\n<div class=\"wp-block-buttons is-layout-flex wp-block-buttons-is-layout-flex\">\n<div class=\"wp-block-button is-style-btn-link\"><a class=\"wp-block-button__link wp-element-button\" href=\"https:\/\/canadatelecoms.ca\/fr\/nos-priorites\/investissement\/\">En savoir plus<\/a><\/div>\n<\/div>\n<\/div>\n\n\n\n<div class=\"wp-block-group col-12 col-lg-4 mb-6 is-layout-flow wp-block-group-is-layout-flow\">\n<figure class=\"wp-block-image size-full\"><img loading=\"lazy\" decoding=\"async\" width=\"616\" height=\"345\" src=\"https:\/\/canadatelecoms.ca\/wp-content\/uploads\/2023\/04\/img-innovation2.jpg\" alt=\"\" class=\"wp-image-2319\" srcset=\"https:\/\/canadatelecoms.ca\/wp-content\/uploads\/2023\/04\/img-innovation2.jpg 616w, https:\/\/canadatelecoms.ca\/wp-content\/uploads\/2023\/04\/img-innovation2-300x168.jpg 300w\" sizes=\"auto, (max-width: 616px) 100vw, 616px\" \/><\/figure>\n\n\n\n<h4 class=\"wp-block-heading\">Innovation<\/h4>\n\n\n\n<div class=\"wp-block-buttons is-layout-flex wp-block-buttons-is-layout-flex\">\n<div class=\"wp-block-button is-style-btn-link\"><a class=\"wp-block-button__link wp-element-button\" href=\"https:\/\/canadatelecoms.ca\/fr\/nos-priorites\/innovation\/\">En savoir plus<\/a><\/div>\n<\/div>\n<\/div>\n\n\n\n<div class=\"wp-block-group col-12 col-lg-4 mb-6 is-layout-flow wp-block-group-is-layout-flow\">\n<figure class=\"wp-block-image size-full\"><img loading=\"lazy\" decoding=\"async\" width=\"616\" height=\"345\" src=\"https:\/\/canadatelecoms.ca\/wp-content\/uploads\/2023\/04\/img-priorities-spectrum2.jpg\" alt=\"\" class=\"wp-image-2305\" srcset=\"https:\/\/canadatelecoms.ca\/wp-content\/uploads\/2023\/04\/img-priorities-spectrum2.jpg 616w, https:\/\/canadatelecoms.ca\/wp-content\/uploads\/2023\/04\/img-priorities-spectrum2-300x168.jpg 300w\" sizes=\"auto, (max-width: 616px) 100vw, 616px\" \/><\/figure>\n\n\n\n<h4 class=\"wp-block-heading\">Spectre<\/h4>\n\n\n\n<div class=\"wp-block-buttons is-layout-flex wp-block-buttons-is-layout-flex\">\n<div class=\"wp-block-button is-style-btn-link\"><a class=\"wp-block-button__link wp-element-button\" href=\"https:\/\/canadatelecoms.ca\/fr\/nos-priorites\/spectre\/\">En savoir plus<\/a><\/div>\n<\/div>\n<\/div>\n\n\n\n<div class=\"wp-block-group col-12 col-lg-4 mb-6 is-layout-flow wp-block-group-is-layout-flow\">\n<figure class=\"wp-block-image size-full\"><img loading=\"lazy\" decoding=\"async\" width=\"820\" height=\"460\" src=\"https:\/\/canadatelecoms.ca\/wp-content\/uploads\/2023\/02\/img-priorities-communities.jpg\" alt=\"\" class=\"wp-image-199\" srcset=\"https:\/\/canadatelecoms.ca\/wp-content\/uploads\/2023\/02\/img-priorities-communities.jpg 820w, https:\/\/canadatelecoms.ca\/wp-content\/uploads\/2023\/02\/img-priorities-communities-300x168.jpg 300w, https:\/\/canadatelecoms.ca\/wp-content\/uploads\/2023\/02\/img-priorities-communities-768x431.jpg 768w\" sizes=\"auto, (max-width: 820px) 100vw, 820px\" \/><\/figure>\n\n\n\n<h4 class=\"wp-block-heading\">Souder les communaut\u00e9s<\/h4>\n\n\n\n<div class=\"wp-block-buttons is-layout-flex wp-block-buttons-is-layout-flex\">\n<div class=\"wp-block-button is-style-btn-link\"><a class=\"wp-block-button__link wp-element-button\" href=\"https:\/\/canadatelecoms.ca\/fr\/nos-priorites\/souder-les-communautes\/\">En savoir plus<\/a><\/div>\n<\/div>\n<\/div>\n\n\n\n<div class=\"wp-block-group col-12 col-lg-4 mb-6 is-layout-flow wp-block-group-is-layout-flow\">\n<figure class=\"wp-block-image size-full\"><img loading=\"lazy\" decoding=\"async\" width=\"616\" height=\"345\" src=\"https:\/\/canadatelecoms.ca\/wp-content\/uploads\/2023\/02\/img-priorities-ps.jpg\" alt=\"\" class=\"wp-image-114\" srcset=\"https:\/\/canadatelecoms.ca\/wp-content\/uploads\/2023\/02\/img-priorities-ps.jpg 616w, https:\/\/canadatelecoms.ca\/wp-content\/uploads\/2023\/02\/img-priorities-ps-300x168.jpg 300w\" sizes=\"auto, (max-width: 616px) 100vw, 616px\" \/><\/figure>\n\n\n\n<h4 class=\"wp-block-heading\">S\u00e9curit\u00e9 publique<\/h4>\n\n\n\n<div class=\"wp-block-buttons is-layout-flex wp-block-buttons-is-layout-flex\">\n<div class=\"wp-block-button is-style-btn-link\"><a class=\"wp-block-button__link wp-element-button\" href=\"https:\/\/canadatelecoms.ca\/fr\/nos-priorites\/securite-publique\/\">En savoir plus<\/a><\/div>\n<\/div>\n<\/div>\n\n\n\n<div class=\"wp-block-group col-12 col-lg-4 mb-6 is-layout-flow wp-block-group-is-layout-flow\">\n<figure class=\"wp-block-image size-full\"><img loading=\"lazy\" decoding=\"async\" width=\"820\" height=\"460\" src=\"https:\/\/canadatelecoms.ca\/wp-content\/uploads\/2023\/02\/img-priorities-cybersecurity.jpg\" alt=\"\" class=\"wp-image-201\" srcset=\"https:\/\/canadatelecoms.ca\/wp-content\/uploads\/2023\/02\/img-priorities-cybersecurity.jpg 820w, https:\/\/canadatelecoms.ca\/wp-content\/uploads\/2023\/02\/img-priorities-cybersecurity-300x168.jpg 300w, https:\/\/canadatelecoms.ca\/wp-content\/uploads\/2023\/02\/img-priorities-cybersecurity-768x431.jpg 768w\" sizes=\"auto, (max-width: 820px) 100vw, 820px\" \/><\/figure>\n\n\n\n<h4 class=\"wp-block-heading\">Cybers\u00e9curit\u00e9 et vie priv\u00e9e<\/h4>\n\n\n\n<div class=\"wp-block-buttons is-layout-flex wp-block-buttons-is-layout-flex\">\n<div class=\"wp-block-button is-style-btn-link\"><a class=\"wp-block-button__link wp-element-button\" href=\"https:\/\/canadatelecoms.ca\/fr\/nos-priorites\/cybersecurite-et-vie-privee\/\">En savoir plus<\/a><\/div>\n<\/div>\n<\/div>\n\n\n\n<div class=\"wp-block-group col-12 col-lg-4 mb-6 is-layout-flow wp-block-group-is-layout-flow\">\n<figure class=\"wp-block-image size-full\"><img loading=\"lazy\" decoding=\"async\" width=\"820\" height=\"460\" src=\"https:\/\/canadatelecoms.ca\/wp-content\/uploads\/2023\/02\/img-priorities-climate.jpg\" alt=\"\" class=\"wp-image-198\" srcset=\"https:\/\/canadatelecoms.ca\/wp-content\/uploads\/2023\/02\/img-priorities-climate.jpg 820w, https:\/\/canadatelecoms.ca\/wp-content\/uploads\/2023\/02\/img-priorities-climate-300x168.jpg 300w, https:\/\/canadatelecoms.ca\/wp-content\/uploads\/2023\/02\/img-priorities-climate-768x431.jpg 768w\" sizes=\"auto, (max-width: 820px) 100vw, 820px\" \/><\/figure>\n\n\n\n<h4 class=\"wp-block-heading\">\u00c9coresponsabilit\u00e9<\/h4>\n\n\n\n<div class=\"wp-block-buttons is-layout-flex wp-block-buttons-is-layout-flex\">\n<div class=\"wp-block-button is-style-btn-link\"><a class=\"wp-block-button__link wp-element-button\" href=\"https:\/\/canadatelecoms.ca\/fr\/nos-priorites\/ecoresponsabilite\/\">En savoir plus<\/a><\/div>\n<\/div>\n<\/div>\n<\/div>\n\n<\/div>\n\t\t\t<\/div>\n\t\t<\/div>\n\t<\/div>\n<\/section>\n\n\n<div class=\"wp-block-columns are-vertically-aligned-center bg-gray-gradient content-max-width is-layout-flex wp-container-core-columns-is-layout-9d6595d7 wp-block-columns-is-layout-flex\">\n<div class=\"wp-block-column is-vertically-aligned-center is-layout-flow wp-block-column-is-layout-flow\" style=\"flex-basis:40%\">\n<figure class=\"wp-block-image aligncenter size-full mb-0\"><img loading=\"lazy\" decoding=\"async\" width=\"820\" height=\"728\" src=\"https:\/\/canadatelecoms.ca\/wp-content\/uploads\/2023\/02\/img-industry-cta-kc.jpg\" alt=\"\" class=\"wp-image-170\" srcset=\"https:\/\/canadatelecoms.ca\/wp-content\/uploads\/2023\/02\/img-industry-cta-kc.jpg 820w, https:\/\/canadatelecoms.ca\/wp-content\/uploads\/2023\/02\/img-industry-cta-kc-300x266.jpg 300w, https:\/\/canadatelecoms.ca\/wp-content\/uploads\/2023\/02\/img-industry-cta-kc-768x682.jpg 768w\" sizes=\"auto, (max-width: 820px) 100vw, 820px\" \/><\/figure>\n<\/div>\n\n\n\n<div class=\"wp-block-column is-vertically-aligned-center p-4 px-lg-5 pe-xl-6 is-layout-flow wp-block-column-is-layout-flow\" style=\"flex-basis:60%\">\n<h5 class=\"wp-block-heading\">Autres ressources<\/h5>\n\n\n\n<p>Pour en savoir plus sur l\u2019industrie des t\u00e9l\u00e9communications au Canada, notamment pour des statistiques, des rapports, des ressources pour les consommateurs et les derni\u00e8res nouvelles.<\/p>\n\n\n\n<div class=\"wp-block-buttons is-layout-flex wp-block-buttons-is-layout-flex\">\n<div class=\"wp-block-button is-style-btn-link\"><a class=\"wp-block-button__link wp-element-button\" href=\"https:\/\/canadatelecoms.ca\/fr\/knowledge-centre\/\">Centre de connaissances<\/a><\/div>\n<\/div>\n<\/div>\n<\/div>\n","protected":false},"excerpt":{"rendered":"<p>Autres ressources Pour en savoir plus sur l\u2019industrie des t\u00e9l\u00e9communications au Canada, notamment pour des statistiques, des rapports, des ressources pour les consommateurs et les derni\u00e8res nouvelles.<\/p>\n","protected":false},"author":2,"featured_media":247,"parent":586,"menu_order":9,"comment_status":"closed","ping_status":"closed","template":"","meta":{"_acf_changed":false,"inline_featured_image":false,"footnotes":""},"class_list":["post-1111","page","type-page","status-publish","has-post-thumbnail","hentry"],"acf":[],"_links":{"self":[{"href":"https:\/\/canadatelecoms.ca\/fr\/wp-json\/wp\/v2\/pages\/1111","targetHints":{"allow":["GET"]}}],"collection":[{"href":"https:\/\/canadatelecoms.ca\/fr\/wp-json\/wp\/v2\/pages"}],"about":[{"href":"https:\/\/canadatelecoms.ca\/fr\/wp-json\/wp\/v2\/types\/page"}],"author":[{"embeddable":true,"href":"https:\/\/canadatelecoms.ca\/fr\/wp-json\/wp\/v2\/users\/2"}],"replies":[{"embeddable":true,"href":"https:\/\/canadatelecoms.ca\/fr\/wp-json\/wp\/v2\/comments?post=1111"}],"version-history":[{"count":12,"href":"https:\/\/canadatelecoms.ca\/fr\/wp-json\/wp\/v2\/pages\/1111\/revisions"}],"predecessor-version":[{"id":2756,"href":"https:\/\/canadatelecoms.ca\/fr\/wp-json\/wp\/v2\/pages\/1111\/revisions\/2756"}],"up":[{"embeddable":true,"href":"https:\/\/canadatelecoms.ca\/fr\/wp-json\/wp\/v2\/pages\/586"}],"wp:featuredmedia":[{"embeddable":true,"href":"https:\/\/canadatelecoms.ca\/fr\/wp-json\/wp\/v2\/media\/247"}],"wp:attachment":[{"href":"https:\/\/canadatelecoms.ca\/fr\/wp-json\/wp\/v2\/media?parent=1111"}],"curies":[{"name":"wp","href":"https:\/\/api.w.org\/{rel}","templated":true}]}}