{"id":1109,"date":"2023-03-25T19:24:32","date_gmt":"2023-03-25T19:24:32","guid":{"rendered":"https:\/\/canadatelecoms.ca\/nos-priorites\/nos-priorites-souder-les-communautes\/"},"modified":"2023-04-28T17:21:31","modified_gmt":"2023-04-28T17:21:31","slug":"souder-les-communautes","status":"publish","type":"page","link":"https:\/\/canadatelecoms.ca\/fr\/nos-priorites\/souder-les-communautes\/","title":{"rendered":"Nos priorit\u00e9s : Souder les communaut\u00e9s"},"content":{"rendered":"<section id=\"columns-image-content-block_4d72bcf8bc059830e54d95298181f60c\" class=\"columns-image-content_block\">\n\t<div class=\"container pt-0 pb-0\">\t\t\t\t\n\t\t<div class=\"row align-items-center flex-column-reverse flex-lg-row \">\n\t\t\t<div class=\"col-12 col-lg-6 load-hidden fadein_up pe-xl-5\">\n\t\t\t\t<div class=\"acf-innerblocks-container\">\n\n<h1 class=\"wp-block-heading is-style-sm\">Souder les communaut\u00e9s<\/h1>\n\n\n\n<p class=\"is-style-lg\">Les investissements dans la connectivit\u00e9 permettent aux communaut\u00e9s de se brancher au reste du monde, et ainsi, de participer \u00e0 l\u2019\u00e9conomie num\u00e9rique, d\u2019avoir acc\u00e8s \u00e0 la t\u00e9l\u00e9m\u00e9decine et d\u2019apprendre en ligne. En plus de renforcer le tissu \u00e9conomique et social des communaut\u00e9s gr\u00e2ce \u00e0 une plus grande connectivit\u00e9, nos membres s\u2019engagent \u00e0 y contribuer de plusieurs autres fa\u00e7ons. <\/p>\n\n<\/div>\t\t\t\t\n\t\t\t<\/div>\n\t\t\t<div class=\"col-12 col-lg-6 ps-xl-5 mb-5 mb-lg-0 ps-xl-5   text-lg-end \">\n\t\t\t\t\t\t\t\t\t\t<img decoding=\"async\" class=\"content-image load-hidden fadein_up\" src=\"https:\/\/canadatelecoms.ca\/wp-content\/uploads\/2023\/04\/banner-strengthening-communitiesn.png\" alt=\"\" \/>\n\t\t\t\t\t\t\t\t\t\t\t\t\t\t\t\t\t\t\t\n\t\t\t<\/div>\n\t\t<\/div>\n\t<\/div>\n<\/section>\n\n<section id=\"section-block-block_5157859a13261b4c51dd04780eb44772\" class=\"section-block_block\">\n<div class=\"container pt-6 pb-0\">\t\t\t\t\n\t\t<div class=\"row\">\n\t\t\t<div class=\"col-12\">\n\t\t\t\t<div class=\"acf-innerblocks-container\">\n\n<div class=\"wp-block-group px-xl-8 mx-xxl-7 is-layout-constrained wp-block-group-is-layout-constrained\">\n<h2 class=\"wp-block-heading has-x-large-font-size\">Le r\u00f4le de l\u2019industrie<\/h2>\n\n\n\n<p>Nos membres emploient des milliers de Canadiens dans toutes les r\u00e9gions du pays, et leur contribution aux communaut\u00e9s locales constitue une partie importante de leurs activit\u00e9s.<\/p>\n\n\n\n<div style=\"height:20px\" aria-hidden=\"true\" class=\"wp-block-spacer\"><\/div>\n<ul style=\"list-style-type: none;\">\n\t\t<li>\n\t\t\t<h3 class=\"wp-block-heading is-style-md has-large-font-size\">Dons d\u2019entreprise<\/h3>\n\t\t       <p>Chaque ann\u00e9e, nos membres font collectivement des centaines de millions de dollars de dons de bienfaisance pour soutenir des causes dans une diversit\u00e9 de domaines, comme la sant\u00e9, les loisirs, les arts et l\u2019\u00e9ducation. Ils font don d\u2019appareils et de forfaits de services \u00e0 des victimes de violence conjugale, \u00e0 des \u00e9l\u00e8ves \u00e0 faible revenu et \u00e0 d\u2019autres populations ayant difficilement acc\u00e8s aux services en ligne.<\/p>\n\t\t<\/li>\n\t\t<div style=\"height:20px\" aria-hidden=\"true\" class=\"wp-block-spacer\"><\/div>\n\t\t<li>\n\t\t\t<h3 class=\"wp-block-heading is-style-md has-large-font-size\">Programmes de dons d\u2019employ\u00e9s<\/h3>\n\t\t       <p>En plus des dons d\u2019entreprise, les fournisseurs de services g\u00e8rent des programmes de dons par les employ\u00e9s, dans lesquels les employ\u00e9s choisissent les causes soutenues et les employeurs versent une contribution \u00e9gale ou compl\u00e9mentaire aux dons des employ\u00e9s. Les fournisseurs ont \u00e9galement leurs propres initiatives internes, par exemple des collectes de sang, des bourses d\u2019\u00e9tudes et des projets \u00e0 grande \u00e9chelle pour soutenir des causes comme la sant\u00e9 mentale. Des \u00e9quipes d\u2019employ\u00e9s participent \u00e0 des op\u00e9rations de nettoyage de quartiers et de cours d\u2019eau, \u00e0 des collectes de cadeaux pour les F\u00eates et \u00e0 la pr\u00e9paration de trousses de mat\u00e9riel scolaire pour les \u00e9coliers de la r\u00e9gion. Elles font \u00e9galement du b\u00e9n\u00e9volat aupr\u00e8s d\u2019organismes sans but lucratif tels que des banques alimentaires et des refuges pour animaux.<\/p>\n\t\t<\/li>\n\t\t<div style=\"height:20px\" aria-hidden=\"true\" class=\"wp-block-spacer\"><\/div>\n\t\t<li>\n\t\t\t<h3 class=\"wp-block-heading is-style-md has-large-font-size\">Communaut\u00e9s autochtones<\/h3>\n\t\t       <p>Le rapprochement avec les communaut\u00e9s autochtones est une priorit\u00e9 pour notre industrie. Des membres de notre secteur ont affirm\u00e9 leur engagement envers la D\u00e9claration des Nations Unies sur les droits des peuples autochtones et les appels \u00e0 l\u2019action de la Commission de v\u00e9rit\u00e9 et r\u00e9conciliation du Canada et ont mis en \u0153uvre des plans de r\u00e9conciliation pour soutenir leurs engagements. Dans ce m\u00eame esprit de r\u00e9conciliation, des fournisseurs de services ont entrepris un travail de rapprochement avec les communaut\u00e9s autochtones afin de soutenir une s\u00e9rie d\u2019activit\u00e9s, notamment l\u2019utilisation durable des terres et des ressources, le financement de l\u2019\u00e9ducation, le recrutement d\u2019employ\u00e9s autochtones et des projets d\u2019infrastructure men\u00e9s par les communaut\u00e9s.<\/p>\n\t\t<\/li>\n\t\t<div style=\"height:20px\" aria-hidden=\"true\" class=\"wp-block-spacer\"><\/div>\n\t<\/ul>\n\n\n\n<p>M\u00eame si un grand nombre d\u2019entreprises de notre secteur ont les yeux tourn\u00e9s vers les derni\u00e8res avanc\u00e9es technologiques et les tendances de l\u2019heure sur le march\u00e9, les mesures pour renforcer les liens et la collaboration avec les communaut\u00e9s comme celles cit\u00e9es en exemples sont au c\u0153ur de tout ce que fait notre secteur. <\/p>\n<\/div>\n\n<\/div>\n\t\t\t<\/div>\n\t\t<\/div>\n\t<\/div>\n<\/section>\n\n<section id=\"section-block-block_c237c564dfb24e20da405ecc7446954f\" class=\"section-block_block\">\n<div class=\"container pt-8 pb-5\">\t\t\t\t\n\t\t<div class=\"row\">\n\t\t\t<div class=\"col-12\">\n\t\t\t\t<div class=\"acf-innerblocks-container\">\n\n<h3 class=\"wp-block-heading has-text-align-center\">Autres domaines prioritaires<\/h3>\n\n\n\n<div style=\"height:24px\" aria-hidden=\"true\" class=\"wp-block-spacer\"><\/div>\n\n\n\n<div class=\"wp-block-group row is-layout-flex wp-block-group-is-layout-flex\">\n<div class=\"wp-block-group col-12 col-lg-4 mb-6 is-layout-flow wp-block-group-is-layout-flow\">\n<figure class=\"wp-block-image size-full\"><img loading=\"lazy\" decoding=\"async\" width=\"616\" height=\"345\" src=\"https:\/\/canadatelecoms.ca\/wp-content\/uploads\/2023\/04\/img-priorities-connecting2.jpg\" alt=\"\" class=\"wp-image-2313\" srcset=\"https:\/\/canadatelecoms.ca\/wp-content\/uploads\/2023\/04\/img-priorities-connecting2.jpg 616w, https:\/\/canadatelecoms.ca\/wp-content\/uploads\/2023\/04\/img-priorities-connecting2-300x168.jpg 300w\" sizes=\"auto, (max-width: 616px) 100vw, 616px\" \/><\/figure>\n\n\n\n<h4 class=\"wp-block-heading\">Connecter les Canadiens<\/h4>\n\n\n\n<div class=\"wp-block-buttons is-layout-flex wp-block-buttons-is-layout-flex\">\n<div class=\"wp-block-button is-style-btn-link\"><a class=\"wp-block-button__link wp-element-button\" href=\"https:\/\/canadatelecoms.ca\/fr\/nos-priorites\/connecter-les-canadiens\/\">En savoir plus<\/a><\/div>\n<\/div>\n<\/div>\n\n\n\n<div class=\"wp-block-group col-12 col-lg-4 mb-6 is-layout-flow wp-block-group-is-layout-flow\">\n<figure class=\"wp-block-image size-full\"><img loading=\"lazy\" decoding=\"async\" width=\"1230\" height=\"690\" src=\"https:\/\/canadatelecoms.ca\/wp-content\/uploads\/2023\/02\/img-priorities-competition.jpg\" alt=\"\" class=\"wp-image-200\" srcset=\"https:\/\/canadatelecoms.ca\/wp-content\/uploads\/2023\/02\/img-priorities-competition.jpg 1230w, https:\/\/canadatelecoms.ca\/wp-content\/uploads\/2023\/02\/img-priorities-competition-300x168.jpg 300w, https:\/\/canadatelecoms.ca\/wp-content\/uploads\/2023\/02\/img-priorities-competition-1024x574.jpg 1024w, https:\/\/canadatelecoms.ca\/wp-content\/uploads\/2023\/02\/img-priorities-competition-768x431.jpg 768w\" sizes=\"auto, (max-width: 1230px) 100vw, 1230px\" \/><\/figure>\n\n\n\n<h4 class=\"wp-block-heading\">Investissement<\/h4>\n\n\n\n<div class=\"wp-block-buttons is-layout-flex wp-block-buttons-is-layout-flex\">\n<div class=\"wp-block-button is-style-btn-link\"><a class=\"wp-block-button__link wp-element-button\" href=\"https:\/\/canadatelecoms.ca\/fr\/nos-priorites\/investissement\/\">En savoir plus<\/a><\/div>\n<\/div>\n<\/div>\n\n\n\n<div class=\"wp-block-group col-12 col-lg-4 mb-6 is-layout-flow wp-block-group-is-layout-flow\">\n<figure class=\"wp-block-image size-full\"><img loading=\"lazy\" decoding=\"async\" width=\"616\" height=\"345\" src=\"https:\/\/canadatelecoms.ca\/wp-content\/uploads\/2023\/04\/img-innovation2.jpg\" alt=\"\" class=\"wp-image-2319\" srcset=\"https:\/\/canadatelecoms.ca\/wp-content\/uploads\/2023\/04\/img-innovation2.jpg 616w, https:\/\/canadatelecoms.ca\/wp-content\/uploads\/2023\/04\/img-innovation2-300x168.jpg 300w\" sizes=\"auto, (max-width: 616px) 100vw, 616px\" \/><\/figure>\n\n\n\n<h4 class=\"wp-block-heading\">Innovation<\/h4>\n\n\n\n<div class=\"wp-block-buttons is-layout-flex wp-block-buttons-is-layout-flex\">\n<div class=\"wp-block-button is-style-btn-link\"><a class=\"wp-block-button__link wp-element-button\" href=\"https:\/\/canadatelecoms.ca\/fr\/nos-priorites\/innovation\/\">En savoir plus<\/a><\/div>\n<\/div>\n<\/div>\n\n\n\n<div class=\"wp-block-group col-12 col-lg-4 mb-6 is-layout-flow wp-block-group-is-layout-flow\">\n<figure class=\"wp-block-image size-full\"><img loading=\"lazy\" decoding=\"async\" width=\"616\" height=\"345\" src=\"https:\/\/canadatelecoms.ca\/wp-content\/uploads\/2023\/04\/img-priorities-spectrum2.jpg\" alt=\"\" class=\"wp-image-2305\" srcset=\"https:\/\/canadatelecoms.ca\/wp-content\/uploads\/2023\/04\/img-priorities-spectrum2.jpg 616w, https:\/\/canadatelecoms.ca\/wp-content\/uploads\/2023\/04\/img-priorities-spectrum2-300x168.jpg 300w\" sizes=\"auto, (max-width: 616px) 100vw, 616px\" \/><\/figure>\n\n\n\n<h4 class=\"wp-block-heading\">Spectre<\/h4>\n\n\n\n<div class=\"wp-block-buttons is-layout-flex wp-block-buttons-is-layout-flex\">\n<div class=\"wp-block-button is-style-btn-link\"><a class=\"wp-block-button__link wp-element-button\" href=\"https:\/\/canadatelecoms.ca\/fr\/nos-priorites\/spectre\/\">En savoir plus<\/a><\/div>\n<\/div>\n<\/div>\n\n\n\n<div class=\"wp-block-group col-12 col-lg-4 mb-6 is-layout-flow wp-block-group-is-layout-flow\">\n<figure class=\"wp-block-image size-full\"><img loading=\"lazy\" decoding=\"async\" width=\"820\" height=\"460\" src=\"https:\/\/canadatelecoms.ca\/wp-content\/uploads\/2023\/02\/img-priorities-accessibility.jpg\" alt=\"\" class=\"wp-image-197\" srcset=\"https:\/\/canadatelecoms.ca\/wp-content\/uploads\/2023\/02\/img-priorities-accessibility.jpg 820w, https:\/\/canadatelecoms.ca\/wp-content\/uploads\/2023\/02\/img-priorities-accessibility-300x168.jpg 300w, https:\/\/canadatelecoms.ca\/wp-content\/uploads\/2023\/02\/img-priorities-accessibility-768x431.jpg 768w\" sizes=\"auto, (max-width: 820px) 100vw, 820px\" \/><\/figure>\n\n\n\n<h4 class=\"wp-block-heading\">Accessibilit\u00e9<\/h4>\n\n\n\n<div class=\"wp-block-buttons is-layout-flex wp-block-buttons-is-layout-flex\">\n<div class=\"wp-block-button is-style-btn-link\"><a class=\"wp-block-button__link wp-element-button\" href=\"https:\/\/canadatelecoms.ca\/fr\/nos-priorites\/accessibilite\/\">En savoir plus<\/a><\/div>\n<\/div>\n<\/div>\n\n\n\n<div class=\"wp-block-group col-12 col-lg-4 mb-6 is-layout-flow wp-block-group-is-layout-flow\">\n<figure class=\"wp-block-image size-full\"><img loading=\"lazy\" decoding=\"async\" width=\"616\" height=\"345\" src=\"https:\/\/canadatelecoms.ca\/wp-content\/uploads\/2023\/02\/img-priorities-ps.jpg\" alt=\"\" class=\"wp-image-114\" srcset=\"https:\/\/canadatelecoms.ca\/wp-content\/uploads\/2023\/02\/img-priorities-ps.jpg 616w, https:\/\/canadatelecoms.ca\/wp-content\/uploads\/2023\/02\/img-priorities-ps-300x168.jpg 300w\" sizes=\"auto, (max-width: 616px) 100vw, 616px\" \/><\/figure>\n\n\n\n<h4 class=\"wp-block-heading\">S\u00e9curit\u00e9 publique<\/h4>\n\n\n\n<div class=\"wp-block-buttons is-layout-flex wp-block-buttons-is-layout-flex\">\n<div class=\"wp-block-button is-style-btn-link\"><a class=\"wp-block-button__link wp-element-button\" href=\"https:\/\/canadatelecoms.ca\/fr\/nos-priorites\/securite-publique\/\">En savoir plus<\/a><\/div>\n<\/div>\n<\/div>\n\n\n\n<div class=\"wp-block-group col-12 col-lg-4 mb-6 is-layout-flow wp-block-group-is-layout-flow\">\n<figure class=\"wp-block-image size-full\"><img loading=\"lazy\" decoding=\"async\" width=\"820\" height=\"460\" src=\"https:\/\/canadatelecoms.ca\/wp-content\/uploads\/2023\/02\/img-priorities-cybersecurity.jpg\" alt=\"\" class=\"wp-image-201\" srcset=\"https:\/\/canadatelecoms.ca\/wp-content\/uploads\/2023\/02\/img-priorities-cybersecurity.jpg 820w, https:\/\/canadatelecoms.ca\/wp-content\/uploads\/2023\/02\/img-priorities-cybersecurity-300x168.jpg 300w, https:\/\/canadatelecoms.ca\/wp-content\/uploads\/2023\/02\/img-priorities-cybersecurity-768x431.jpg 768w\" sizes=\"auto, (max-width: 820px) 100vw, 820px\" \/><\/figure>\n\n\n\n<h4 class=\"wp-block-heading\">Cybers\u00e9curit\u00e9 et vie priv\u00e9e<\/h4>\n\n\n\n<div class=\"wp-block-buttons is-layout-flex wp-block-buttons-is-layout-flex\">\n<div class=\"wp-block-button is-style-btn-link\"><a class=\"wp-block-button__link wp-element-button\" href=\"https:\/\/canadatelecoms.ca\/fr\/nos-priorites\/cybersecurite-et-vie-privee\/\">En savoir plus<\/a><\/div>\n<\/div>\n<\/div>\n\n\n\n<div class=\"wp-block-group col-12 col-lg-4 mb-6 is-layout-flow wp-block-group-is-layout-flow\">\n<figure class=\"wp-block-image size-full\"><img loading=\"lazy\" decoding=\"async\" width=\"820\" height=\"460\" src=\"https:\/\/canadatelecoms.ca\/wp-content\/uploads\/2023\/02\/img-priorities-climate.jpg\" alt=\"\" class=\"wp-image-198\" srcset=\"https:\/\/canadatelecoms.ca\/wp-content\/uploads\/2023\/02\/img-priorities-climate.jpg 820w, https:\/\/canadatelecoms.ca\/wp-content\/uploads\/2023\/02\/img-priorities-climate-300x168.jpg 300w, https:\/\/canadatelecoms.ca\/wp-content\/uploads\/2023\/02\/img-priorities-climate-768x431.jpg 768w\" sizes=\"auto, (max-width: 820px) 100vw, 820px\" \/><\/figure>\n\n\n\n<h4 class=\"wp-block-heading\">\u00c9coresponsabilit\u00e9<\/h4>\n\n\n\n<div class=\"wp-block-buttons is-layout-flex wp-block-buttons-is-layout-flex\">\n<div class=\"wp-block-button is-style-btn-link\"><a class=\"wp-block-button__link wp-element-button\" href=\"https:\/\/canadatelecoms.ca\/fr\/nos-priorites\/ecoresponsabilite\/\">En savoir plus<\/a><\/div>\n<\/div>\n<\/div>\n<\/div>\n\n<\/div>\n\t\t\t<\/div>\n\t\t<\/div>\n\t<\/div>\n<\/section>\n\n\n<div class=\"wp-block-columns are-vertically-aligned-center bg-gray-gradient content-max-width is-layout-flex wp-container-core-columns-is-layout-9d6595d7 wp-block-columns-is-layout-flex\">\n<div class=\"wp-block-column is-vertically-aligned-center is-layout-flow wp-block-column-is-layout-flow\" style=\"flex-basis:40%\">\n<figure class=\"wp-block-image aligncenter size-full mb-0\"><img loading=\"lazy\" decoding=\"async\" width=\"820\" height=\"728\" src=\"https:\/\/canadatelecoms.ca\/wp-content\/uploads\/2023\/02\/img-industry-cta-kc.jpg\" alt=\"\" class=\"wp-image-170\" srcset=\"https:\/\/canadatelecoms.ca\/wp-content\/uploads\/2023\/02\/img-industry-cta-kc.jpg 820w, https:\/\/canadatelecoms.ca\/wp-content\/uploads\/2023\/02\/img-industry-cta-kc-300x266.jpg 300w, https:\/\/canadatelecoms.ca\/wp-content\/uploads\/2023\/02\/img-industry-cta-kc-768x682.jpg 768w\" sizes=\"auto, (max-width: 820px) 100vw, 820px\" \/><\/figure>\n<\/div>\n\n\n\n<div class=\"wp-block-column is-vertically-aligned-center p-4 px-lg-5 pe-xl-6 is-layout-flow wp-block-column-is-layout-flow\" style=\"flex-basis:60%\">\n<h5 class=\"wp-block-heading\">Autres ressources<\/h5>\n\n\n\n<p>Pour en savoir plus sur l\u2019industrie des t\u00e9l\u00e9communications au Canada, notamment pour des statistiques, des rapports, des ressources pour les consommateurs et les derni\u00e8res nouvelles.<\/p>\n\n\n\n<div class=\"wp-block-buttons is-layout-flex wp-block-buttons-is-layout-flex\">\n<div class=\"wp-block-button is-style-btn-link\"><a class=\"wp-block-button__link wp-element-button\" href=\"https:\/\/canadatelecoms.ca\/fr\/knowledge-centre\/\">Centre de connaissances<\/a><\/div>\n<\/div>\n<\/div>\n<\/div>\n","protected":false},"excerpt":{"rendered":"<p>Autres ressources Pour en savoir plus sur l\u2019industrie des t\u00e9l\u00e9communications au Canada, notamment pour des statistiques, des rapports, des ressources pour les consommateurs et les derni\u00e8res nouvelles.<\/p>\n","protected":false},"author":2,"featured_media":249,"parent":586,"menu_order":8,"comment_status":"closed","ping_status":"closed","template":"","meta":{"_acf_changed":false,"inline_featured_image":false,"footnotes":""},"class_list":["post-1109","page","type-page","status-publish","has-post-thumbnail","hentry"],"acf":[],"_links":{"self":[{"href":"https:\/\/canadatelecoms.ca\/fr\/wp-json\/wp\/v2\/pages\/1109","targetHints":{"allow":["GET"]}}],"collection":[{"href":"https:\/\/canadatelecoms.ca\/fr\/wp-json\/wp\/v2\/pages"}],"about":[{"href":"https:\/\/canadatelecoms.ca\/fr\/wp-json\/wp\/v2\/types\/page"}],"author":[{"embeddable":true,"href":"https:\/\/canadatelecoms.ca\/fr\/wp-json\/wp\/v2\/users\/2"}],"replies":[{"embeddable":true,"href":"https:\/\/canadatelecoms.ca\/fr\/wp-json\/wp\/v2\/comments?post=1109"}],"version-history":[{"count":9,"href":"https:\/\/canadatelecoms.ca\/fr\/wp-json\/wp\/v2\/pages\/1109\/revisions"}],"predecessor-version":[{"id":2757,"href":"https:\/\/canadatelecoms.ca\/fr\/wp-json\/wp\/v2\/pages\/1109\/revisions\/2757"}],"up":[{"embeddable":true,"href":"https:\/\/canadatelecoms.ca\/fr\/wp-json\/wp\/v2\/pages\/586"}],"wp:featuredmedia":[{"embeddable":true,"href":"https:\/\/canadatelecoms.ca\/fr\/wp-json\/wp\/v2\/media\/249"}],"wp:attachment":[{"href":"https:\/\/canadatelecoms.ca\/fr\/wp-json\/wp\/v2\/media?parent=1109"}],"curies":[{"name":"wp","href":"https:\/\/api.w.org\/{rel}","templated":true}]}}