{"id":1107,"date":"2023-03-25T19:03:03","date_gmt":"2023-03-25T19:03:03","guid":{"rendered":"https:\/\/canadatelecoms.ca\/nos-priorites\/nos-priorites-spectre\/"},"modified":"2023-04-28T17:21:42","modified_gmt":"2023-04-28T17:21:42","slug":"spectre","status":"publish","type":"page","link":"https:\/\/canadatelecoms.ca\/fr\/nos-priorites\/spectre\/","title":{"rendered":"Nos priorit\u00e9s : Spectre"},"content":{"rendered":"<section id=\"columns-image-content-block_1aee09f5030594f5ef74a8cd2e0b0248\" class=\"columns-image-content_block\">\n\t<div class=\"container pt-0 pb-0\">\t\t\t\t\n\t\t<div class=\"row align-items-center flex-column-reverse flex-lg-row \">\n\t\t\t<div class=\"col-12 col-lg-6 load-hidden fadein_up pe-xl-5\">\n\t\t\t\t<div class=\"acf-innerblocks-container\">\n\n<h1 class=\"wp-block-heading is-style-sm\">Spectre<\/h1>\n\n\n\n<p class=\"is-style-lg\">Les communications sans fil reposent sur l\u2019utilisation des radiofr\u00e9quences, ou spectre de radiofr\u00e9quences. Il est essentiel de disposer en tout temps d\u2019un nombre suffisant de fr\u00e9quences \u00e0 attribuer pour soutenir la demande croissante de services mobiles. <\/p>\n\n<\/div>\t\t\t\t\n\t\t\t<\/div>\n\t\t\t<div class=\"col-12 col-lg-6 ps-xl-5 mb-5 mb-lg-0 ps-xl-5   text-lg-end \">\n\t\t\t\t\t\t\t\t\t\t<img decoding=\"async\" class=\"content-image load-hidden fadein_up\" src=\"https:\/\/canadatelecoms.ca\/wp-content\/uploads\/2023\/04\/banner-spectrum.png\" alt=\"\" \/>\n\t\t\t\t\t\t\t\t\t\t\t\t\t\t\t\t\t\t\t\n\t\t\t<\/div>\n\t\t<\/div>\n\t<\/div>\n<\/section>\n\n<section id=\"section-block-block_3e2c42bc98dd71713fafb8bf98391628\" class=\"section-block_block\">\n<div class=\"container pt-6 pb-0\">\t\t\t\t\n\t\t<div class=\"row\">\n\t\t\t<div class=\"col-12\">\n\t\t\t\t<div class=\"acf-innerblocks-container\">\n\n<div class=\"wp-block-group px-xl-8 mx-xxl-7 is-layout-constrained wp-block-group-is-layout-constrained\">\n<h2 class=\"wp-block-heading has-x-large-font-size\">Le r\u00f4le de l\u2019industrie<\/h2>\n\n\n\n<p>Les Canadiens font une utilisation plus importante que jamais de services et de contenus mobiles. L\u2019essor de la connectivit\u00e9 mobile et l\u2019accroissement du trafic de donn\u00e9es ne feront que s\u2019intensifier avec la mont\u00e9e de l\u2019Internet des objets et les applications supposant une utilisation massive de donn\u00e9es comme la r\u00e9alit\u00e9 virtuelle et la vid\u00e9o. Pour r\u00e9pondre \u00e0 la demande, il faut pouvoir mettre \u00e0 la disposition des exploitants de services mobiles un spectre de fr\u00e9quences suffisant pour r\u00e9pondre aux besoins de couverture et de capacit\u00e9. <\/p>\n\n\n\n<p>Le secteur canadien du sans-fil a d\u00e9montr\u00e9 sa capacit\u00e9 \u00e0 cr\u00e9er de la valeur tant \u00e9conomique que sociale gr\u00e2ce \u00e0 ses investissements continus dans l\u2019infrastructure num\u00e9rique et l\u2019innovation. L\u2019objectif premier de l\u2019attribution des radiofr\u00e9quences devrait \u00eatre d\u2019encourager l\u2019utilisation efficace du spectre et l\u2019investissement continu dans l\u2019infrastructure sans fil n\u00e9cessaire pour en optimiser l\u2019utilisation afin d\u2019\u00e9tendre la couverture offerte et de maximiser le rendement des r\u00e9seaux.<\/p>\n<\/div>\n\n<\/div>\n\t\t\t<\/div>\n\t\t<\/div>\n\t<\/div>\n<\/section>\n\n<section id=\"section-block-block_2b3f09baf37ca0ed1355d773fb85050e\" class=\"section-block_block\">\n<div class=\"container pt-8 pb-5\">\t\t\t\t\n\t\t<div class=\"row\">\n\t\t\t<div class=\"col-12\">\n\t\t\t\t<div class=\"acf-innerblocks-container\">\n\n<h3 class=\"wp-block-heading has-text-align-center\">Autres domaines prioritaires<\/h3>\n\n\n\n<div style=\"height:24px\" aria-hidden=\"true\" class=\"wp-block-spacer\"><\/div>\n\n\n\n<div class=\"wp-block-group row is-layout-flex wp-block-group-is-layout-flex\">\n<div class=\"wp-block-group col-12 col-lg-4 mb-6 is-layout-flow wp-block-group-is-layout-flow\">\n<figure class=\"wp-block-image size-full\"><img loading=\"lazy\" decoding=\"async\" width=\"616\" height=\"345\" src=\"https:\/\/canadatelecoms.ca\/wp-content\/uploads\/2023\/04\/img-priorities-connecting2.jpg\" alt=\"\" class=\"wp-image-2313\" srcset=\"https:\/\/canadatelecoms.ca\/wp-content\/uploads\/2023\/04\/img-priorities-connecting2.jpg 616w, https:\/\/canadatelecoms.ca\/wp-content\/uploads\/2023\/04\/img-priorities-connecting2-300x168.jpg 300w\" sizes=\"auto, (max-width: 616px) 100vw, 616px\" \/><\/figure>\n\n\n\n<h4 class=\"wp-block-heading\">Connecter les Canadiens<\/h4>\n\n\n\n<div class=\"wp-block-buttons is-layout-flex wp-block-buttons-is-layout-flex\">\n<div class=\"wp-block-button is-style-btn-link\"><a class=\"wp-block-button__link wp-element-button\" href=\"https:\/\/canadatelecoms.ca\/fr\/nos-priorites\/connecter-les-canadiens\/\">En savoir plus<\/a><\/div>\n<\/div>\n<\/div>\n\n\n\n<div class=\"wp-block-group col-12 col-lg-4 mb-6 is-layout-flow wp-block-group-is-layout-flow\">\n<figure class=\"wp-block-image size-full\"><img loading=\"lazy\" decoding=\"async\" width=\"1230\" height=\"690\" src=\"https:\/\/canadatelecoms.ca\/wp-content\/uploads\/2023\/02\/img-priorities-competition.jpg\" alt=\"\" class=\"wp-image-200\" srcset=\"https:\/\/canadatelecoms.ca\/wp-content\/uploads\/2023\/02\/img-priorities-competition.jpg 1230w, https:\/\/canadatelecoms.ca\/wp-content\/uploads\/2023\/02\/img-priorities-competition-300x168.jpg 300w, https:\/\/canadatelecoms.ca\/wp-content\/uploads\/2023\/02\/img-priorities-competition-1024x574.jpg 1024w, https:\/\/canadatelecoms.ca\/wp-content\/uploads\/2023\/02\/img-priorities-competition-768x431.jpg 768w\" sizes=\"auto, (max-width: 1230px) 100vw, 1230px\" \/><\/figure>\n\n\n\n<h4 class=\"wp-block-heading\">Investissement<\/h4>\n\n\n\n<div class=\"wp-block-buttons is-layout-flex wp-block-buttons-is-layout-flex\">\n<div class=\"wp-block-button is-style-btn-link\"><a class=\"wp-block-button__link wp-element-button\" href=\"https:\/\/canadatelecoms.ca\/fr\/nos-priorites\/investissement\/\">En savoir plus<\/a><\/div>\n<\/div>\n<\/div>\n\n\n\n<div class=\"wp-block-group col-12 col-lg-4 mb-6 is-layout-flow wp-block-group-is-layout-flow\">\n<figure class=\"wp-block-image size-full\"><img loading=\"lazy\" decoding=\"async\" width=\"616\" height=\"345\" src=\"https:\/\/canadatelecoms.ca\/wp-content\/uploads\/2023\/04\/img-innovation2.jpg\" alt=\"\" class=\"wp-image-2319\" srcset=\"https:\/\/canadatelecoms.ca\/wp-content\/uploads\/2023\/04\/img-innovation2.jpg 616w, https:\/\/canadatelecoms.ca\/wp-content\/uploads\/2023\/04\/img-innovation2-300x168.jpg 300w\" sizes=\"auto, (max-width: 616px) 100vw, 616px\" \/><\/figure>\n\n\n\n<h4 class=\"wp-block-heading\">Innovation<\/h4>\n\n\n\n<div class=\"wp-block-buttons is-layout-flex wp-block-buttons-is-layout-flex\">\n<div class=\"wp-block-button is-style-btn-link\"><a class=\"wp-block-button__link wp-element-button\" href=\"https:\/\/canadatelecoms.ca\/fr\/nos-priorites\/innovation\/\">En savoir plus<\/a><\/div>\n<\/div>\n<\/div>\n\n\n\n<div class=\"wp-block-group col-12 col-lg-4 mb-6 is-layout-flow wp-block-group-is-layout-flow\">\n<figure class=\"wp-block-image size-full\"><img loading=\"lazy\" decoding=\"async\" width=\"820\" height=\"460\" src=\"https:\/\/canadatelecoms.ca\/wp-content\/uploads\/2023\/02\/img-priorities-communities.jpg\" alt=\"\" class=\"wp-image-199\" srcset=\"https:\/\/canadatelecoms.ca\/wp-content\/uploads\/2023\/02\/img-priorities-communities.jpg 820w, https:\/\/canadatelecoms.ca\/wp-content\/uploads\/2023\/02\/img-priorities-communities-300x168.jpg 300w, https:\/\/canadatelecoms.ca\/wp-content\/uploads\/2023\/02\/img-priorities-communities-768x431.jpg 768w\" sizes=\"auto, (max-width: 820px) 100vw, 820px\" \/><\/figure>\n\n\n\n<h4 class=\"wp-block-heading\">Souder les communaut\u00e9s<\/h4>\n\n\n\n<div class=\"wp-block-buttons is-layout-flex wp-block-buttons-is-layout-flex\">\n<div class=\"wp-block-button is-style-btn-link\"><a class=\"wp-block-button__link wp-element-button\" href=\"https:\/\/canadatelecoms.ca\/fr\/nos-priorites\/souder-les-communautes\/\">En savoir plus<\/a><\/div>\n<\/div>\n<\/div>\n\n\n\n<div class=\"wp-block-group col-12 col-lg-4 mb-6 is-layout-flow wp-block-group-is-layout-flow\">\n<figure class=\"wp-block-image size-full\"><img loading=\"lazy\" decoding=\"async\" width=\"820\" height=\"460\" src=\"https:\/\/canadatelecoms.ca\/wp-content\/uploads\/2023\/02\/img-priorities-accessibility.jpg\" alt=\"\" class=\"wp-image-197\" srcset=\"https:\/\/canadatelecoms.ca\/wp-content\/uploads\/2023\/02\/img-priorities-accessibility.jpg 820w, https:\/\/canadatelecoms.ca\/wp-content\/uploads\/2023\/02\/img-priorities-accessibility-300x168.jpg 300w, https:\/\/canadatelecoms.ca\/wp-content\/uploads\/2023\/02\/img-priorities-accessibility-768x431.jpg 768w\" sizes=\"auto, (max-width: 820px) 100vw, 820px\" \/><\/figure>\n\n\n\n<h4 class=\"wp-block-heading\">Accessibilit\u00e9<\/h4>\n\n\n\n<div class=\"wp-block-buttons is-layout-flex wp-block-buttons-is-layout-flex\">\n<div class=\"wp-block-button is-style-btn-link\"><a class=\"wp-block-button__link wp-element-button\" href=\"https:\/\/canadatelecoms.ca\/fr\/nos-priorites\/accessibilite\/\">En savoir plus<\/a><\/div>\n<\/div>\n<\/div>\n\n\n\n<div class=\"wp-block-group col-12 col-lg-4 mb-6 is-layout-flow wp-block-group-is-layout-flow\">\n<figure class=\"wp-block-image size-full\"><img loading=\"lazy\" decoding=\"async\" width=\"616\" height=\"345\" src=\"https:\/\/canadatelecoms.ca\/wp-content\/uploads\/2023\/02\/img-priorities-ps.jpg\" alt=\"\" class=\"wp-image-114\" srcset=\"https:\/\/canadatelecoms.ca\/wp-content\/uploads\/2023\/02\/img-priorities-ps.jpg 616w, https:\/\/canadatelecoms.ca\/wp-content\/uploads\/2023\/02\/img-priorities-ps-300x168.jpg 300w\" sizes=\"auto, (max-width: 616px) 100vw, 616px\" \/><\/figure>\n\n\n\n<h4 class=\"wp-block-heading\">S\u00e9curit\u00e9 publique<\/h4>\n\n\n\n<div class=\"wp-block-buttons is-layout-flex wp-block-buttons-is-layout-flex\">\n<div class=\"wp-block-button is-style-btn-link\"><a class=\"wp-block-button__link wp-element-button\" href=\"https:\/\/canadatelecoms.ca\/fr\/nos-priorites\/securite-publique\/\">En savoir plus<\/a><\/div>\n<\/div>\n<\/div>\n\n\n\n<div class=\"wp-block-group col-12 col-lg-4 mb-6 is-layout-flow wp-block-group-is-layout-flow\">\n<figure class=\"wp-block-image size-full\"><img loading=\"lazy\" decoding=\"async\" width=\"820\" height=\"460\" src=\"https:\/\/canadatelecoms.ca\/wp-content\/uploads\/2023\/02\/img-priorities-cybersecurity.jpg\" alt=\"\" class=\"wp-image-201\" srcset=\"https:\/\/canadatelecoms.ca\/wp-content\/uploads\/2023\/02\/img-priorities-cybersecurity.jpg 820w, https:\/\/canadatelecoms.ca\/wp-content\/uploads\/2023\/02\/img-priorities-cybersecurity-300x168.jpg 300w, https:\/\/canadatelecoms.ca\/wp-content\/uploads\/2023\/02\/img-priorities-cybersecurity-768x431.jpg 768w\" sizes=\"auto, (max-width: 820px) 100vw, 820px\" \/><\/figure>\n\n\n\n<h4 class=\"wp-block-heading\">Cybers\u00e9curit\u00e9 et vie priv\u00e9e<\/h4>\n\n\n\n<div class=\"wp-block-buttons is-layout-flex wp-block-buttons-is-layout-flex\">\n<div class=\"wp-block-button is-style-btn-link\"><a class=\"wp-block-button__link wp-element-button\" href=\"https:\/\/canadatelecoms.ca\/fr\/nos-priorites\/cybersecurite-et-vie-privee\/\">En savoir plus<\/a><\/div>\n<\/div>\n<\/div>\n\n\n\n<div class=\"wp-block-group col-12 col-lg-4 mb-6 is-layout-flow wp-block-group-is-layout-flow\">\n<figure class=\"wp-block-image size-full\"><img loading=\"lazy\" decoding=\"async\" width=\"820\" height=\"460\" src=\"https:\/\/canadatelecoms.ca\/wp-content\/uploads\/2023\/02\/img-priorities-climate.jpg\" alt=\"\" class=\"wp-image-198\" srcset=\"https:\/\/canadatelecoms.ca\/wp-content\/uploads\/2023\/02\/img-priorities-climate.jpg 820w, https:\/\/canadatelecoms.ca\/wp-content\/uploads\/2023\/02\/img-priorities-climate-300x168.jpg 300w, https:\/\/canadatelecoms.ca\/wp-content\/uploads\/2023\/02\/img-priorities-climate-768x431.jpg 768w\" sizes=\"auto, (max-width: 820px) 100vw, 820px\" \/><\/figure>\n\n\n\n<h4 class=\"wp-block-heading\">\u00c9coresponsabilit\u00e9<\/h4>\n\n\n\n<div class=\"wp-block-buttons is-layout-flex wp-block-buttons-is-layout-flex\">\n<div class=\"wp-block-button is-style-btn-link\"><a class=\"wp-block-button__link wp-element-button\" href=\"https:\/\/canadatelecoms.ca\/fr\/nos-priorites\/ecoresponsabilite\/\">En savoir plus<\/a><\/div>\n<\/div>\n<\/div>\n<\/div>\n\n<\/div>\n\t\t\t<\/div>\n\t\t<\/div>\n\t<\/div>\n<\/section>\n\n\n<div class=\"wp-block-columns are-vertically-aligned-center bg-gray-gradient content-max-width is-layout-flex wp-container-core-columns-is-layout-9d6595d7 wp-block-columns-is-layout-flex\">\n<div class=\"wp-block-column is-vertically-aligned-center is-layout-flow wp-block-column-is-layout-flow\" style=\"flex-basis:40%\">\n<figure class=\"wp-block-image aligncenter size-full mb-0\"><img loading=\"lazy\" decoding=\"async\" width=\"820\" height=\"728\" src=\"https:\/\/canadatelecoms.ca\/wp-content\/uploads\/2023\/02\/img-industry-cta-kc.jpg\" alt=\"\" class=\"wp-image-170\" srcset=\"https:\/\/canadatelecoms.ca\/wp-content\/uploads\/2023\/02\/img-industry-cta-kc.jpg 820w, https:\/\/canadatelecoms.ca\/wp-content\/uploads\/2023\/02\/img-industry-cta-kc-300x266.jpg 300w, https:\/\/canadatelecoms.ca\/wp-content\/uploads\/2023\/02\/img-industry-cta-kc-768x682.jpg 768w\" sizes=\"auto, (max-width: 820px) 100vw, 820px\" \/><\/figure>\n<\/div>\n\n\n\n<div class=\"wp-block-column is-vertically-aligned-center p-4 px-lg-5 pe-xl-6 is-layout-flow wp-block-column-is-layout-flow\" style=\"flex-basis:60%\">\n<h5 class=\"wp-block-heading\">Autres ressources<\/h5>\n\n\n\n<p>Pour en savoir plus sur l\u2019industrie des t\u00e9l\u00e9communications au Canada, notamment pour des statistiques, des rapports, des ressources pour les consommateurs et les derni\u00e8res nouvelles.<\/p>\n\n\n\n<div class=\"wp-block-buttons is-layout-flex wp-block-buttons-is-layout-flex\">\n<div class=\"wp-block-button is-style-btn-link\"><a class=\"wp-block-button__link wp-element-button\" href=\"https:\/\/canadatelecoms.ca\/fr\/knowledge-centre\/\">Centre de connaissances<\/a><\/div>\n<\/div>\n<\/div>\n<\/div>\n","protected":false},"excerpt":{"rendered":"<p>Autres ressources Pour en savoir plus sur l\u2019industrie des t\u00e9l\u00e9communications au Canada, notamment pour des statistiques, des rapports, des ressources pour les consommateurs et les derni\u00e8res nouvelles.<\/p>\n","protected":false},"author":2,"featured_media":252,"parent":586,"menu_order":7,"comment_status":"closed","ping_status":"closed","template":"","meta":{"_acf_changed":false,"inline_featured_image":false,"footnotes":""},"class_list":["post-1107","page","type-page","status-publish","has-post-thumbnail","hentry"],"acf":[],"_links":{"self":[{"href":"https:\/\/canadatelecoms.ca\/fr\/wp-json\/wp\/v2\/pages\/1107","targetHints":{"allow":["GET"]}}],"collection":[{"href":"https:\/\/canadatelecoms.ca\/fr\/wp-json\/wp\/v2\/pages"}],"about":[{"href":"https:\/\/canadatelecoms.ca\/fr\/wp-json\/wp\/v2\/types\/page"}],"author":[{"embeddable":true,"href":"https:\/\/canadatelecoms.ca\/fr\/wp-json\/wp\/v2\/users\/2"}],"replies":[{"embeddable":true,"href":"https:\/\/canadatelecoms.ca\/fr\/wp-json\/wp\/v2\/comments?post=1107"}],"version-history":[{"count":11,"href":"https:\/\/canadatelecoms.ca\/fr\/wp-json\/wp\/v2\/pages\/1107\/revisions"}],"predecessor-version":[{"id":2758,"href":"https:\/\/canadatelecoms.ca\/fr\/wp-json\/wp\/v2\/pages\/1107\/revisions\/2758"}],"up":[{"embeddable":true,"href":"https:\/\/canadatelecoms.ca\/fr\/wp-json\/wp\/v2\/pages\/586"}],"wp:featuredmedia":[{"embeddable":true,"href":"https:\/\/canadatelecoms.ca\/fr\/wp-json\/wp\/v2\/media\/252"}],"wp:attachment":[{"href":"https:\/\/canadatelecoms.ca\/fr\/wp-json\/wp\/v2\/media?parent=1107"}],"curies":[{"name":"wp","href":"https:\/\/api.w.org\/{rel}","templated":true}]}}